{"id":4943,"date":"2023-01-11T08:10:42","date_gmt":"2023-01-11T08:10:42","guid":{"rendered":"https:\/\/restorestudio.sk\/?page_id=4943"},"modified":"2025-03-08T08:07:46","modified_gmt":"2025-03-08T08:07:46","slug":"impressum","status":"publish","type":"page","link":"https:\/\/restorestudio.sk\/de\/impressum\/","title":{"rendered":"Impressum"},"content":{"rendered":"<p>Inhaber: RESTORE STUDIO s. r. o.<\/p>\n<p>I\u010cO: 56688300<br \/>\nDI\u010c: 2122393262<br \/>\nHauptsitz: Klimkovi\u010dova 1843\/7 841 01 Bratislava \u2013 mestsk\u00e1 \u010das\u0165 D\u00fabravka<\/p>\n<p>Kontakt: Restore Studio<br \/>\nPekn\u00e1 vyhliadka 1<br \/>\n(Martina Granca 44)<br \/>\n841 02<br \/>\nBratislava, Slowakei<\/p>\n<p>Email: info@restorestudio.sk<br \/>\nTelefon: +421918036174<br \/>\nVerantwortlich f\u00fcr den Inhalt dieser Website: [Madviso s.r.o.,Le\u0161kova 3017\/8, 811 04, Bratislava Star\u00e9 Mesto, info@madviso.com, +421 905 343 785<\/p>\n<p>Hinweis: Die im Impressum enthaltenen Informationen h\u00e4ngen von den Gesetzen und Vorschriften des Landes ab, in dem sich die Website befindet, sowie von den spezifischen Bed\u00fcrfnissen und Zielen des Website-Besitzers. Dies ist nur ein allgemeines Beispiel, um Ihnen eine Vorstellung davon zu geben, welche Arten von Informationen im Impressum enthalten sein k\u00f6nnten.<\/p>\n","protected":false},"excerpt":{"rendered":"<p>Inhaber: RESTORE STUDIO s. r. o. I\u010cO: 56688300 DI\u010c: 2122393262 Hauptsitz: Klimkovi\u010dova 1843\/7 841 01 Bratislava \u2013 mestsk\u00e1 \u010das\u0165 D\u00fabravka Kontakt: Restore Studio Pekn\u00e1 vyhliadka 1 (Martina Granca 44) 841 02 Bratislava, Slowakei Email: info@restorestudio.sk Telefon: +421918036174 Verantwortlich f\u00fcr den [&hellip;]<\/p>\n","protected":false},"author":5,"featured_media":0,"parent":0,"menu_order":0,"comment_status":"closed","ping_status":"closed","template":"","meta":{"ngg_post_thumbnail":0,"footnotes":""},"class_list":["post-4943","page","type-page","status-publish","hentry"],"aioseo_notices":[],"_links":{"self":[{"href":"https:\/\/restorestudio.sk\/de\/wp-json\/wp\/v2\/pages\/4943","targetHints":{"allow":["GET"]}}],"collection":[{"href":"https:\/\/restorestudio.sk\/de\/wp-json\/wp\/v2\/pages"}],"about":[{"href":"https:\/\/restorestudio.sk\/de\/wp-json\/wp\/v2\/types\/page"}],"author":[{"embeddable":true,"href":"https:\/\/restorestudio.sk\/de\/wp-json\/wp\/v2\/users\/5"}],"replies":[{"embeddable":true,"href":"https:\/\/restorestudio.sk\/de\/wp-json\/wp\/v2\/comments?post=4943"}],"version-history":[{"count":2,"href":"https:\/\/restorestudio.sk\/de\/wp-json\/wp\/v2\/pages\/4943\/revisions"}],"predecessor-version":[{"id":5118,"href":"https:\/\/restorestudio.sk\/de\/wp-json\/wp\/v2\/pages\/4943\/revisions\/5118"}],"wp:attachment":[{"href":"https:\/\/restorestudio.sk\/de\/wp-json\/wp\/v2\/media?parent=4943"}],"curies":[{"name":"wp","href":"https:\/\/api.w.org\/{rel}","templated":true}]}}