{"id":4738,"date":"2021-07-06T13:52:16","date_gmt":"2021-07-06T13:52:16","guid":{"rendered":"https:\/\/restorestudio.sk\/referencie\/"},"modified":"2023-04-26T15:21:46","modified_gmt":"2023-04-26T15:21:46","slug":"referenzen","status":"publish","type":"page","link":"https:\/\/restorestudio.sk\/de\/referenzen\/","title":{"rendered":"Referenzen"},"content":{"rendered":"<div  class=\"one fullwidth \">\n\t\t\t<!-- START Referencie REVOLUTION SLIDER 6.4.11 --><\/p>\n<p class=\"rs-p-wp-fix\">\n<p>\t\t\t<rs-module-wrap id=\"rev_slider_8_1_wrapper\" data-alias=\"o-nas-1\" data-source=\"gallery\" style=\"background:#000000;padding:0;margin:0px auto;margin-top:0;margin-bottom:0;\"><br \/>\n\t\t\t\t<rs-module id=\"rev_slider_8_1\" style=\"\" data-version=\"6.4.11\"><br \/>\n\t\t\t\t\t<rs-slides><br \/>\n\t\t\t\t\t\t<rs-slide data-key=\"rs-19\" data-title=\"Slide\" data-in=\"o:0;\" data-out=\"a:false;\"><br \/>\n\t\t\t\t\t\t\t<img loading=\"lazy\" decoding=\"async\" src=\"\/\/restore.testovacka.sk\/wp-content\/uploads\/2021\/08\/referencie.jpg\" title=\"referencie\" width=\"1920\" height=\"590\" class=\"rev-slidebg tp-rs-img\" data-no-retina><br \/>\n<!--\n\t\t\t\t\t\t\t--><rs-layer\n\t\t\t\t\t\t\t\tid=\"slider-8-slide-19-layer-1\" \n\t\t\t\t\t\t\t\tdata-type=\"text\"\n\t\t\t\t\t\t\t\tdata-color=\"#ffffff\"\n\t\t\t\t\t\t\t\tdata-rsp_ch=\"on\"\n\t\t\t\t\t\t\t\tdata-xy=\"x:c;y:c;yo:80px;\"\n\t\t\t\t\t\t\t\tdata-text=\"s:30;l:32;ls:-1px;fw:300;a:inherit;\"\n\t\t\t\t\t\t\t\tdata-frame_0=\"sX:0.8;sY:0.8;blu:10px;\"\n\t\t\t\t\t\t\t\tdata-frame_1=\"e:power4.out;st:1000;sp:1500;sR:1000;\"\n\t\t\t\t\t\t\t\tdata-frame_999=\"o:0;st:w;sp:1500;sR:6500;\"\n\t\t\t\t\t\t\t\tstyle=\"z-index:5;font-family:Encode Sans;\"\n\t\t\t\t\t\t\t>Kundenzufriedenheit ist unsere Priorit\u00e4t.<\/p>\n<p>\t\t\t\t\t\t\t<\/rs-layer><!--\n\n\t\t\t\t\t\t\t--><rs-layer\n\t\t\t\t\t\t\t\tid=\"slider-8-slide-19-layer-2\" \n\t\t\t\t\t\t\t\tdata-type=\"text\"\n\t\t\t\t\t\t\t\tdata-color=\"rgba(255, 255, 255, 1)\"\n\t\t\t\t\t\t\t\tdata-rsp_ch=\"on\"\n\t\t\t\t\t\t\t\tdata-xy=\"x:c;y:c;\"\n\t\t\t\t\t\t\t\tdata-text=\"w:normal;s:65;l:75;ls:-1px;a:center;\"\n\t\t\t\t\t\t\t\tdata-dim=\"w:100%;h:44px;\"\n\t\t\t\t\t\t\t\tdata-padding=\"r:40;l:40;\"\n\t\t\t\t\t\t\t\tdata-frame_0=\"sX:0.8;sY:0.8;blu:10px;\"\n\t\t\t\t\t\t\t\tdata-frame_1=\"e:power4.out;st:1000;sp:1500;sR:1000;\"\n\t\t\t\t\t\t\t\tdata-frame_999=\"o:0;st:w;sp:1500;sR:6500;\"\n\t\t\t\t\t\t\t\tstyle=\"z-index:6;font-family:Encode Sans;\"\n\t\t\t\t\t\t\t>Referenzen zufriedener Kunden<\/p>\n<p>\t\t\t\t\t\t\t<\/rs-layer><!--\n-->\t\t\t\t\t\t<\/rs-slide><br \/>\n\t\t\t\t\t<\/rs-slides><br \/>\n\t\t\t\t<\/rs-module><br \/>\n\t\t\t\t<script type=\"text\/javascript\">\n\t\t\t\t\tsetREVStartSize({c: 'rev_slider_8_1',rl:[1240,1024,778,480],el:[800],gw:[1240],gh:[800],type:'standard',justify:'',layout:'fullwidth',mh:\"0\"});\n\t\t\t\t\tvar\trevapi8,\n\t\t\t\t\t\ttpj;\n\t\t\t\t\tfunction revinit_revslider81() {\n\t\t\t\t\tjQuery(function() {\n\t\t\t\t\t\ttpj = jQuery;\n\t\t\t\t\t\trevapi8 = tpj(\"#rev_slider_8_1\");\n\t\t\t\t\t\tif(revapi8==undefined || revapi8.revolution == undefined){\n\t\t\t\t\t\t\trevslider_showDoubleJqueryError(\"rev_slider_8_1\");\n\t\t\t\t\t\t}else{\n\t\t\t\t\t\t\trevapi8.revolution({\n\t\t\t\t\t\t\t\tDPR:\"dpr\",\n\t\t\t\t\t\t\t\tsliderLayout:\"fullwidth\",\n\t\t\t\t\t\t\t\tvisibilityLevels:\"1240,1024,778,480\",\n\t\t\t\t\t\t\t\tgridwidth:1240,\n\t\t\t\t\t\t\t\tgridheight:800,\n\t\t\t\t\t\t\t\tspinner:\"spinner3\",\n\t\t\t\t\t\t\t\tperspective:600,\n\t\t\t\t\t\t\t\tperspectiveType:\"local\",\n\t\t\t\t\t\t\t\teditorheight:\"800,768,960,720\",\n\t\t\t\t\t\t\t\tresponsiveLevels:\"1240,1024,778,480\",\n\t\t\t\t\t\t\t\tprogressBar:{disableProgressBar:true},\n\t\t\t\t\t\t\t\tnavigation: {\n\t\t\t\t\t\t\t\t\tonHoverStop:false\n\t\t\t\t\t\t\t\t},\n\t\t\t\t\t\t\t\tfallbacks: {\n\t\t\t\t\t\t\t\t\tallowHTML5AutoPlayOnAndroid:true\n\t\t\t\t\t\t\t\t},\n\t\t\t\t\t\t\t});\n\t\t\t\t\t\t}<\/p>\n<p>\t\t\t\t\t});\n\t\t\t\t\t} \/\/ End of RevInitScript\n\t\t\t\tvar once_revslider81 = false;\n\t\t\t\tif (document.readyState === \"loading\") {document.addEventListener('readystatechange',function() { if((document.readyState === \"interactive\" || document.readyState === \"complete\") && !once_revslider81 ) { once_revslider81 = true; revinit_revslider81();}});} else {once_revslider81 = true; revinit_revslider81();}\n\t\t\t\t<\/script><\/p>\n<style type=\"text\/css\">#rev_slider_8_1_wrapper rs-loader.spinner3 div{background-color:#efa697 !important}<\/style>\n<p>\t\t\t<\/rs-module-wrap><br \/>\n\t\t\t<!-- END REVOLUTION SLIDER -->\n<\/div>\n<div  class=\"one withsmallpadding ppb_header \" style=\"text-align:center;padding:40px 0 40px 0;margin-top:20px;\" >\n<div class=\"standard_wrapper\">\n<div class=\"page_content_wrapper wide\">\n<div class=\"inner\">\n<div style=\"margin:auto;width:100%\">\n<h2 class=\"ppb_title\" style=\"\">Kundenzufriedenheit steht bei uns an erster Stelle.<\/h2>\n<div class=\"ppb_header_content\">Der Massagesalon Restore Studio bietet verschiedene Arten von Massagen und die Zufriedenheit unserer Kunden hat bei uns oberste Priorit\u00e4t. Massagen sind f\u00fcr uns nicht nur ein Job, sondern auch ein Hobby, das auch mit unserer einzigartigen Geschichte verbunden ist. Und genauso einzigartig wollen wir jeden Ihrer Besuche in unserem Studio gestalten. In einer angenehmen und intimen Umgebung bauen wir eine vertrauliche Beziehung zum Kunden auf, der uns nicht nur ausgeruht und regeneriert verl\u00e4sst, sondern auch in der Hoffnung auf eine L\u00f6sung seiner Gesundheitsprobleme.<\/div>\n<\/div>\n<\/div>\n<\/div>\n<\/div>\n<\/div>\n<div class=\"standard_wrapper\">\n<div class=\"one withsmallpadding ppb_line_divider\"  style=\"text-align:center;padding:0px 0 0px 0;margin-bottom:40px;\" >\n<div class=\"page_content_wrapper wide\">\n<div class=\"inner\">\n<div class=\"line_divider_border\" style=\"width:100px;\"><\/div>\n<div class=\"line_divider_seperator\"><i class=\"fa fa-leaf\" style=\"color:#c6a78b;\"><\/i><\/div>\n<div class=\"line_divider_border\" style=\"width:100px;\"><\/div>\n<\/div>\n<\/div>\n<\/div>\n<\/div>\n<div class=\"standard_wrapper\">\n<div  class=\"one withsmallpadding ppb_testimonial_column\" style=\"margin-bottom:60px;\" >\n<div class=\"page_content_wrapper wide\">\n<div class=\"inner\">\n<div class=\"testimonial_wrapper\">\n<div class=\"one_third testimonial_column_element animated1 \">\n<div class=\"testimonial_image animated\" data-animation=\"bigEntrance\"><img decoding=\"async\" class=\"team_pic\" src=\"https:\/\/restorestudio.sk\/wp-content\/uploads\/2014\/06\/adam.png\" alt=\"Adam M.\"\/><\/div>\n<div class=\"testimonial_content\">\u201eSchon nach der ersten Massage gab es eine immense Erleichterung. Da ich einen sitzenden Job habe, werde ich auf jeden Fall die Dienste des Salons regelm\u00e4\u00dfig in Anspruch nehmen.&#8220;<\/p>\n<div class=\"testimonial_customer\">\n<h6 >Adam M.<\/h6>\n<div class=\"testimonial_customer_position\" >BERUFSKRAFTFAHRER<\/div>\n<\/div>\n<\/div>\n<\/div>\n<div class=\"one_third testimonial_column_element animated2 \">\n<div class=\"testimonial_image animated\" data-animation=\"bigEntrance\"><img decoding=\"async\" class=\"team_pic\" src=\"https:\/\/restorestudio.sk\/wp-content\/uploads\/2014\/06\/lenka.png\" alt=\"Lenka Z.\"\/><\/div>\n<div class=\"testimonial_content\">\u201eAbsolute Zufriedenheit! Ich leide seit Jahren unter Lendenwirbels\u00e4ulenschmerzen und nach ein paar Besuchen hat sich mein Zustand um 90% verbessert. Wenn Sie eine Masseurin mit goldenen H\u00e4nden suchen, wenden Sie sich unbedingt an Zuzana.\u201c<\/p>\n<div class=\"testimonial_customer\">\n<h6 >Lenka Z.<\/h6>\n<div class=\"testimonial_customer_position\" >VERKAUFSASSISTENTIN<\/div>\n<\/div>\n<\/div>\n<\/div>\n<div class=\"one_third testimonial_column_element animated3 last\">\n<div class=\"testimonial_image animated\" data-animation=\"bigEntrance\"><img decoding=\"async\" class=\"team_pic\" src=\"https:\/\/restorestudio.sk\/wp-content\/uploads\/2014\/06\/tatiana.png\" alt=\"Tatiana P.\"\/><\/div>\n<div class=\"testimonial_content\">\u201eDie Heilkraft der Massage ist nicht nur eine Theorie, ich habe mich am eigenen Leib davon \u00fcberzeugt, dass Massage genauso verschrieben werden kann wie Medikamente.\u201c<\/p>\n<div class=\"testimonial_customer\">\n<h6 >Tatiana P.<\/h6>\n<div class=\"testimonial_customer_position\" >\u00c4RZTIN<\/div>\n<\/div>\n<\/div>\n<\/div>\n<\/div>\n<\/div>\n<\/div>\n<\/div>\n<\/div>\n<div  class=\"ppb_image_half_boxed_fixed_width one\" style=\"margin-bottom:40px;\" >\n<div class=\"standard_wrapper\">\n<div class=\"page_content_wrapper wide\">\n<div class=\"inner\" style=\"height:500px;\">\n<div class=\"one_half content_middle fixed parallax_text\" style=\"padding:40px; text-align:left;\">\n<div class=\"content_middle_wrapper\">\n<div class=\"content_middle_content\">\n<h2 class=\"ppb_title\" style=\"\">Warum Sie gerade uns ausw\u00e4hlen sollten?<\/h2>\n<div class=\"ppb_header_content\">\n<p>Unsere Philosophie besteht darin, Menschen dabei zu helfen, ein besseres und ges\u00fcnderes Leben zu f\u00fchren. Die Massage betrachten wir als Therapie f\u00fcr K\u00f6rper und Geist, als Mittel zur Stimulation und auch zur Beruhigung. Die Massage ist das \u00e4lteste Heilmittel in der Geschichte der Menschheit, und eine Kombination aus modernem Wissen und klassischen Verfahren ist unserer Ansicht nach der richtige Weg. In unserem Salon finden Sie eine angenehme Umgebung, qualifiziertes Personal mit ausgezeichneten Kenntnissen des menschlichen K\u00f6rpers und einen einzigartigen Ansatz, der auf unserer Geschichte basiert.<br \/>\n<a class=\"readmore\" href=\"https:\/\/restorestudio.sk\/o-nas\/\">Mehr erfahren<\/a><\/p>\n<\/div>\n<\/div>\n<\/div>\n<\/div>\n<div class=\"one_half content_middle parallax_text last\" style=\"background-image:url(https:\/\/restorestudio.sk\/wp-content\/uploads\/2021\/08\/nasa-filozofia.jpg)\"><\/div>\n<p><br class=\"clear\"\/><\/div>\n<\/div>\n<\/div>\n<\/div>\n<div  class=\"ppb_image_half_boxed_fixed_width one\" style=\"margin-bottom:60px;\" >\n<div class=\"standard_wrapper\">\n<div class=\"page_content_wrapper wide\">\n<div class=\"inner\" style=\"height:500px;\">\n<div class=\"one_half content_middle parallax_text\" style=\"background-image:url(https:\/\/restorestudio.sk\/wp-content\/uploads\/2021\/10\/banner-mini-o-nas-masazny-salon.jpg)\"><\/div>\n<div class=\"one_half last content_middle fixed parallax_text\" style=\"padding:40px;text-align:left; \">\n<div class=\"content_middle_wrapper\">\n<div class=\"content_middle_content\">\n<h2 class=\"ppb_title\" style=\"\">Lernen Sie unseren Salon kennen<\/h2>\n<div class=\"ppb_header_content\">\n<p>Wir sind uns bewusst, dass Entspannung durch Massage ein wichtiger Teil der K\u00f6rperpflege und f\u00fcr viele auch der Pflege des Geistes ist. In unserem Salon k\u00f6nnen Sie sich von den Alltagssorgen erholen und gleichzeitig helfen wir Ihnen, Schmerzen zu lindern, die Immunit\u00e4t zu st\u00e4rken und die Entgiftung des K\u00f6rpers zu unterst\u00fctzen. Wir sind bereit, Ihnen in den R\u00e4umlichkeiten des neu er\u00f6ffneten Massagesalons Service auf h\u00f6chstem Niveau zu bieten, in dem wir besonderen Wert auf Ihren Komfort legen.<\/p>\n<p><a class=\"readmore\" href=\"https:\/\/restorestudio.sk\/galeria\/\">Galerie anzeigen<\/a><\/p>\n<\/div>\n<\/div>\n<\/div>\n<\/div>\n<p><br class=\"clear\"\/><\/div>\n<\/div>\n<\/div>\n<\/div>\n","protected":false},"excerpt":{"rendered":"<p>Kundenzufriedenheit ist unsere Priorit\u00e4t. Referenzen zufriedener Kunden Kundenzufriedenheit steht bei uns an erster Stelle. Der Massagesalon Restore Studio bietet verschiedene Arten von Massagen und die Zufriedenheit unserer Kunden hat bei uns oberste Priorit\u00e4t. Massagen sind f\u00fcr uns nicht nur ein [&hellip;]<\/p>\n","protected":false},"author":1,"featured_media":0,"parent":0,"menu_order":0,"comment_status":"closed","ping_status":"closed","template":"","meta":{"ngg_post_thumbnail":0,"footnotes":""},"class_list":["post-4738","page","type-page","status-publish","hentry"],"aioseo_notices":[],"_links":{"self":[{"href":"https:\/\/restorestudio.sk\/de\/wp-json\/wp\/v2\/pages\/4738","targetHints":{"allow":["GET"]}}],"collection":[{"href":"https:\/\/restorestudio.sk\/de\/wp-json\/wp\/v2\/pages"}],"about":[{"href":"https:\/\/restorestudio.sk\/de\/wp-json\/wp\/v2\/types\/page"}],"author":[{"embeddable":true,"href":"https:\/\/restorestudio.sk\/de\/wp-json\/wp\/v2\/users\/1"}],"replies":[{"embeddable":true,"href":"https:\/\/restorestudio.sk\/de\/wp-json\/wp\/v2\/comments?post=4738"}],"version-history":[{"count":12,"href":"https:\/\/restorestudio.sk\/de\/wp-json\/wp\/v2\/pages\/4738\/revisions"}],"predecessor-version":[{"id":4999,"href":"https:\/\/restorestudio.sk\/de\/wp-json\/wp\/v2\/pages\/4738\/revisions\/4999"}],"wp:attachment":[{"href":"https:\/\/restorestudio.sk\/de\/wp-json\/wp\/v2\/media?parent=4738"}],"curies":[{"name":"wp","href":"https:\/\/api.w.org\/{rel}","templated":true}]}}