{"id":4723,"date":"2017-06-05T07:33:09","date_gmt":"2017-06-05T07:33:09","guid":{"rendered":"https:\/\/restorestudio.sk\/o-nas\/"},"modified":"2023-04-26T15:02:53","modified_gmt":"2023-04-26T15:02:53","slug":"unsere-geschichte","status":"publish","type":"page","link":"https:\/\/restorestudio.sk\/de\/unsere-geschichte\/","title":{"rendered":"Unsere Geschichte"},"content":{"rendered":"<div  class=\"one fullwidth \">\n\t\t\t<!-- START O n\u00e1s REVOLUTION SLIDER 6.4.11 --><\/p>\n<p class=\"rs-p-wp-fix\">\n<p>\t\t\t<rs-module-wrap id=\"rev_slider_7_1_wrapper\" data-alias=\"riesenie-problemov-1\" data-source=\"gallery\" style=\"background:#000000;padding:0;margin:0px auto;margin-top:0;margin-bottom:0;\"><br \/>\n\t\t\t\t<rs-module id=\"rev_slider_7_1\" style=\"\" data-version=\"6.4.11\"><br \/>\n\t\t\t\t\t<rs-slides><br \/>\n\t\t\t\t\t\t<rs-slide data-key=\"rs-18\" data-title=\"Slide-de\" data-in=\"o:0;\" data-out=\"a:false;\"><br \/>\n\t\t\t\t\t\t\t<img loading=\"lazy\" decoding=\"async\" src=\"\/\/restorestudio.sk\/wp-content\/uploads\/2021\/10\/hero-masazny-salon-o-nas.jpg\" alt=\"Mas\u00e1\u017eny sal\u00f3n Restore studio - nie\u010do o n\u00e1s\" title=\"Mas\u00e1\u017eny sal\u00f3n Restore studio &#8211; nie\u010do o n\u00e1s\" width=\"1920\" height=\"800\" class=\"rev-slidebg tp-rs-img\" data-no-retina><br \/>\n<!--\n\t\t\t\t\t\t\t--><rs-layer\n\t\t\t\t\t\t\t\tid=\"slider-7-slide-18-layer-1\" \n\t\t\t\t\t\t\t\tdata-type=\"text\"\n\t\t\t\t\t\t\t\tdata-color=\"#ffffff\"\n\t\t\t\t\t\t\t\tdata-rsp_ch=\"on\"\n\t\t\t\t\t\t\t\tdata-xy=\"x:c;y:c;yo:60px;\"\n\t\t\t\t\t\t\t\tdata-text=\"s:30;l:22;ls:-1px;fw:300;a:inherit;\"\n\t\t\t\t\t\t\t\tdata-frame_0=\"sX:0.8;sY:0.8;blu:10px;\"\n\t\t\t\t\t\t\t\tdata-frame_1=\"e:power4.out;st:1000;sp:1500;sR:1000;\"\n\t\t\t\t\t\t\t\tdata-frame_999=\"o:0;st:w;sp:1500;sR:6500;\"\n\t\t\t\t\t\t\t\tstyle=\"z-index:5;font-family:Encode Sans;\"\n\t\t\t\t\t\t\t>Der ungew\u00f6hnliche Weg zu einem der traditionellen und \u00e4ltesten Heilmittel in der Geschichte der Menschheit.<br \/>\n\t\t\t\t\t\t\t<\/rs-layer><!--\n\n\t\t\t\t\t\t\t--><rs-layer\n\t\t\t\t\t\t\t\tid=\"slider-7-slide-18-layer-2\" \n\t\t\t\t\t\t\t\tdata-type=\"text\"\n\t\t\t\t\t\t\t\tdata-color=\"rgba(255, 255, 255, 1)\"\n\t\t\t\t\t\t\t\tdata-rsp_ch=\"on\"\n\t\t\t\t\t\t\t\tdata-xy=\"x:c;y:c;yo:-38px;\"\n\t\t\t\t\t\t\t\tdata-text=\"w:normal;s:65;l:75;ls:-1px;a:center;\"\n\t\t\t\t\t\t\t\tdata-dim=\"w:100%;\"\n\t\t\t\t\t\t\t\tdata-padding=\"r:40;l:40;\"\n\t\t\t\t\t\t\t\tdata-frame_0=\"sX:0.8;sY:0.8;blu:10px;\"\n\t\t\t\t\t\t\t\tdata-frame_1=\"e:power4.out;st:1000;sp:1500;sR:1000;\"\n\t\t\t\t\t\t\t\tdata-frame_999=\"o:0;st:w;sp:1500;sR:6500;\"\n\t\t\t\t\t\t\t\tstyle=\"z-index:6;font-family:Encode Sans;\"\n\t\t\t\t\t\t\t>Die Geschichte des Massagesalons Restore Studio<br \/>\n\t\t\t\t\t\t\t<\/rs-layer><!--\n-->\t\t\t\t\t\t<\/rs-slide><br \/>\n\t\t\t\t\t<\/rs-slides><br \/>\n\t\t\t\t<\/rs-module><br \/>\n\t\t\t\t<script type=\"text\/javascript\">\n\t\t\t\t\tsetREVStartSize({c: 'rev_slider_7_1',rl:[1240,1024,778,480],el:[800],gw:[1240],gh:[800],type:'standard',justify:'',layout:'fullwidth',mh:\"0\"});\n\t\t\t\t\tvar\trevapi7,\n\t\t\t\t\t\ttpj;\n\t\t\t\t\tfunction revinit_revslider71() {\n\t\t\t\t\tjQuery(function() {\n\t\t\t\t\t\ttpj = jQuery;\n\t\t\t\t\t\trevapi7 = tpj(\"#rev_slider_7_1\");\n\t\t\t\t\t\tif(revapi7==undefined || revapi7.revolution == undefined){\n\t\t\t\t\t\t\trevslider_showDoubleJqueryError(\"rev_slider_7_1\");\n\t\t\t\t\t\t}else{\n\t\t\t\t\t\t\trevapi7.revolution({\n\t\t\t\t\t\t\t\tDPR:\"dpr\",\n\t\t\t\t\t\t\t\tsliderLayout:\"fullwidth\",\n\t\t\t\t\t\t\t\tvisibilityLevels:\"1240,1024,778,480\",\n\t\t\t\t\t\t\t\tgridwidth:1240,\n\t\t\t\t\t\t\t\tgridheight:800,\n\t\t\t\t\t\t\t\tspinner:\"spinner3\",\n\t\t\t\t\t\t\t\tperspective:600,\n\t\t\t\t\t\t\t\tperspectiveType:\"local\",\n\t\t\t\t\t\t\t\teditorheight:\"800,768,960,720\",\n\t\t\t\t\t\t\t\tresponsiveLevels:\"1240,1024,778,480\",\n\t\t\t\t\t\t\t\tprogressBar:{disableProgressBar:true},\n\t\t\t\t\t\t\t\tnavigation: {\n\t\t\t\t\t\t\t\t\tonHoverStop:false\n\t\t\t\t\t\t\t\t},\n\t\t\t\t\t\t\t\tfallbacks: {\n\t\t\t\t\t\t\t\t\tallowHTML5AutoPlayOnAndroid:true\n\t\t\t\t\t\t\t\t},\n\t\t\t\t\t\t\t});\n\t\t\t\t\t\t}<\/p>\n<p>\t\t\t\t\t});\n\t\t\t\t\t} \/\/ End of RevInitScript\n\t\t\t\tvar once_revslider71 = false;\n\t\t\t\tif (document.readyState === \"loading\") {document.addEventListener('readystatechange',function() { if((document.readyState === \"interactive\" || document.readyState === \"complete\") && !once_revslider71 ) { once_revslider71 = true; revinit_revslider71();}});} else {once_revslider71 = true; revinit_revslider71();}\n\t\t\t\t<\/script><\/p>\n<style type=\"text\/css\">#rev_slider_7_1_wrapper rs-loader.spinner3 div{background-color:#efa697 !important}<\/style>\n<p>\t\t\t<\/rs-module-wrap><br \/>\n\t\t\t<!-- END REVOLUTION SLIDER -->\n<\/div>\n<div  class=\"one withsmallpadding ppb_header \" style=\"text-align:center;padding:60px 0 60px 0;\" >\n<div class=\"standard_wrapper\">\n<div class=\"page_content_wrapper wide\">\n<div class=\"inner\">\n<div style=\"margin:auto;width:90%\">\n<h2 class=\"ppb_title\" style=\"\">Unsere Geschichte<\/h2>\n<div class=\"ppb_header_content\">Die Gr\u00fcnderin des Restore Studios ist Zuzana \u010cervienkov\u00e1, die ihre Arbeit mit dem menschlichen K\u00f6rper ihr gesamtes bisheriges Leben begleitet. Also beschloss sie, ihren Job im Bankwesen zu k\u00fcndigen und ihren eigenen Massagesalon zu er\u00f6ffnen. Davon, wie wichtig gerade die Arbeit mit dem menschlichen K\u00f6rper und den Muskeln im Speziellen ist, \u00fcberzeugte sie sich am eigenen Leib, als sie sich jahrelang der Leichtathletik widmete. Die ersten zufriedenen Kunden fand sie in ihrem Mann und ihren Kindern, da sie alle aktive Sportler sind. Sp\u00e4ter, als sich bei einem der Familienmitglieder eine genetische St\u00f6rung \u00e4u\u00dferte (Muskeldystrophie), die sich durch Muskelerschlaffung manifestiert, versuchte sie, unter einem ganz neuen Gesichtspunkt mit Muskeln und mit dem menschlichen K\u00f6rper zu arbeiten. Sie absolvierte verschiedene Massagekurse und beschloss, sich voll und ganz der Massagepraxis in ihrem eigenen Studio in Bratislava zu widmen.<\/div>\n<\/div>\n<\/div>\n<\/div>\n<\/div>\n<\/div>\n<div class=\"standard_wrapper\">\n<div class=\"one withsmallpadding ppb_line_divider\"  style=\"text-align:center;padding:0px 0 0px 0;\" >\n<div class=\"page_content_wrapper wide\">\n<div class=\"inner\">\n<div class=\"line_divider_border\" style=\"width:100px;border-color:#e1e1e1;\"><\/div>\n<div class=\"line_divider_seperator\"><i class=\"fa fa-leaf\" style=\"color:#c6a78b;\"><\/i><\/div>\n<div class=\"line_divider_border\" style=\"width:100px;border-color:#e1e1e1;\"><\/div>\n<\/div>\n<\/div>\n<\/div>\n<\/div>\n<div class=\"standard_wrapper\">\n<div  class=\"one_half withsmallpadding ppb_header \" style=\"text-align:left;padding:60px 0 60px 0;\" >\n<div class=\"page_content_wrapper wide\">\n<div class=\"inner\">\n<div style=\"margin:auto;width:100%\">\n<h2 class=\"widgettitle\" style=\"\">Unsere Massagen<\/h2>\n<div class=\"ppb_header_content\"><img decoding=\"async\" loading=\"lazy\" class=\"theme_radius alignnone size-large wp-image-3078\" src=\"https:\/\/restorestudio.sk\/wp-content\/uploads\/2021\/08\/nase-masaze.jpg\" alt=\"\" width=\"1024\" height=\"569\" \/><br \/>\nMassagen geh\u00f6ren zu den \u00e4ltesten therapeutischen Methoden, in unserem Salon nehmen wir ihre komplexen Wirkungen im Zusammenhang mit der Behandlung des K\u00f6rpers, der Verbesserung der Gesundheit und der Entspannung nach einem anstrengenden Tag wahr. Deshalb bieten wir verschiedene Arten von Massagen, von klassischen, \u00fcber eine tonisierende Sportmassage bis hin zu speziellen Techniken wie Triggerpunkten, der Dorn-Methode oder der Breuss-Massage. An oberster Stelle steht f\u00fcr uns die Kundenzufriedenheit, wir sind bereit, die besten und qualitativ hochwertigsten Dienstleistungen anzubieten.<\/p>\n<p><a class=\"readmore\" href=\"https:\/\/restorestudio.sk\/masaze\/\">Alle Massagen<\/a><\/div>\n<\/div>\n<\/div>\n<\/div>\n<\/div>\n<\/div>\n<div class=\"standard_wrapper\">\n<div  class=\"one_half last withsmallpadding ppb_header \" style=\"text-align:left;padding:60px 0 60px 0;\" >\n<div class=\"page_content_wrapper wide\">\n<div class=\"inner\">\n<div style=\"margin:auto;width:100%\">\n<h2 class=\"widgettitle\" style=\"\">Unser Salon<\/h2>\n<div class=\"ppb_header_content\"><img decoding=\"async\" src=\"https:\/\/restorestudio.sk\/wp-content\/uploads\/2021\/08\/nas-salon-1.jpg\" \/><\/p>\n<p>Wir sind uns bewusst, dass Entspannung durch Massage ein wichtiger Teil der K\u00f6rperpflege und f\u00fcr viele auch der Pflege des Geistes ist. In unserem Salon k\u00f6nnen Sie sich von den Alltagssorgen erholen und gleichzeitig helfen wir Ihnen, Schmerzen zu lindern, die Immunit\u00e4t zu st\u00e4rken und die Entgiftung des K\u00f6rpers zu unterst\u00fctzen. Wir sind bereit, Ihnen in den R\u00e4umlichkeiten des neu er\u00f6ffneten Massagesalons Service auf h\u00f6chstem Niveau zu bieten, in dem wir besonderen Wert auf Ihren Komfort legen.<\/p>\n<p><a class=\"readmore\" href=\"https:\/\/restorestudio.sk\/galeria\/\">Galerie anzeigen<\/a><\/p>\n<\/div>\n<\/div>\n<\/div>\n<\/div>\n<\/div>\n<\/div>\n<div  class=\"one withsmallpadding ppb_header \" style=\"text-align:center;padding:40px 0 40px 0;\" >\n<div class=\"standard_wrapper\">\n<div class=\"page_content_wrapper wide\">\n<div class=\"inner\">\n<div style=\"margin:auto;width:100%\">\n<h2 class=\"ppb_title\" style=\"\">Unser Team<\/h2>\n<div class=\"page_tagline\" style=\"\">Lernen Sie unsere Spezialisten kennen<\/div>\n<div class=\"ppb_header_content\">\n<\/div>\n<\/div>\n<\/div>\n<\/div>\n<\/div>\n<\/div>\n<div  class=\"one withsmallpadding ppb_team_column\" >\n<div class=\"page_content_wrapper wide page_main_content sidebar_content full_width fixed_column\">\n<div class=\"standard_wrapper\">\n<div id=\"1682521373549572923\" class=\"portfolio_filter_wrapper gallery static four_cols\" data-columns=\"4\">\n<div class=\"element grid fixed_columns classic4_cols animated1\">\n<div class=\"one_fourth gallery4 classic filterable\">\n<div class=\"post_img\"><img decoding=\"async\" class=\"team_pic\" src=\"https:\/\/restorestudio.sk\/wp-content\/uploads\/2017\/06\/zuzana-cervienkova.png\" alt=\"\"\/><\/p>\n<ul class=\"social_wrapper team\">\n<li><a title=\"Zuzana \u010cervienkov\u00e1 on Twitter\" target=\"_blank\" class=\"tooltip\" href=\"https:\/\/twitter.com\/#\" rel=\"noopener\"><i class=\"fa fa-twitter\"><\/i><\/a><\/li>\n<li><a title=\"Zuzana \u010cervienkov\u00e1 on Facebook\" target=\"_blank\" class=\"tooltip\" href=\"https:\/\/facebook.com\/#\" rel=\"noopener\"><i class=\"fa fa-facebook\"><\/i><\/a><\/li>\n<li><a title=\"Zuzana \u010cervienkov\u00e1 on Google+\" target=\"_blank\" class=\"tooltip\" href=\"#\" rel=\"noopener\"><i class=\"fa fa-google-plus\"><\/i><\/a><\/li>\n<li><a title=\"Zuzana \u010cervienkov\u00e1 on Linkedin\" target=\"_blank\" class=\"tooltip\" href=\"#\" rel=\"noopener\"><i class=\"fa fa-linkedin\"><\/i><\/a><\/li>\n<\/ul>\n<\/div>\n<div class=\"portfolio_info_wrapper\">\n<h4>Zuzana \u010cervienkov\u00e1<\/h4>\n<div class=\"page_tagline\">ZERTIFIZIERTE MASSEURIN<\/div>\n<div class=\"team_content\">Zertifizierte Masseurin mit Erfahrung bei verschiedenen Massagen: Klassische Massage, Sportmassage, Triggerpunkte, Schr\u00f6pfen, Dorn-Methode und Breuss-Massage.<\/div>\n<\/div>\n<\/div>\n<\/div>\n<div class=\"element grid fixed_columns classic4_cols animated2\">\n<div class=\"one_fourth gallery4 classic filterable\">\n<div class=\"post_img\"><img decoding=\"async\" class=\"team_pic\" src=\"https:\/\/restorestudio.sk\/wp-content\/uploads\/2023\/04\/peter-restore-1.png\" alt=\"\"\/><\/div>\n<div class=\"portfolio_info_wrapper\">\n<h4>Mas\u00e9r Peter<\/h4>\n<div class=\"page_tagline\">MAS\u00c9R<\/div>\n<div class=\"team_content\">Mein Name ist Peter. Ich bin ausgebildeter Masseur, zu diesem Fachbereich bin ich \u00fcber<br \/>\nmein Hobby Fu\u00dfball gekommen. H\u00e4ufige Muskel- und Wirbels\u00e4ulenschmerzen weckten<br \/>\nmein Interesse an der menschlichen Muskulatur, ihrer Funktion und Entspannung. W\u00e4hrend<br \/>\nmeiner Ausbildung habe ich mir Kenntnisse, F\u00e4higkeiten und verschiedene<br \/>\nMassagetechniken angeeignet, die ich auch in der Praxis anwendete. Bei Wettk\u00e4mpfen<br \/>\nhabe ich als Masseur f\u00fcr Sportler gearbeitet. Meine Arbeit betrachte ich als meine Berufung<br \/>\nund es freut mich sehr, wenn ich nach einer Massage zufriedene Kunden sehe. Wenn Sie<br \/>\nalso unter Schmerzen oder anderen Problemen des Bewegungsapparates leiden, z\u00f6gern<br \/>\nSie nicht, mich zu kontaktieren.<\/div>\n<\/div>\n<\/div>\n<\/div>\n<\/div>\n<\/div>\n<\/div>\n<\/div>\n<div class=\"standard_wrapper\">\n<div class=\"one withsmallpadding ppb_line_divider\"  style=\"text-align:center;padding:0px 0 0px 0;\" >\n<div class=\"page_content_wrapper wide\">\n<div class=\"inner\">\n<div class=\"line_divider_border\" style=\"width:100px;border-color:#e1e1e1;\"><\/div>\n<div class=\"line_divider_seperator\"><i class=\"fa fa-leaf\" style=\"color:#c6a78b;\"><\/i><\/div>\n<div class=\"line_divider_border\" style=\"width:100px;border-color:#e1e1e1;\"><\/div>\n<\/div>\n<\/div>\n<\/div>\n<\/div>\n<div class=\"standard_wrapper\">\n<div  class=\"one_half withsmallpadding ppb_header \" style=\"text-align:left;padding:65px 0 65px 0;\" >\n<div class=\"page_content_wrapper wide\">\n<div class=\"inner\">\n<div style=\"margin:auto;width:100%\">\n<h2 class=\"widgettitle\" style=\"\">Warum Sie gerade uns besuchen sollten?<\/h2>\n<div class=\"ppb_header_content\">Unsere Philosophie besteht darin, Menschen dabei zu helfen, ein besseres und ges\u00fcnderes Leben zu f\u00fchren. Die Massage betrachten wir als Therapie f\u00fcr K\u00f6rper und Geist, als Mittel zur Stimulation und auch zur Beruhigung. Die Massage ist das \u00e4lteste Heilmittel in der Geschichte der Menschheit, und eine Kombination aus modernem Wissen und klassischen Verfahren ist unserer Ansicht nach der richtige Weg. In unserem Salon finden Sie eine angenehme Umgebung, qualifiziertes Personal mit ausgezeichneten Kenntnissen des menschlichen K\u00f6rpers und einen einzigartigen Ansatz, der auf unserer Geschichte basiert.<\/div>\n<\/div>\n<\/div>\n<\/div>\n<\/div>\n<\/div>\n<div class=\"standard_wrapper\">\n<div  class=\"one_half last withsmallpadding ppb_header \" style=\"text-align:left;padding:60px 0 60px 0;\" >\n<div class=\"page_content_wrapper wide\">\n<div class=\"inner\">\n<div style=\"margin:auto;width:100%\">\n<h2 class=\"widgettitle\" style=\"\">Karl Ludwig Borne<\/h2>\n<div class=\"ppb_header_content\">\n<h3 style=\"font-weight:300;\">\u201eEs gibt tausend Krankheiten, aber nur eine Gesundheit.\u201d<\/h3>\n<\/div>\n<\/div>\n<\/div>\n<\/div>\n<\/div>\n<\/div>\n<div  class=\"one withsmallpadding ppb_header parallax withbg \" style=\"background-image:url(https:\/\/restorestudio.sk\/wp-content\/uploads\/2021\/08\/masaze-priestory.jpg);background-position: center top;text-align:center;padding:250px 0 250px 0;color:#ffffff;\" >\n<div class=\"overlay_background\" style=\"background:#000000;background:rgb(0,0,0,0.3);background:rgba(0,0,0,0.3);\"><\/div>\n<div class=\"standard_wrapper\">\n<div class=\"page_content_wrapper wide\">\n<div class=\"inner\">\n<div style=\"margin:auto;width:100%\">\n<h2 class=\"ppb_title\" style=\"color:#ffffff;\">Besuchen Sie den Massagesalon Restore Studio<\/h2>\n<div class=\"page_tagline\" style=\"color:#ffffff;\">Probieren Sie Massagen, die Ihren K\u00f6rper und Geist entspannen, am eigenen Leib und machen Sie jetzt einen Termin!<\/div>\n<\/div>\n<\/div>\n<\/div>\n<\/div>\n<\/div>\n","protected":false},"excerpt":{"rendered":"<p>Der ungew\u00f6hnliche Weg zu einem der traditionellen und \u00e4ltesten Heilmittel in der Geschichte der Menschheit. Die Geschichte des Massagesalons Restore Studio Unsere Geschichte Die Gr\u00fcnderin des Restore Studios ist Zuzana \u010cervienkov\u00e1, die ihre Arbeit mit dem menschlichen K\u00f6rper ihr gesamtes [&hellip;]<\/p>\n","protected":false},"author":1,"featured_media":0,"parent":0,"menu_order":0,"comment_status":"closed","ping_status":"closed","template":"","meta":{"ngg_post_thumbnail":0,"footnotes":""},"class_list":["post-4723","page","type-page","status-publish","hentry"],"aioseo_notices":[],"_links":{"self":[{"href":"https:\/\/restorestudio.sk\/de\/wp-json\/wp\/v2\/pages\/4723","targetHints":{"allow":["GET"]}}],"collection":[{"href":"https:\/\/restorestudio.sk\/de\/wp-json\/wp\/v2\/pages"}],"about":[{"href":"https:\/\/restorestudio.sk\/de\/wp-json\/wp\/v2\/types\/page"}],"author":[{"embeddable":true,"href":"https:\/\/restorestudio.sk\/de\/wp-json\/wp\/v2\/users\/1"}],"replies":[{"embeddable":true,"href":"https:\/\/restorestudio.sk\/de\/wp-json\/wp\/v2\/comments?post=4723"}],"version-history":[{"count":17,"href":"https:\/\/restorestudio.sk\/de\/wp-json\/wp\/v2\/pages\/4723\/revisions"}],"predecessor-version":[{"id":4997,"href":"https:\/\/restorestudio.sk\/de\/wp-json\/wp\/v2\/pages\/4723\/revisions\/4997"}],"wp:attachment":[{"href":"https:\/\/restorestudio.sk\/de\/wp-json\/wp\/v2\/media?parent=4723"}],"curies":[{"name":"wp","href":"https:\/\/api.w.org\/{rel}","templated":true}]}}