{"id":4674,"date":"2017-06-08T09:34:41","date_gmt":"2017-06-08T09:34:41","guid":{"rendered":"https:\/\/restorestudio.sk\/home-1-spa\/"},"modified":"2022-11-16T13:37:22","modified_gmt":"2022-11-16T13:37:22","slug":"home-1-spa","status":"publish","type":"page","link":"https:\/\/restorestudio.sk\/de\/","title":{"rendered":"Domov"},"content":{"rendered":"<div  class=\"one fullwidth \">\n\t\t\t<!-- START Homepage REVOLUTION SLIDER 6.4.11 --><\/p>\n<p class=\"rs-p-wp-fix\">\n<p>\t\t\t<rs-module-wrap id=\"rev_slider_1_1_wrapper\" data-alias=\"home-1-slider\" data-source=\"gallery\" style=\"background:#000000;padding:0;margin:0px auto;margin-top:0;margin-bottom:0;\"><br \/>\n\t\t\t\t<rs-module id=\"rev_slider_1_1\" style=\"\" data-version=\"6.4.11\"><br \/>\n\t\t\t\t\t<rs-slides><br \/>\n\t\t\t\t\t\t<rs-slide data-key=\"rs-15\" data-title=\"Slide1-de\" data-in=\"o:0;\" data-out=\"a:false;\"><br \/>\n\t\t\t\t\t\t\t<img loading=\"lazy\" decoding=\"async\" src=\"\/\/restorestudio.sk\/wp-content\/uploads\/2021\/10\/hero-masazny-salon-domov.jpg\" alt=\"Restore studio - mas\u00e1\u017eny sal\u00f3n\" title=\"Restore studio &#8211; mas\u00e1\u017eny sal\u00f3n\" width=\"1920\" height=\"800\" class=\"rev-slidebg tp-rs-img\" data-panzoom=\"d:11000;ss:100;se:140;\" data-no-retina><br \/>\n<!--\n\t\t\t\t\t\t\t--><\/p>\n<h5\n\t\t\t\t\t\t\t\tid=\"slider-1-slide-15-layer-1\" \n\t\t\t\t\t\t\t\tclass=\"rs-layer\"\n\t\t\t\t\t\t\t\tdata-type=\"text\"\n\t\t\t\t\t\t\t\tdata-color=\"#ffffff\"\n\t\t\t\t\t\t\t\tdata-rsp_ch=\"on\"\n\t\t\t\t\t\t\t\tdata-xy=\"x:c;y:c;yo:110px;\"\n\t\t\t\t\t\t\t\tdata-text=\"s:30;l:22;ls:-1px;fw:300;a:center;\"\n\t\t\t\t\t\t\t\tdata-dim=\"h:105px;\"\n\t\t\t\t\t\t\t\tdata-frame_0=\"sX:0.8;sY:0.8;blu:10px;\"\n\t\t\t\t\t\t\t\tdata-frame_1=\"e:power4.out;st:1000;sp:1500;sR:1000;\"\n\t\t\t\t\t\t\t\tdata-frame_999=\"o:0;st:w;sp:1500;sR:6500;\"\n\t\t\t\t\t\t\t\tstyle=\"z-index:5;font-family:Rubik;\"\n\t\t\t\t\t\t\t>Massagen, die Ihren K\u00f6rper und Geist entspannen<\/p>\n<p><b>Ge\u00f6ffnet von Montag bis Samstag<\/b><br \/>\n\t\t\t\t\t\t\t<\/h5>\n<p><!--\n\n\t\t\t\t\t\t\t--><rs-layer\n\t\t\t\t\t\t\t\tid=\"slider-1-slide-15-layer-2\" \n\t\t\t\t\t\t\t\tdata-type=\"text\"\n\t\t\t\t\t\t\t\tdata-color=\"rgba(255, 255, 255, 1)\"\n\t\t\t\t\t\t\t\tdata-rsp_ch=\"on\"\n\t\t\t\t\t\t\t\tdata-xy=\"x:c;y:c;yo:1px;\"\n\t\t\t\t\t\t\t\tdata-text=\"s:65;l:22;ls:-1px;a:inherit;\"\n\t\t\t\t\t\t\t\tdata-frame_0=\"sX:0.8;sY:0.8;blu:10px;\"\n\t\t\t\t\t\t\t\tdata-frame_1=\"e:power4.out;st:1000;sp:1500;sR:1000;\"\n\t\t\t\t\t\t\t\tdata-frame_999=\"o:0;st:w;sp:1500;sR:6500;\"\n\t\t\t\t\t\t\t\tstyle=\"z-index:6;font-family:Rubik;\"\n\t\t\t\t\t\t\t>Massagesalon Restore Studio<br \/>\n\t\t\t\t\t\t\t<\/rs-layer><!--\n-->\t\t\t\t\t\t<\/rs-slide><br \/>\n\t\t\t\t\t\t<rs-slide data-key=\"rs-16\" data-title=\"Slide2-de\" data-in=\"o:0;\" data-out=\"a:false;\"><br \/>\n\t\t\t\t\t\t\t<img loading=\"lazy\" decoding=\"async\" src=\"\/\/restore.testovacka.sk\/wp-content\/uploads\/2021\/08\/restore-studio-masazny-salon.jpg\" title=\"restore-studio-masazny-salon\" width=\"1920\" height=\"800\" class=\"rev-slidebg tp-rs-img\" data-panzoom=\"d:11000;ss:140;se:100;bs:10;os:150\/0;\" data-no-retina><br \/>\n<!--\n\t\t\t\t\t\t\t--><rs-layer\n\t\t\t\t\t\t\t\tid=\"slider-1-slide-16-layer-1\" \n\t\t\t\t\t\t\t\tdata-type=\"text\"\n\t\t\t\t\t\t\t\tdata-color=\"#ffffff\"\n\t\t\t\t\t\t\t\tdata-rsp_ch=\"on\"\n\t\t\t\t\t\t\t\tdata-xy=\"x:c;y:c;yo:30px;\"\n\t\t\t\t\t\t\t\tdata-text=\"s:36;l:22;ls:-1px;fw:300;a:inherit;\"\n\t\t\t\t\t\t\t\tdata-frame_0=\"sX:0.8;sY:0.8;blu:10px;\"\n\t\t\t\t\t\t\t\tdata-frame_1=\"e:power4.out;st:1000;sp:1500;sR:1000;\"\n\t\t\t\t\t\t\t\tdata-frame_999=\"o:0;st:w;sp:1500;sR:6500;\"\n\t\t\t\t\t\t\t\tstyle=\"z-index:5;font-family:Rubik;\"\n\t\t\t\t\t\t\t>Massagen, die Ihren K\u00f6rper und Geist entspannen<br \/>\n\t\t\t\t\t\t\t<\/rs-layer><!--\n\n\t\t\t\t\t\t\t--><rs-layer\n\t\t\t\t\t\t\t\tid=\"slider-1-slide-16-layer-2\" \n\t\t\t\t\t\t\t\tdata-type=\"text\"\n\t\t\t\t\t\t\t\tdata-color=\"rgba(255, 255, 255, 1)\"\n\t\t\t\t\t\t\t\tdata-rsp_ch=\"on\"\n\t\t\t\t\t\t\t\tdata-xy=\"x:c;y:c;yo:-25px;\"\n\t\t\t\t\t\t\t\tdata-text=\"s:70;l:22;ls:-1px;a:inherit;\"\n\t\t\t\t\t\t\t\tdata-frame_0=\"sX:0.8;sY:0.8;blu:10px;\"\n\t\t\t\t\t\t\t\tdata-frame_1=\"e:power4.out;st:1000;sp:1500;sR:1000;\"\n\t\t\t\t\t\t\t\tdata-frame_999=\"o:0;st:w;sp:1500;sR:6500;\"\n\t\t\t\t\t\t\t\tstyle=\"z-index:6;font-family:Rubik;\"\n\t\t\t\t\t\t\t>Massagesalon Restore Studio<br \/>\n\t\t\t\t\t\t\t<\/rs-layer><!--\n-->\t\t\t\t\t\t<\/rs-slide><br \/>\n\t\t\t\t\t\t<rs-slide data-key=\"rs-17\" data-title=\"Slide3-de\" data-in=\"o:0;\" data-out=\"a:false;\"><br \/>\n\t\t\t\t\t\t\t<img loading=\"lazy\" decoding=\"async\" src=\"\/\/restore.testovacka.sk\/wp-content\/uploads\/2021\/08\/restore-studio.jpg\" title=\"restore-studio\" width=\"1920\" height=\"800\" class=\"rev-slidebg tp-rs-img\" data-panzoom=\"d:11000;ss:100;se:140;\" data-no-retina><br \/>\n<!--\n\t\t\t\t\t\t\t--><rs-layer\n\t\t\t\t\t\t\t\tid=\"slider-1-slide-17-layer-1\" \n\t\t\t\t\t\t\t\tdata-type=\"text\"\n\t\t\t\t\t\t\t\tdata-color=\"#ffffff\"\n\t\t\t\t\t\t\t\tdata-rsp_ch=\"on\"\n\t\t\t\t\t\t\t\tdata-xy=\"x:c;y:c;yo:60px;\"\n\t\t\t\t\t\t\t\tdata-text=\"s:30;l:22;ls:-1px;fw:300;a:inherit;\"\n\t\t\t\t\t\t\t\tdata-frame_0=\"sX:0.8;sY:0.8;blu:10px;\"\n\t\t\t\t\t\t\t\tdata-frame_1=\"e:power4.out;st:1000;sp:1500;sR:1000;\"\n\t\t\t\t\t\t\t\tdata-frame_999=\"o:0;st:w;sp:1500;sR:6500;\"\n\t\t\t\t\t\t\t\tstyle=\"z-index:5;font-family:Rubik;\"\n\t\t\t\t\t\t\t>Massagen, die Ihren K\u00f6rper und Geist entspannen<\/p>\n<p>\t\t\t\t\t\t\t<\/rs-layer><!--\n\n\t\t\t\t\t\t\t--><rs-layer\n\t\t\t\t\t\t\t\tid=\"slider-1-slide-17-layer-2\" \n\t\t\t\t\t\t\t\tdata-type=\"text\"\n\t\t\t\t\t\t\t\tdata-color=\"rgba(255, 255, 255, 1)\"\n\t\t\t\t\t\t\t\tdata-rsp_ch=\"on\"\n\t\t\t\t\t\t\t\tdata-xy=\"x:c;y:c;\"\n\t\t\t\t\t\t\t\tdata-text=\"s:65;l:22;ls:-1px;a:inherit;\"\n\t\t\t\t\t\t\t\tdata-frame_0=\"sX:0.8;sY:0.8;blu:10px;\"\n\t\t\t\t\t\t\t\tdata-frame_1=\"e:power4.out;st:1000;sp:1500;sR:1000;\"\n\t\t\t\t\t\t\t\tdata-frame_999=\"o:0;st:w;sp:1500;sR:6500;\"\n\t\t\t\t\t\t\t\tstyle=\"z-index:6;font-family:Rubik;\"\n\t\t\t\t\t\t\t>Massagesalon Restore Studio<br \/>\n\t\t\t\t\t\t\t<\/rs-layer><!--\n-->\t\t\t\t\t\t<\/rs-slide><br \/>\n\t\t\t\t\t<\/rs-slides><br \/>\n\t\t\t\t<\/rs-module><br \/>\n\t\t\t\t<script type=\"text\/javascript\">\n\t\t\t\t\tsetREVStartSize({c: 'rev_slider_1_1',rl:[1240,1024,778,480],el:[800],gw:[1240],gh:[800],type:'standard',justify:'',layout:'fullwidth',mh:\"0\"});\n\t\t\t\t\tvar\trevapi1,\n\t\t\t\t\t\ttpj;\n\t\t\t\t\tfunction revinit_revslider11() {\n\t\t\t\t\tjQuery(function() {\n\t\t\t\t\t\ttpj = jQuery;\n\t\t\t\t\t\trevapi1 = tpj(\"#rev_slider_1_1\");\n\t\t\t\t\t\tif(revapi1==undefined || revapi1.revolution == undefined){\n\t\t\t\t\t\t\trevslider_showDoubleJqueryError(\"rev_slider_1_1\");\n\t\t\t\t\t\t}else{\n\t\t\t\t\t\t\trevapi1.revolution({\n\t\t\t\t\t\t\t\tDPR:\"dpr\",\n\t\t\t\t\t\t\t\tsliderLayout:\"fullwidth\",\n\t\t\t\t\t\t\t\tvisibilityLevels:\"1240,1024,778,480\",\n\t\t\t\t\t\t\t\tgridwidth:1240,\n\t\t\t\t\t\t\t\tgridheight:800,\n\t\t\t\t\t\t\t\tspinner:\"spinner3\",\n\t\t\t\t\t\t\t\tperspective:600,\n\t\t\t\t\t\t\t\tperspectiveType:\"local\",\n\t\t\t\t\t\t\t\teditorheight:\"800,768,960,720\",\n\t\t\t\t\t\t\t\tresponsiveLevels:\"1240,1024,778,480\",\n\t\t\t\t\t\t\t\tprogressBar:{disableProgressBar:true},\n\t\t\t\t\t\t\t\tnavigation: {\n\t\t\t\t\t\t\t\t\tonHoverStop:false\n\t\t\t\t\t\t\t\t},\n\t\t\t\t\t\t\t\tfallbacks: {\n\t\t\t\t\t\t\t\t\tallowHTML5AutoPlayOnAndroid:true\n\t\t\t\t\t\t\t\t},\n\t\t\t\t\t\t\t});\n\t\t\t\t\t\t}<\/p>\n<p>\t\t\t\t\t});\n\t\t\t\t\t} \/\/ End of RevInitScript\n\t\t\t\tvar once_revslider11 = false;\n\t\t\t\tif (document.readyState === \"loading\") {document.addEventListener('readystatechange',function() { if((document.readyState === \"interactive\" || document.readyState === \"complete\") && !once_revslider11 ) { once_revslider11 = true; revinit_revslider11();}});} else {once_revslider11 = true; revinit_revslider11();}\n\t\t\t\t<\/script><\/p>\n<style type=\"text\/css\">#rev_slider_1_1_wrapper rs-loader.spinner3 div{background-color:#efa697 !important}<\/style>\n<p>\t\t\t<\/rs-module-wrap><br \/>\n\t\t\t<!-- END REVOLUTION SLIDER -->\n<\/div>\n<div  class=\"one ppb_boxed_text_button\" style=\"top:-32px;\" >\n<div class=\"ppb_boxed_text_button_wrapper\" style=\"background-color:;\">\n<div class=\"ppb_boxed_text_button_content\" style=\"color:;\"><span class=\"ti-alarm-clock\" style=\"margin-right:10px;\"><\/span>Mo \u2013 So 09:00 \u2013 21:00 Uhr<\/div>\n<p><a href=\"https:\/\/services.bookio.com\/restore-studio\/widget?lang=sk\" class=\"button\" style=\"background-color:#c6a78b;border-color:#c6a78b;color:#ffffff;\">Termin vereinbaren<\/a><\/div>\n<\/div>\n<div  class=\"one ppb_card_two_cols_with_image\" style=\"position:relative;padding:40px 0 40px 0;margin-bottom:60px;\" >\n<div class=\"standard_wrapper\">\n<div class=\"page_content_wrapper wide\">\n<div class=\"inner\">\n<div class=\"one_half parallax_scroll parallax_text\" style=\"width:40%;position:absolute;padding:40px;z-index:2;block !important;background:#fff;\" data-stellar-ratio=\"1.3\">\n<h2 class=\"ppb_title\" style=\"\">Entdecken Sie den Zauber von Massage und Entspannung<\/h2>\n<div class=\"ppb_header_content\">\n<p>F\u00fcr einen Masseur sind seine H\u00e4nde das wichtigste Arbeitsger\u00e4t. \u00dcberzeugen Sie sich am eigenen Leib, was die unseren alles k\u00f6nnen. Entdecken Sie den Zauber der Massage, einer der \u00e4ltesten Therapieformen, die f\u00f6rderlich f\u00fcr die Gesundheit sind und gleichzeitig eine solch wichtige Sache wie den Kontakt eines Menschen mit einem Menschen bietet.<\/p>\n<p><a class=\"readmore\" href=\"https:\/\/restorestudio.sk\/de\/masaze\/\">Mehr erfahren<\/a><\/p>\n<\/div>\n<\/div>\n<div class=\"one_half parallax_scroll_image last\" style=\"width:65%;\">\n<div class=\"image_classic_frame expand\">\n<div class=\"image_wrapper\"><img decoding=\"async\" src=\"https:\/\/restorestudio.sk\/wp-content\/uploads\/2021\/10\/banner-mini-objavte-caro-masaze.jpg\" alt=\"\" class=\"portfolio_img\"\/><\/div>\n<\/div>\n<\/div>\n<p><br class=\"clear\"\/><\/div>\n<\/div>\n<\/div>\n<\/div>\n<\/div>\n<div  class=\"parallax \" style=\"background-image: url(https:\/\/restorestudio.sk\/wp-content\/uploads\/2021\/10\/banner-masazny-salon-1.jpg);height:50vh; margin-bottom:20px;\"><\/div>\n<div  class=\"one withsmallpadding ppb_header \" style=\"text-align:center;padding:40px 0 40px 0;\" >\n<div class=\"standard_wrapper\">\n<div class=\"page_content_wrapper wide\">\n<div class=\"inner\">\n<div style=\"margin:auto;width:100%\">\n<h2 class=\"ppb_title\" style=\"\">W\u00e4hlen Sie eine Massage aus und besuchen Sie uns<\/h2>\n<div class=\"page_tagline\" style=\"\">Wir bem\u00fchen uns, mit unserem Wissen, unseren Erfahrungen und einem empathischen Ansatz den Menschen dabei zu helfen, ges\u00fcnder und besser zu leben.<\/div>\n<\/div>\n<\/div>\n<\/div>\n<\/div>\n<\/div>\n<div class=\"standard_wrapper\">\n<div class=\"one withsmallpadding ppb_line_divider\"  style=\"text-align:center;padding:0px 0 0px 0;margin-bottom:40px;\" >\n<div class=\"page_content_wrapper wide\">\n<div class=\"inner\">\n<div class=\"line_divider_border\" style=\"width:100px;\"><\/div>\n<div class=\"line_divider_seperator\"><i class=\"fa fa-leaf\" style=\"color:#c6a78b;\"><\/i><\/div>\n<div class=\"line_divider_border\" style=\"width:100px;\"><\/div>\n<\/div>\n<\/div>\n<\/div>\n<\/div>\n<div class=\"divider one\">&nbsp;<\/div>\n<div class=\"standard_wrapper\">\n<div  class=\"ppb_image_boxed one_third\" style=\"margin-bottom:20px;\" >\n<div class=\"page_content_wrapper wide\">\n<div class=\"inner\">\n<div class=\"image_boxed_wrapper theme_radius\" style=\"text-align:center;>&#8222;><img decoding=\"async\" src=\"https:\/\/restorestudio.sk\/wp-content\/uploads\/2021\/08\/klasicka-masaz.jpg\" alt=\"\"\/><\/p>\n<div class=\"image_boxed_content\" style=\"padding:30px;\">\n<h3>Klassische Massage<\/h3>\n<p>Die klassische Massage gilt als ausgezeichnetes Heilverfahren und ist die Grundlage aller Massagen. Es wird vor allem aufgrund seiner breiten therapeutischen Wirkung und der gleichzeitig geringen Belastung f\u00fcr den K\u00f6rper genutzt.<\/p>\n<p><a class=\"readmore\" href=https:\/\/restorestudio.sk\/de\/masaze\/klasicka-masaz\/>Mehr erfahren<\/a><\/p>\n<\/div>\n<\/div>\n<\/div>\n<\/div>\n<\/div>\n<\/div>\n<div class=\"standard_wrapper\">\n<div  class=\"ppb_image_boxed one_third\" style=\"margin-bottom:20px;\" >\n<div class=\"page_content_wrapper wide\">\n<div class=\"inner\">\n<div class=\"image_boxed_wrapper theme_radius\" style=\"text-align:center;>&#8222;><img decoding=\"async\" src=\"https:\/\/restorestudio.sk\/wp-content\/uploads\/2021\/08\/sportova-masaz.jpg\" alt=\"\"\/><\/p>\n<div class=\"image_boxed_content\" style=\"padding:30px;\">\n<h3>Sportmassage<\/h3>\n<p>Die Sportmassage ist eine Art der klassischen Massage, bei der die Ber\u00fchrungen, ihre Geschwindigkeit, Intensit\u00e4t und Ordnung an ein bestimmtes Ziel bei der Vorbereitung des Organismus auf sportliche Leistung angepasst werden.<\/p>\n<p><a class=\"readmore\" href= https:\/\/restorestudio.sk\/de\/masaze\/sportova-masaz\/>Mehr erfahren<\/a><\/p>\n<\/div>\n<\/div>\n<\/div>\n<\/div>\n<\/div>\n<\/div>\n<div class=\"standard_wrapper\">\n<div  class=\"ppb_image_boxed one_third last\" style=\"margin-bottom:20px;\" >\n<div class=\"page_content_wrapper wide\">\n<div class=\"inner\">\n<div class=\"image_boxed_wrapper theme_radius\" style=\"text-align:center;>&#8222;><img decoding=\"async\" src=\"https:\/\/restorestudio.sk\/wp-content\/uploads\/2021\/10\/banner-mini-bankovanie.jpg\" alt=\"Bankovanie - mas\u00e1\u017ena a lie\u010debn\u00e1 met\u00f3da\"\/><\/p>\n<div class=\"image_boxed_content\" style=\"padding:30px;\">\n<h3>Schr\u00f6pfen<\/h3>\n<p>Das Prinzip des Schr\u00f6pfens beruht auf dem Auflegen spezieller Gef\u00e4\u00dfe mit erw\u00e4rmter Luft auf Problemzonen. Das f\u00f6rdert die Durchblutung, entspannt die Muskeln und lindert Schmerzen des Bewegungsapparats.<\/p>\n<p><a class=\"readmore\" href=\"\/de\/masaze\/bankovanie\/\">Mehr erfahren<\/a><\/p>\n<\/div>\n<\/div>\n<\/div>\n<\/div>\n<\/div>\n<\/div>\n<div  class=\"one ppb_boxed_text_button\" >\n<div class=\"ppb_boxed_text_button_wrapper\" style=\"background-color:;\"><a href=\"https:\/\/restorestudio.sk\/de\/masaze\/\" class=\"button\" style=\"background-color:#c6a78b;border-color:#c6a78b;color:#ffffff;\">Alle Massagen<\/a><\/div>\n<\/div>\n<div class=\"standard_wrapper\">\n<div  class=\"one_half withsmallpadding ppb_text\" style=\"text-align:left;padding:55px 0 55px 0;\" >\n<div class=\"standard_wrapper\">\n<div class=\"page_content_wrapper wide\">\n<div class=\"inner\">\n<div style=\"margin:auto;width:100%\">\n<h3 style=\"font-size:24px;font-weight:300;\">\u201cMein Weg zu einem der traditionellen und \u00e4ltesten Heilmittel in der Geschichte der Menschheit war etwas unkonventionell.\u201c<\/h3>\n<\/div>\n<\/div>\n<\/div>\n<\/div>\n<\/div>\n<\/div>\n<div class=\"standard_wrapper\">\n<div  class=\"one_half last withsmallpadding ppb_text\" style=\"font-size:16px;text-align:left;padding:50px 0 50px 0;\" >\n<div class=\"standard_wrapper\">\n<div class=\"page_content_wrapper wide\">\n<div class=\"inner\">\n<div style=\"margin:auto;width:100%\">\n<p>Die Gr\u00fcnderin des Restore Studios ist Zuzana \u010cervienkov\u00e1, die ihre Arbeit mit dem menschlichen K\u00f6rper ein Leben lang begleitet. Wie wichtig gerade die Arbeit mit den Muskeln ist, erlebte sie am eigenen Leib, als sie sich jahrelang der Leichtathletik widmete.<\/p>\n<\/div>\n<\/div>\n<\/div>\n<\/div>\n<\/div>\n<\/div>\n<div  class=\"one withsmallpadding ppb_header parallax withbg \" style=\"background-image:url(https:\/\/restorestudio.sk\/wp-content\/uploads\/2021\/10\/banner-masazny-salon-2-1.jpg);background-position: center top;text-align:center;padding:250px 0 250px 0;color:#ffffff;margin-bottom:60px;\" >\n<div class=\"overlay_background\" style=\"background:#000000;background:rgb(0,0,0,0.3);background:rgba(0,0,0,0.3);\"><\/div>\n<div class=\"standard_wrapper\">\n<div class=\"page_content_wrapper wide\">\n<div class=\"inner\">\n<div style=\"margin:auto;width:100%\">\n<h2 class=\"ppb_title\" style=\"color:#ffffff;\">Sch\u00f6nheit kommt von Ruhe<\/h2>\n<div class=\"page_tagline\" style=\"color:#ffffff;\">Keine Eile, denn nur so werden Sie sich nach der Massage wie neugeboren und erholt f\u00fchlen.<\/div>\n<\/div>\n<\/div>\n<\/div>\n<\/div>\n<\/div>\n<div  class=\"ppb_image_half_boxed_fixed_width one\" style=\"margin-bottom:40px;\" >\n<div class=\"standard_wrapper\">\n<div class=\"page_content_wrapper wide\">\n<div class=\"inner\" style=\"height:505px;\">\n<div class=\"one_half content_middle fixed parallax_text\" style=\"padding:40px; text-align:left;\">\n<div class=\"content_middle_wrapper\">\n<div class=\"content_middle_content\">\n<h2 class=\"ppb_title\" style=\"color:#333333;\">Lernen Sie unseren Salon kennen<\/h2>\n<div class=\"ppb_header_content\">\n<p>Unsere Philosophie besteht darin, Menschen dabei zu helfen, ein besseres und ges\u00fcnderes Leben zu f\u00fchren. Die Massage betrachten wir als Therapie f\u00fcr K\u00f6rper und Geist, als Mittel zur Stimulation und auch zur Beruhigung. Die Massage ist das \u00e4lteste Heilmittel in der Geschichte der Menschheit, und eine Kombination aus modernem Wissen und klassischen Verfahren ist unserer Ansicht nach der richtige Weg. In unserem Salon finden Sie eine angenehme Umgebung, qualifiziertes Personal mit ausgezeichneten Kenntnissen des menschlichen K\u00f6rpers und einen einzigartigen Ansatz, der auf unserer Geschichte basiert.<\/p>\n<p><a class=\"readmore\" href=\"https:\/\/restorestudio.sk\/de\/o-nas\/\">Mehr erfahren<\/a><\/p>\n<\/div>\n<\/div>\n<\/div>\n<\/div>\n<div class=\"one_half content_middle parallax_text last\" style=\"background-image:url(https:\/\/restorestudio.sk\/wp-content\/uploads\/2021\/10\/banner-mini-o-nas-masazny-salon.jpg)\"><\/div>\n<p><br class=\"clear\"\/><\/div>\n<\/div>\n<\/div>\n<\/div>\n<div  class=\"ppb_image_half_boxed_fixed_width one\" style=\"margin-bottom:60px;\" >\n<div class=\"standard_wrapper\">\n<div class=\"page_content_wrapper wide\">\n<div class=\"inner\" style=\"height:415px;\">\n<div class=\"one_half content_middle parallax_text\" style=\"background-image:url(https:\/\/restorestudio.sk\/wp-content\/uploads\/2021\/10\/banner-mini-profesionalny-pristup-masaze.jpg)\"><\/div>\n<div class=\"one_half last content_middle fixed parallax_text\" style=\"padding:40px;text-align:left; \">\n<div class=\"content_middle_wrapper\">\n<div class=\"content_middle_content\">\n<h2 class=\"ppb_title\" style=\"\">Professioneller Ansatz<\/h2>\n<div class=\"ppb_header_content\">\n<p>Restore Studio bietet Ihnen verschiedene Arten von Massagen, die Schmerzen lindern, den Heilungsprozess einleiten und die Regeneration sowohl k\u00f6rperlich als auch geistig verbessern. Unsere Kunden wenden sich vertrauensvoll an uns und gehen zufrieden, wie eine Reihe positiver Referenzen belegen. Der Dialog mit dem Kunden, gegenseitiges Vertrauen und das Feedback sind ein wichtiger Bestandteil unserer Arbeit. Nur so k\u00f6nnen wir gemeinsam einen Raum schaffen, um Stress und k\u00f6rperliche Schmerzen loszulassen.<\/p>\n<p><a class=\"readmore\" href=\"https:\/\/restorestudio.sk\/referencie\/\">Mehr erfahren<\/a><\/p>\n<\/div>\n<\/div>\n<\/div>\n<\/div>\n<p><br class=\"clear\"\/><\/div>\n<\/div>\n<\/div>\n<\/div>\n<div  class=\"one withsmallpadding ppb_header parallax withbg \" style=\"background-image:url(https:\/\/restorestudio.sk\/wp-content\/uploads\/2021\/08\/masaze-priestory.jpg);background-position: center top;text-align:center;padding:250px 0 250px 0;color:#ffffff;\" >\n<div class=\"overlay_background\" style=\"background:#000000;background:rgb(0,0,0,0.3);background:rgba(0,0,0,0.3);\"><\/div>\n<div class=\"standard_wrapper\">\n<div class=\"page_content_wrapper wide\">\n<div class=\"inner\">\n<div style=\"margin:auto;width:100%\">\n<h2 class=\"ppb_title\" style=\"color:#ffffff;\">G\u00f6nnen Sie sich eine hochwertige Massage<\/h2>\n<div class=\"page_tagline\" style=\"color:#ffffff;\">Erleben Sie Entspannung und Regeneration im Salon Restore Studio<\/div>\n<\/div>\n<\/div>\n<\/div>\n<\/div>\n<\/div>\n<div  class=\"one withsmallpadding ppb_header \" style=\"text-align:center;padding:40px 0 40px 0;\" >\n<div class=\"standard_wrapper\">\n<div class=\"page_content_wrapper wide\">\n<div class=\"inner\">\n<div style=\"margin:auto;width:100%\">\n<h2 class=\"ppb_title\" style=\"\">Lesen Sie die News auf unserem Blog<\/h2>\n<div class=\"page_tagline\" style=\"\">Entspannen kann man nicht nur bei einer Massage, sondern auch durch das Lesen von Beitr\u00e4gen aus der Welt der Entspannung, Wellness und Gesundheit.<\/div>\n<\/div>\n<\/div>\n<\/div>\n<\/div>\n<\/div>\n<div class=\"standard_wrapper\">\n<div  class=\"ppb_blog_grid one nopadding\" style=\"padding:40px 0 40px 0;\" >\n<div class=\"page_content_wrapper wide\">\n<div class=\"inner\">\n<div class=\"inner_wrapper\">\n<div class=\"blog_grid_wrapper sidebar_content full_width ppb_blog_posts\">\n<div id=\"post-4847\" class=\"post type-post hentry status-publish \">\n<div class=\"post_wrapper grid_layout\">\n<div class=\"post_img small static\">\n\t\t    \t    \t<a href=\"https:\/\/restorestudio.sk\/de\/najcastejsie-otazky-o-masazach\/\"><br \/>\n\t\t    \t    \t\t<img decoding=\"async\" src=\"https:\/\/restorestudio.sk\/wp-content\/uploads\/2021\/08\/najcastejsie-otazky-o-masazi-960x560.jpg\" alt=\"Die 8 h\u00e4ufigsten Fragen zur Massage\" class=\"\"\/><br \/>\n\t\t                <\/a>\n\t\t    \t    <\/div>\n<div class=\"post_content_wrapper\">\n<div class=\"post_header grid\">\n<div class=\"post_detail single_post\">\n\t\t\t\t    <span class=\"post_info_date\"><br \/>\n\t\t\t\t    \t<a href=\"https:\/\/restorestudio.sk\/de\/najcastejsie-otazky-o-masazach\/\" title=\"Die 8 h\u00e4ufigsten Fragen zur Massage\">23 augusta, 2021<\/a><br \/>\n\t\t\t\t    <\/span>\n\t\t\t\t<\/div>\n<h6><a href=\"https:\/\/restorestudio.sk\/de\/najcastejsie-otazky-o-masazach\/\" title=\"Die 8 h\u00e4ufigsten Fragen zur Massage\">Die 8 h\u00e4ufigsten Fragen zur Massage<\/a><\/h6>\n<\/p><\/div>\n<div class=\"post_header_wrapper\">\n<div class=\"post_button_wrapper\">\n\t\t\t    \t<a class=\"readmore\" href=\"https:\/\/restorestudio.sk\/de\/najcastejsie-otazky-o-masazach\/\">Read More<span class=\"ti-angle-right\"><\/span><\/a>\n\t\t\t\t\t<\/div>\n<\/p><\/div>\n<\/div><\/div>\n<\/p><\/div>\n<div id=\"post-4870\" class=\"post type-post hentry status-publish \">\n<div class=\"post_wrapper grid_layout\">\n<div class=\"post_img small static\">\n\t\t    \t    \t<a href=\"https:\/\/restorestudio.sk\/de\/bankovanie-ucinky-na-organizmus\/\"><br \/>\n\t\t    \t    \t\t<img decoding=\"async\" src=\"https:\/\/restorestudio.sk\/wp-content\/uploads\/2021\/08\/blog-cover-960x560.jpg\" alt=\"Haben Sie das Schr\u00f6pfen schon ausprobiert? Massage und Behandlungsmethode in einem\" class=\"\"\/><br \/>\n\t\t                <\/a>\n\t\t    \t    <\/div>\n<div class=\"post_content_wrapper\">\n<div class=\"post_header grid\">\n<div class=\"post_detail single_post\">\n\t\t\t\t    <span class=\"post_info_date\"><br \/>\n\t\t\t\t    \t<a href=\"https:\/\/restorestudio.sk\/de\/bankovanie-ucinky-na-organizmus\/\" title=\"Haben Sie das Schr\u00f6pfen schon ausprobiert? Massage und Behandlungsmethode in einem\">19 augusta, 2021<\/a><br \/>\n\t\t\t\t    <\/span>\n\t\t\t\t<\/div>\n<h6><a href=\"https:\/\/restorestudio.sk\/de\/bankovanie-ucinky-na-organizmus\/\" title=\"Haben Sie das Schr\u00f6pfen schon ausprobiert? Massage und Behandlungsmethode in einem\">Haben Sie das Schr\u00f6pfen schon ausprobiert? Massage und Behandlungsmethode in einem<\/a><\/h6>\n<\/p><\/div>\n<div class=\"post_header_wrapper\">\n<div class=\"post_button_wrapper\">\n\t\t\t    \t<a class=\"readmore\" href=\"https:\/\/restorestudio.sk\/de\/bankovanie-ucinky-na-organizmus\/\">Read More<span class=\"ti-angle-right\"><\/span><\/a>\n\t\t\t\t\t<\/div>\n<\/p><\/div>\n<\/div><\/div>\n<\/p><\/div>\n<div id=\"post-4883\" class=\"post type-post hentry status-publish last\">\n<div class=\"post_wrapper grid_layout\">\n<div class=\"post_img small static\">\n\t\t    \t    \t<a href=\"https:\/\/restorestudio.sk\/de\/historia-masaze\/\"><br \/>\n\t\t    \t    \t\t<img decoding=\"async\" src=\"https:\/\/restorestudio.sk\/wp-content\/uploads\/2021\/08\/historia-masaze-960x560.jpg\" alt=\"Geschichte der Massage \u2013 von der Urzeit bis zur Gegenwart\" class=\"\"\/><br \/>\n\t\t                <\/a>\n\t\t    \t    <\/div>\n<div class=\"post_content_wrapper\">\n<div class=\"post_header grid\">\n<div class=\"post_detail single_post\">\n\t\t\t\t    <span class=\"post_info_date\"><br \/>\n\t\t\t\t    \t<a href=\"https:\/\/restorestudio.sk\/de\/historia-masaze\/\" title=\"Geschichte der Massage \u2013 von der Urzeit bis zur Gegenwart\">19 augusta, 2021<\/a><br \/>\n\t\t\t\t    <\/span>\n\t\t\t\t<\/div>\n<h6><a href=\"https:\/\/restorestudio.sk\/de\/historia-masaze\/\" title=\"Geschichte der Massage \u2013 von der Urzeit bis zur Gegenwart\">Geschichte der Massage \u2013 von der Urzeit bis zur Gegenwart<\/a><\/h6>\n<\/p><\/div>\n<div class=\"post_header_wrapper\">\n<div class=\"post_button_wrapper\">\n\t\t\t    \t<a class=\"readmore\" href=\"https:\/\/restorestudio.sk\/de\/historia-masaze\/\">Read More<span class=\"ti-angle-right\"><\/span><\/a>\n\t\t\t\t\t<\/div>\n<\/p><\/div>\n<\/div><\/div>\n<\/p><\/div>\n<\/div>\n<\/div>\n<\/div>\n<\/div>\n<\/div>\n<\/div>\n","protected":false},"excerpt":{"rendered":"<p>Massagen, die Ihren K\u00f6rper und Geist entspannen Ge\u00f6ffnet von Montag bis Samstag Massagesalon Restore Studio Massagen, die Ihren K\u00f6rper und Geist entspannen Massagesalon Restore Studio Massagen, die Ihren K\u00f6rper und Geist entspannen Massagesalon Restore Studio Mo \u2013 So 09:00 \u2013 [&hellip;]<\/p>\n","protected":false},"author":1,"featured_media":0,"parent":0,"menu_order":0,"comment_status":"closed","ping_status":"closed","template":"","meta":{"ngg_post_thumbnail":0,"footnotes":""},"class_list":["post-4674","page","type-page","status-publish","hentry"],"aioseo_notices":[],"_links":{"self":[{"href":"https:\/\/restorestudio.sk\/de\/wp-json\/wp\/v2\/pages\/4674","targetHints":{"allow":["GET"]}}],"collection":[{"href":"https:\/\/restorestudio.sk\/de\/wp-json\/wp\/v2\/pages"}],"about":[{"href":"https:\/\/restorestudio.sk\/de\/wp-json\/wp\/v2\/types\/page"}],"author":[{"embeddable":true,"href":"https:\/\/restorestudio.sk\/de\/wp-json\/wp\/v2\/users\/1"}],"replies":[{"embeddable":true,"href":"https:\/\/restorestudio.sk\/de\/wp-json\/wp\/v2\/comments?post=4674"}],"version-history":[{"count":23,"href":"https:\/\/restorestudio.sk\/de\/wp-json\/wp\/v2\/pages\/4674\/revisions"}],"predecessor-version":[{"id":4918,"href":"https:\/\/restorestudio.sk\/de\/wp-json\/wp\/v2\/pages\/4674\/revisions\/4918"}],"wp:attachment":[{"href":"https:\/\/restorestudio.sk\/de\/wp-json\/wp\/v2\/media?parent=4674"}],"curies":[{"name":"wp","href":"https:\/\/api.w.org\/{rel}","templated":true}]}}