{"id":4652,"date":"2022-10-28T07:52:50","date_gmt":"2022-10-28T07:52:50","guid":{"rendered":"https:\/\/restorestudio.sk\/extra-sluzby\/"},"modified":"2023-04-26T15:03:44","modified_gmt":"2023-04-26T15:03:44","slug":"extras","status":"publish","type":"page","link":"https:\/\/restorestudio.sk\/de\/extras\/","title":{"rendered":"Extras"},"content":{"rendered":"<div  class=\"one withsmallpadding ppb_header \" style=\"text-align:center;padding:60px 0 60px 0;margin-top:100px;\" >\n<div class=\"standard_wrapper\">\n<div class=\"page_content_wrapper wide\">\n<div class=\"inner\">\n<div style=\"margin:auto;width:90%\">\n<h2 class=\"ppb_title\" style=\"\">Zus\u00e4tzliche Dienstleistungen f\u00fcr Sie im Restore Studio<\/h2>\n<div class=\"ppb_header_content\"><strong>Der Restore Studio Massagesalon <\/strong>  bietet Ihnen zus\u00e4tzliche Neuigkeiten. Dabei handelt es sich um Dienstleistungen, die das Erlebnis durch die Massagen, die Restore Studio anbietet, noch vertiefen. Ziel dieser Neuheiten ist es, dem <strong>Kunden besseren Komfort und Boni<\/strong>, zu bieten, f\u00fcr ein besseres Massageerlebnis, mehr Regeneration und Entspannung. Wichtig ist dabei, dass die Zusatzdienste nur bei ausgew\u00e4hlten Dienstleistungen und Massagen genutzt werden und berechnet werden. <\/div>\n<\/div>\n<\/div>\n<\/div>\n<\/div>\n<\/div>\n<div  class=\"one ppb_card_two_cols_with_image\" style=\"position:relative;padding:20px 0 20px 0;\" >\n<div class=\"standard_wrapper\">\n<div class=\"page_content_wrapper wide\">\n<div class=\"inner\">\n<div class=\"one_half parallax_scroll parallax_text\" style=\"width:40%;position:absolute;padding:20px;z-index:2;block !important;background:#fff;\" data-stellar-ratio=\"1.3\">\n<h2 class=\"ppb_title\" style=\"\">Die Inversionsbank macht Schluss mit R\u00fcckenschmerzen <\/h2>\n<div class=\"ppb_header_content\">\n<p>Ein neues Ger\u00e4t im Restore Studio, die <strong>Inversionsbank von Klarfit<\/strong>, lindert wirksam R\u00fcck- und Bandscheibenschmerzen durch eine physiologische Dehnung der Wirbels\u00e4ule. Dar\u00fcber hinaus verbessert die regelm\u00e4\u00dfige Anwendung den Blutkreislauf,<strong>lindert Kopfschmerzen und hilft beim Kampf gegen Krampfadern<\/strong>. Geeignet f\u00fcr alle Altersklassen.<\/p>\n<\/div>\n<\/div>\n<div class=\"one_half parallax_scroll_image last\" style=\"width:30%;\">\n<div class=\"image_classic_frame expand\">\n<div class=\"image_wrapper\"><img decoding=\"async\" src=\"https:\/\/restorestudio.sk\/wp-content\/uploads\/2022\/10\/inverzna-lavicka-klarfit.jpg\" alt=\"\" class=\"portfolio_img\"\/><\/div>\n<\/div>\n<\/div>\n<p><br class=\"clear\"\/><\/div>\n<\/div>\n<\/div>\n<\/div>\n<\/div>\n<div  class=\"one ppb_card_two_cols_with_image\" style=\"position:relative;padding:20px 0 20px 0;\" >\n<div class=\"standard_wrapper\">\n<div class=\"page_content_wrapper wide\">\n<div class=\"inner\">\n<div class=\"one_half parallax_scroll_image\" style=\"width:30%;\">\n<div class=\"image_classic_frame expand\">\n<div class=\"image_wrapper\"><img decoding=\"async\" src=\"https:\/\/restorestudio.sk\/wp-content\/uploads\/2022\/10\/biolampa-active-bio-1.jpg\" alt=\"\" class=\"portfolio_img\"\/><\/div>\n<\/div>\n<\/div>\n<div class=\"one_half last parallax_scroll parallax_text\" style=\"width:40%;position:absolute;padding:20px;background:#fff;\" data-stellar-ratio=\"1.3\">\n<h2 class=\"ppb_title\" style=\"\">Lichttherapie zu ausgew\u00e4hlten Massagen im Restore Studio<\/h2>\n<div class=\"ppb_header_content\">\n<p>F\u00fcr ausgew\u00e4hlte Massagen und Therapien steht im Restore Studio eine zertifizierte und effektive<strong> Biolampe ACTIVE BIO+<\/strong>zur Verf\u00fcgung. Die Lichttherapie wird <strong>bei Gelenk-, Sehnen- und Muskelschmerzen <\/strong>eingesetzt. Das polarisierende Licht beschleunigt auch die Wundheilung.<\/p>\n<\/div>\n<\/div>\n<p><br class=\"clear\"\/><\/div>\n<\/div>\n<\/div>\n<\/div>\n<\/div>\n<div  class=\"one ppb_card_two_cols_with_image\" style=\"background-color: #FFF;position:relative;padding:40px 0 40px 0;\" >\n<div class=\"standard_wrapper\">\n<div class=\"page_content_wrapper wide\">\n<div class=\"inner\">\n<div class=\"one_half parallax_scroll parallax_text\" style=\"width:40%;position:absolute;padding:40px;z-index:2;block !important;background:#ffffff;\" data-stellar-ratio=\"1.3\">\n<h2 class=\"ppb_title\" style=\"\">Paraffinpackungen zur Entspannung von Muskeln und Gelenken<\/h2>\n<div class=\"ppb_header_content\">\n<p>Ausgew\u00e4hlte Prozeduren werden bei Restore Studio durch Packungen erweitert, die steife und schmerzende Muskeln und Gelenke entspannen. Unter einer<strong> Paraffinschicht kommt es zu einer wirksamen Erw\u00e4rmung <\/strong>und Durchblutung der Haut. Nach einer <strong>Paraffinpackung<\/strong> versp\u00fcren Sie ein ausgepr\u00e4gtes Gef\u00fchl der Erleichterung. <\/p>\n<\/div>\n<\/div>\n<div class=\"one_half parallax_scroll_image last\" style=\"width:50%;\">\n<div class=\"image_classic_frame expand\">\n<div class=\"image_wrapper\"><img decoding=\"async\" src=\"https:\/\/restorestudio.sk\/wp-content\/uploads\/2022\/10\/parafinove-zabaly-1.jpg\" alt=\"\" class=\"portfolio_img\"\/><\/div>\n<\/div>\n<\/div>\n<p><br class=\"clear\"\/><\/div>\n<\/div>\n<\/div>\n<\/div>\n<\/div>\n<div  class=\"one withsmallpadding ppb_header parallax withbg \" style=\"background-image:url(https:\/\/restorestudio.sk\/wp-content\/uploads\/2021\/08\/cennik-masaze.jpg);background-position: center top;text-align:right;padding:150px 0 150px 0;color:#ffffff;\" >\n<div class=\"standard_wrapper\">\n<div class=\"page_content_wrapper wide\">\n<div class=\"inner\">\n<div style=\"margin:auto;width:100%\">\n<h2 class=\"ppb_title\" style=\"color:#ffffff;\">G\u00f6nnen Sie sich eine hochwertige Massage<\/h2>\n<div class=\"page_tagline\" style=\"color:#ffffff;\">Erleben Sie Entspannung und Regeneration im Salon Restore Studio<\/div>\n<\/div>\n<\/div>\n<\/div>\n<\/div>\n<\/div>\n","protected":false},"excerpt":{"rendered":"<p>Zus\u00e4tzliche Dienstleistungen f\u00fcr Sie im Restore Studio Der Restore Studio Massagesalon bietet Ihnen zus\u00e4tzliche Neuigkeiten. Dabei handelt es sich um Dienstleistungen, die das Erlebnis durch die Massagen, die Restore Studio anbietet, noch vertiefen. Ziel dieser Neuheiten ist es, dem Kunden [&hellip;]<\/p>\n","protected":false},"author":5,"featured_media":0,"parent":0,"menu_order":0,"comment_status":"closed","ping_status":"closed","template":"","meta":{"ngg_post_thumbnail":0,"footnotes":""},"class_list":["post-4652","page","type-page","status-publish","hentry"],"aioseo_notices":[],"_links":{"self":[{"href":"https:\/\/restorestudio.sk\/de\/wp-json\/wp\/v2\/pages\/4652","targetHints":{"allow":["GET"]}}],"collection":[{"href":"https:\/\/restorestudio.sk\/de\/wp-json\/wp\/v2\/pages"}],"about":[{"href":"https:\/\/restorestudio.sk\/de\/wp-json\/wp\/v2\/types\/page"}],"author":[{"embeddable":true,"href":"https:\/\/restorestudio.sk\/de\/wp-json\/wp\/v2\/users\/5"}],"replies":[{"embeddable":true,"href":"https:\/\/restorestudio.sk\/de\/wp-json\/wp\/v2\/comments?post=4652"}],"version-history":[{"count":18,"href":"https:\/\/restorestudio.sk\/de\/wp-json\/wp\/v2\/pages\/4652\/revisions"}],"predecessor-version":[{"id":4681,"href":"https:\/\/restorestudio.sk\/de\/wp-json\/wp\/v2\/pages\/4652\/revisions\/4681"}],"wp:attachment":[{"href":"https:\/\/restorestudio.sk\/de\/wp-json\/wp\/v2\/media?parent=4652"}],"curies":[{"name":"wp","href":"https:\/\/api.w.org\/{rel}","templated":true}]}}