{"id":4643,"date":"2017-06-07T04:39:33","date_gmt":"2017-06-07T04:39:33","guid":{"rendered":"https:\/\/restorestudio.sk\/riesenia-problemov\/"},"modified":"2023-04-26T14:55:22","modified_gmt":"2023-04-26T14:55:22","slug":"massage-von-problematischen-bereichen","status":"publish","type":"page","link":"https:\/\/restorestudio.sk\/de\/massage-von-problematischen-bereichen\/","title":{"rendered":"Massage von problematischen Bereichen"},"content":{"rendered":"<div  class=\"one fullwidth \">\n\t\t\t<!-- START Rie\u0161enie probl\u00e9mov REVOLUTION SLIDER 6.4.11 --><\/p>\n<p class=\"rs-p-wp-fix\">\n<p>\t\t\t<rs-module-wrap id=\"rev_slider_6_1_wrapper\" data-alias=\"masaze-11\" data-source=\"gallery\" style=\"background:#000000;padding:0;margin:0px auto;margin-top:0;margin-bottom:0;\"><br \/>\n\t\t\t\t<rs-module id=\"rev_slider_6_1\" style=\"\" data-version=\"6.4.11\"><br \/>\n\t\t\t\t\t<rs-slides><br \/>\n\t\t\t\t\t\t<rs-slide data-key=\"rs-27\" data-title=\"Slide\" data-in=\"o:0;\" data-out=\"a:false;\"><br \/>\n\t\t\t\t\t\t\t<img loading=\"lazy\" decoding=\"async\" src=\"\/\/restore.testovacka.sk\/wp-content\/uploads\/2021\/08\/problematicke-oblasti.jpg\" title=\"problematicke-oblasti\" width=\"1920\" height=\"590\" class=\"rev-slidebg tp-rs-img\" data-no-retina><br \/>\n<!--\n\t\t\t\t\t\t\t--><rs-layer\n\t\t\t\t\t\t\t\tid=\"slider-6-slide-27-layer-1\" \n\t\t\t\t\t\t\t\tdata-type=\"text\"\n\t\t\t\t\t\t\t\tdata-color=\"#ffffff\"\n\t\t\t\t\t\t\t\tdata-rsp_ch=\"on\"\n\t\t\t\t\t\t\t\tdata-xy=\"x:c;xo:1px;y:c;yo:60px;\"\n\t\t\t\t\t\t\t\tdata-text=\"s:30;l:22;ls:-1px;fw:300;a:inherit;\"\n\t\t\t\t\t\t\t\tdata-dim=\"h:30px;\"\n\t\t\t\t\t\t\t\tdata-padding=\"r:40;l:40;\"\n\t\t\t\t\t\t\t\tdata-frame_0=\"sX:0.8;sY:0.8;blu:10px;\"\n\t\t\t\t\t\t\t\tdata-frame_1=\"e:power4.out;st:1000;sp:1500;sR:1000;\"\n\t\t\t\t\t\t\t\tdata-frame_999=\"o:0;st:w;sp:1500;sR:6500;\"\n\t\t\t\t\t\t\t\tstyle=\"z-index:5;font-family:Encode Sans;\"\n\t\t\t\t\t\t\t>Schnelle Linderung von k\u00f6rperlichen Schmerzen<\/p>\n<p>\t\t\t\t\t\t\t<\/rs-layer><!--\n\n\t\t\t\t\t\t\t--><rs-layer\n\t\t\t\t\t\t\t\tid=\"slider-6-slide-27-layer-2\" \n\t\t\t\t\t\t\t\tdata-type=\"text\"\n\t\t\t\t\t\t\t\tdata-color=\"rgba(255, 255, 255, 1)\"\n\t\t\t\t\t\t\t\tdata-rsp_ch=\"on\"\n\t\t\t\t\t\t\t\tdata-xy=\"x:c;y:c;\"\n\t\t\t\t\t\t\t\tdata-text=\"w:normal;s:65;l:75;ls:-1px;a:center;\"\n\t\t\t\t\t\t\t\tdata-dim=\"w:100%;\"\n\t\t\t\t\t\t\t\tdata-padding=\"r:40;l:40;\"\n\t\t\t\t\t\t\t\tdata-frame_0=\"sX:0.8;sY:0.8;blu:10px;\"\n\t\t\t\t\t\t\t\tdata-frame_1=\"e:power4.out;st:1000;sp:1500;sR:1000;\"\n\t\t\t\t\t\t\t\tdata-frame_999=\"o:0;st:w;sp:1500;sR:6500;\"\n\t\t\t\t\t\t\t\tstyle=\"z-index:6;font-family:Encode Sans;\"\n\t\t\t\t\t\t\t>Massage von problematischen Bereichen<br \/>\n\t\t\t\t\t\t\t<\/rs-layer><!--\n-->\t\t\t\t\t\t<\/rs-slide><br \/>\n\t\t\t\t\t<\/rs-slides><br \/>\n\t\t\t\t<\/rs-module><br \/>\n\t\t\t\t<script type=\"text\/javascript\">\n\t\t\t\t\tsetREVStartSize({c: 'rev_slider_6_1',rl:[1240,1024,778,480],el:[800],gw:[1240],gh:[800],type:'standard',justify:'',layout:'fullwidth',mh:\"0\"});\n\t\t\t\t\tvar\trevapi6,\n\t\t\t\t\t\ttpj;\n\t\t\t\t\tfunction revinit_revslider61() {\n\t\t\t\t\tjQuery(function() {\n\t\t\t\t\t\ttpj = jQuery;\n\t\t\t\t\t\trevapi6 = tpj(\"#rev_slider_6_1\");\n\t\t\t\t\t\tif(revapi6==undefined || revapi6.revolution == undefined){\n\t\t\t\t\t\t\trevslider_showDoubleJqueryError(\"rev_slider_6_1\");\n\t\t\t\t\t\t}else{\n\t\t\t\t\t\t\trevapi6.revolution({\n\t\t\t\t\t\t\t\tDPR:\"dpr\",\n\t\t\t\t\t\t\t\tsliderLayout:\"fullwidth\",\n\t\t\t\t\t\t\t\tvisibilityLevels:\"1240,1024,778,480\",\n\t\t\t\t\t\t\t\tgridwidth:1240,\n\t\t\t\t\t\t\t\tgridheight:800,\n\t\t\t\t\t\t\t\tspinner:\"spinner3\",\n\t\t\t\t\t\t\t\tperspective:600,\n\t\t\t\t\t\t\t\tperspectiveType:\"local\",\n\t\t\t\t\t\t\t\teditorheight:\"800,768,960,720\",\n\t\t\t\t\t\t\t\tresponsiveLevels:\"1240,1024,778,480\",\n\t\t\t\t\t\t\t\tprogressBar:{disableProgressBar:true},\n\t\t\t\t\t\t\t\tnavigation: {\n\t\t\t\t\t\t\t\t\tonHoverStop:false\n\t\t\t\t\t\t\t\t},\n\t\t\t\t\t\t\t\tfallbacks: {\n\t\t\t\t\t\t\t\t\tallowHTML5AutoPlayOnAndroid:true\n\t\t\t\t\t\t\t\t},\n\t\t\t\t\t\t\t});\n\t\t\t\t\t\t}<\/p>\n<p>\t\t\t\t\t});\n\t\t\t\t\t} \/\/ End of RevInitScript\n\t\t\t\tvar once_revslider61 = false;\n\t\t\t\tif (document.readyState === \"loading\") {document.addEventListener('readystatechange',function() { if((document.readyState === \"interactive\" || document.readyState === \"complete\") && !once_revslider61 ) { once_revslider61 = true; revinit_revslider61();}});} else {once_revslider61 = true; revinit_revslider61();}\n\t\t\t\t<\/script><\/p>\n<style type=\"text\/css\">#rev_slider_6_1_wrapper rs-loader.spinner3 div{background-color:#efa697 !important}<\/style>\n<p>\t\t\t<\/rs-module-wrap><br \/>\n\t\t\t<!-- END REVOLUTION SLIDER -->\n<\/div>\n<div  class=\"one ppb_boxed_text_button\" style=\"top:-32px;margin-top:-32px;margin-bottom:60px;\" >\n<div class=\"ppb_boxed_text_button_wrapper\" style=\"background-color:#ffffff;\">\n<div class=\"ppb_boxed_text_button_content\" style=\"color:;\"><span class=\"ti-alarm-clock\" style=\"margin-right:10px;\"><\/span>Mo \u2013 So 09:00 \u2013 21:00 Uhr<\/div>\n<p><a href=\"https:\/\/services.bookio.com\/restore-studio\/widget?lang=sk\" class=\"button\" style=\"background-color:#efa697;border-color:#efa697;color:#ffffff;\">TERMIN VEREINBAREN<\/a><\/div>\n<\/div>\n<div  class=\"one withsmallpadding ppb_header \" style=\"text-align:center;padding:40px 0 40px 0;\" >\n<div class=\"standard_wrapper\">\n<div class=\"page_content_wrapper wide\">\n<div class=\"inner\">\n<div style=\"margin:auto;width:100%\">\n<h2 class=\"ppb_title\" style=\"\">Problembereiche, denen wir uns widmen<\/h2>\n<div class=\"ppb_header_content\">W\u00e4hrend entspannende Massagen Stress und Verspannungen abbauen, konzentrieren sich therapeutische Massagen im Restore Studio in Bratislava auf Problemzonen Ihres K\u00f6rpers und sind darauf ausgerichtet, Schmerzen zu lindern und schnell und effizient k\u00f6rperliche Erleichterung zu verschaffen. Die therapeutische Wirkung der Massage wird am h\u00e4ufigsten bei R\u00fcckenschmerzen in Anspruch genommen, aber in unserem Massagestudio behandeln wir fast alle Teile des menschlichen K\u00f6rpers.<\/div>\n<\/div>\n<\/div>\n<\/div>\n<\/div>\n<\/div>\n<div class=\"standard_wrapper\">\n<div class=\"one withsmallpadding ppb_line_divider\"  style=\"text-align:center;padding:0px 0 0px 0;margin-bottom:40px;\" >\n<div class=\"page_content_wrapper wide\">\n<div class=\"inner\">\n<div class=\"line_divider_border\" style=\"width:100px;\"><\/div>\n<div class=\"line_divider_seperator\"><i class=\"fa fa-leaf\" style=\"color:#c6a78b;\"><\/i><\/div>\n<div class=\"line_divider_border\" style=\"width:100px;\"><\/div>\n<\/div>\n<\/div>\n<\/div>\n<\/div>\n<div class=\"standard_wrapper\">\n<div  class=\"ppb_image_boxed one_third\" style=\"margin-bottom:50px;\" >\n<div class=\"page_content_wrapper wide\">\n<div class=\"inner\">\n<div class=\"image_boxed_wrapper theme_radius\" style=\"text-align:center;>&#8222;><img decoding=\"async\" src=\"https:\/\/restorestudio.sk\/wp-content\/uploads\/2021\/08\/hlava-a-krk.jpg\" alt=\"\"\/><\/p>\n<div class=\"image_boxed_content\" style=\"padding:30px;\">\n<h3>Kopf und Hals<\/h3>\n<p>Pri chronick\u00fdch aj ak\u00fatnych bolestiach hlavy alebo krku v\u00e1m pom\u00f4\u017ee zdravotn\u00e1 mas\u00e1\u017e. Uvo\u013en\u00ed strnul\u00fa \u0161iju a ramen\u00e1 a odstr\u00e1ni boles\u0165 hlavy. Vysk\u00fa\u0161ajte aj na\u0161u klasick\u00fa mas\u00e1\u017e, bankovanie, mas\u00e1\u017e chodidiel alebo jemn\u00e9 manu\u00e1lne terapie.<\/p>\n<p><a class=\"readmore\" href=\"https:\/\/restorestudio.sk\/de\/masaze\/\">Mehr erfahren<\/a><\/p>\n<\/div>\n<\/div>\n<\/div>\n<\/div>\n<\/div>\n<\/div>\n<div class=\"standard_wrapper\">\n<div  class=\"ppb_image_boxed one_third\" style=\"margin-bottom:50px;\" >\n<div class=\"page_content_wrapper wide\">\n<div class=\"inner\">\n<div class=\"image_boxed_wrapper theme_radius\" style=\"text-align:center;>&#8222;><img decoding=\"async\" src=\"https:\/\/restorestudio.sk\/wp-content\/uploads\/2021\/08\/chrbat.jpg\" alt=\"\"\/><\/p>\n<div class=\"image_boxed_content\" style=\"padding:30px;\">\n<h3>R\u00fccken<\/h3>\n<p>R\u00fcckenschmerzen sind die h\u00e4ufigste Art von Schmerzen, denen wir bei Klienten begegnen. Bei steifen Muskeln vom ganzt\u00e4gigen Sitzen bei der Arbeit und beim Autofahren, versuchen Sie die Dorn-Methode, die Breuss-Massage und die myofasziale Massage mit Triggerpunkten.<\/p>\n<p><a class=\"readmore\" href=\"https:\/\/restorestudio.sk\/de\/masaze\/\">Mehr erfahren<\/a><\/p>\n<\/div>\n<\/div>\n<\/div>\n<\/div>\n<\/div>\n<\/div>\n<div class=\"standard_wrapper\">\n<div  class=\"ppb_image_boxed one_third last\" style=\"margin-bottom:50px;\" >\n<div class=\"page_content_wrapper wide\">\n<div class=\"inner\">\n<div class=\"image_boxed_wrapper theme_radius\" style=\"text-align:center;>&#8222;><img decoding=\"async\" src=\"https:\/\/restorestudio.sk\/wp-content\/uploads\/2021\/08\/horne-koncatiny.jpg\" alt=\"\"\/><\/p>\n<div class=\"image_boxed_content\" style=\"padding:30px;\">\n<h3>Obere Gliedma\u00dfen<\/h3>\n<p>Wiederholte \u00dcberbeanspruchung der Hand, sei es bei der Arbeit oder beim Sport, und stereotype Aufgaben f\u00fchren zu Hand- und Handgelenkschmerzen und zum Karpaltunnelsyndrom. In diesem Fall empfehlen wir unsere Sportmassage oder eine myofasziale Massage.<\/p>\n<p><a class=\"readmore\" href=\"https:\/\/restorestudio.sk\/de\/masaze\/\">Mehr erfahren<\/a><\/p>\n<\/div>\n<\/div>\n<\/div>\n<\/div>\n<\/div>\n<\/div>\n<div class=\"standard_wrapper\">\n<div  class=\"ppb_image_boxed one_third\" style=\"margin-bottom:60px;\" >\n<div class=\"page_content_wrapper wide\">\n<div class=\"inner\">\n<div class=\"image_boxed_wrapper theme_radius\" style=\"text-align:center;>&#8222;><img decoding=\"async\" src=\"https:\/\/restorestudio.sk\/wp-content\/uploads\/2021\/08\/dolne-koncatiny.jpg\" alt=\"\"\/><\/p>\n<div class=\"image_boxed_content\" style=\"padding:30px;\">\n<h3>Untere Gliedma\u00dfen<\/h3>\n<p>Die Massage der unteren Extremit\u00e4ten ist sowohl Teil der klassischen als auch der Sportmassage. Beim Schr\u00f6pfen werden Sie von Schwellungen befreit, die das Lymphsystem in Schwung bringen. Die Gelenke und Wirbel wiederum werden durch sanfte manuelle Therapien wie die Dorn-Methode und die Breuss-Massage in die richtige Position gebracht.<\/p>\n<p><a class=\"readmore\" href=\"https:\/\/restorestudio.sk\/de\/masaze\/\">Mehr erfahren<\/a><\/p>\n<\/div>\n<\/div>\n<\/div>\n<\/div>\n<\/div>\n<\/div>\n<div class=\"standard_wrapper\">\n<div  class=\"ppb_image_boxed one_third\" style=\"margin-bottom:60px;\" >\n<div class=\"page_content_wrapper wide\">\n<div class=\"inner\">\n<div class=\"image_boxed_wrapper theme_radius\" style=\"text-align:center;>&#8222;><img decoding=\"async\" src=\"https:\/\/restorestudio.sk\/wp-content\/uploads\/2021\/08\/telo.jpg\" alt=\"\"\/><\/p>\n<div class=\"image_boxed_content\" style=\"padding:30px;\">\n<h3>K\u00f6rper<\/h3>\n<p>Wenn Sie unter Symptomen wie M\u00fcdigkeit, Stress oder Schlaflosigkeit leiden, sind eine klassische Massage, die Erleichterung bringt, und die Fu\u00dfmassage f\u00fcr Sie geeignet. Diese werden die Haut durchbluten und sogar entfernte Organe beeinflussen. Die St\u00e4rkung der Immunit\u00e4t wiederum wird durch regelm\u00e4\u00dfiges Schr\u00f6pfen erreicht.<\/p>\n<p><a class=\"readmore\" href=\"https:\/\/restorestudio.sk\/de\/masaze\/\">Mehr erfahren<\/a><\/p>\n<\/div>\n<\/div>\n<\/div>\n<\/div>\n<\/div>\n<\/div>\n","protected":false},"excerpt":{"rendered":"<p>Schnelle Linderung von k\u00f6rperlichen Schmerzen Massage von problematischen Bereichen Mo \u2013 So 09:00 \u2013 21:00 Uhr TERMIN VEREINBAREN Problembereiche, denen wir uns widmen W\u00e4hrend entspannende Massagen Stress und Verspannungen abbauen, konzentrieren sich therapeutische Massagen im Restore Studio in Bratislava auf [&hellip;]<\/p>\n","protected":false},"author":1,"featured_media":0,"parent":0,"menu_order":0,"comment_status":"closed","ping_status":"closed","template":"","meta":{"ngg_post_thumbnail":0,"footnotes":""},"class_list":["post-4643","page","type-page","status-publish","hentry"],"aioseo_notices":[],"_links":{"self":[{"href":"https:\/\/restorestudio.sk\/de\/wp-json\/wp\/v2\/pages\/4643","targetHints":{"allow":["GET"]}}],"collection":[{"href":"https:\/\/restorestudio.sk\/de\/wp-json\/wp\/v2\/pages"}],"about":[{"href":"https:\/\/restorestudio.sk\/de\/wp-json\/wp\/v2\/types\/page"}],"author":[{"embeddable":true,"href":"https:\/\/restorestudio.sk\/de\/wp-json\/wp\/v2\/users\/1"}],"replies":[{"embeddable":true,"href":"https:\/\/restorestudio.sk\/de\/wp-json\/wp\/v2\/comments?post=4643"}],"version-history":[{"count":8,"href":"https:\/\/restorestudio.sk\/de\/wp-json\/wp\/v2\/pages\/4643\/revisions"}],"predecessor-version":[{"id":4916,"href":"https:\/\/restorestudio.sk\/de\/wp-json\/wp\/v2\/pages\/4643\/revisions\/4916"}],"wp:attachment":[{"href":"https:\/\/restorestudio.sk\/de\/wp-json\/wp\/v2\/media?parent=4643"}],"curies":[{"name":"wp","href":"https:\/\/api.w.org\/{rel}","templated":true}]}}