{"id":4633,"date":"2021-10-28T16:06:56","date_gmt":"2021-10-28T16:06:56","guid":{"rendered":"https:\/\/restorestudio.sk\/tehotenska-masaz\/"},"modified":"2023-04-26T15:01:52","modified_gmt":"2023-04-26T15:01:52","slug":"schwangerschaftsmassage","status":"publish","type":"page","link":"https:\/\/restorestudio.sk\/de\/massagen\/schwangerschaftsmassage\/","title":{"rendered":"Schwangerschaftsmassage"},"content":{"rendered":"<div  class=\"one withsmallpadding ppb_header \" style=\"text-align:center;padding:40px 0 40px 0;margin-top:150px;\" >\n<div class=\"standard_wrapper\">\n<div class=\"page_content_wrapper wide\">\n<div class=\"inner\">\n<div style=\"margin:auto;width:100%\">\n<h2 class=\"ppb_title\" style=\"\">Schwangerschaftsmassage<\/h2>\n<div class=\"ppb_header_content\">Massage f\u00fcr das Wohlbefinden zuk\u00fcnftiger M\u00fctter. W\u00e4hlen Sie eine Massage in der Schwangerschaft bei uns im Restore Studio.<\/div>\n<\/div>\n<\/div>\n<\/div>\n<\/div>\n<\/div>\n<div id=\"https:\/\/services.bookio.com\/restore-studio\/widget?lang=sk\" class=\"one ppb_card_two_cols_with_image\" style=\"padding-top:0 !important;position:relative;padding:40px 0 40px 0;margin-top:40px;\" >\n<div class=\"standard_wrapper\">\n<div class=\"page_content_wrapper wide\">\n<div class=\"inner\">\n<div class=\"one_half parallax_scroll parallax_text\" style=\"width:40%;position:absolute;padding:40px;z-index:2;block !important;background:#fff;\" data-stellar-ratio=\"1.3\">\n<h2 class=\"ppb_title\" style=\"\">Probieren Sie die Schwangerschaftsmassage aus und lernen Sie ihre Vorteile kennen<\/h2>\n<div class=\"ppb_header_content\">\n<p>Die Schwangerschaftsmassage dient zuk\u00fcnftigen M\u00fcttern und konzentriert sich besonders auf ihre Bed\u00fcrfnisse w\u00e4hrend der Schwangerschaft. Die Massage ist sowohl f\u00fcr Mama als auch f\u00fcr das Baby sicher, wir widmen uns dabei Ihren individuellen Bed\u00fcrfnissen. Eine geeignete Position f\u00fcr die Massage ist die Seitenlage, die gr\u00f6\u00dftm\u00f6glichen Komfort garantiert. G\u00f6nnen Sie sich die notwendige Ruhe und lindern Sie die unangenehmen Symptome, die mit der Schwangerschaft verbunden sind.<\/p>\n<p><a class=\"readmore\" href=\"https:\/\/services.bookio.com\/restore-studio\/widget?lang=sk\">Termin vereinbaren<\/a><\/p>\n<\/div>\n<\/div>\n<div class=\"one_half parallax_scroll_image last\" style=\"width:65%;\">\n<div class=\"image_classic_frame expand\">\n<div class=\"image_wrapper\"><img decoding=\"async\" src=\"https:\/\/restorestudio.sk\/wp-content\/uploads\/2021\/10\/banner-mini-tehotenska-masaz.jpg\" alt=\"\" class=\"portfolio_img\"\/><\/div>\n<\/div>\n<\/div>\n<p><br class=\"clear\"\/><\/div>\n<\/div>\n<\/div>\n<\/div>\n<\/div>\n<div class=\"standard_wrapper\">\n<div  class=\"one_third withsmallpadding ppb_text\" style=\"text-align:left;padding:50px 0 50px 0;\" >\n<div class=\"standard_wrapper\">\n<div class=\"page_content_wrapper wide\">\n<div class=\"inner\">\n<div style=\"margin:auto;width:100%\">\n<p><span style=\"font-weight:500;font-size:16px;color:#333;\">Wirkungen der Schwangerschaftsmassage<\/span><\/p>\n<p>Die Schwangerschaftsmassage hilft nicht nur gegen Kopfschmerzen, R\u00fccken- und Gelenkschmerzen, sondern hilft auch, Schwellungen in den Gliedma\u00dfen zu lindern. Sie lindert M\u00fcdigkeit und Verspannungen, verbessert den Schlaf und die Durchblutung.<br \/>\nDie Massage bietet Ihnen und Ihrem K\u00f6rper einfach die n\u00f6tige Entspannung w\u00e4hrend der Schwangerschaft. Eine Massage f\u00fcr werdende M\u00fctter ist speziell darauf ausgerichtet, ihr k\u00f6rperliches Wohlbefinden zu unterst\u00fctzen.<\/p>\n<\/div>\n<\/div>\n<\/div>\n<\/div>\n<\/div>\n<\/div>\n<div class=\"standard_wrapper\">\n<div  class=\"one_third withsmallpadding ppb_text\" style=\"text-align:left;padding:50px 0 50px 0;\" >\n<div class=\"standard_wrapper\">\n<div class=\"page_content_wrapper wide\">\n<div class=\"inner\">\n<div style=\"margin:auto;width:100%\">\n<p><span style=\"font-weight: 500; font-size: 16px; color: #333;\">F\u00fcr wen sie sich eignet<\/p>\n<p>Die Schwangerschaftsmassage eignet sich bei folgenden Leiden:<\/p>\n<ul>\n<li>Kopf, R\u00fccken und Gelenkschmerzen\n<li>schlechtem Schlaf\n<li>M\u00fcdigkeit\n<li>Muskelspannung\n<li>Schwellungen der Gliedma\u00dfen<\/li>\n<\/ul>\n<\/div>\n<\/div>\n<\/div>\n<\/div>\n<\/div>\n<\/div>\n<div class=\"standard_wrapper\">\n<div  class=\"one_third last withsmallpadding ppb_text\" style=\"text-align:left;padding:50px 0 50px 0;\" >\n<div class=\"standard_wrapper\">\n<div class=\"page_content_wrapper wide\">\n<div class=\"inner\">\n<div style=\"margin:auto;width:100%\">\n<p><span style=\"font-weight:500;font-size:16px;color:#333;\">Medizinische Kontraindikationen<\/span><\/p>\n<p>Wir empfehlen die Schwangerschaftsmassage f\u00fcr Frauen im 3. bis 7. Schwangerschaftsmonat. Es ist ratsam, uns vor der Massage mitzuteilen, im wievielten Monat oder in welcher Woche Sie schwanger sind, damit wir Ihnen und Ihrem Baby eine sichere Massage bieten k\u00f6nnen. Wir empfehlen Ihnen auch, Ihren Arzt zu konsultieren, bevor Sie sich einer Massage unterziehen.<\/p>\n<\/div>\n<\/div>\n<\/div>\n<\/div>\n<\/div>\n<\/div>\n<div  class=\"one ppb_boxed_text_button\" style=\"top:-32px;margin-bottom:40px;\" >\n<div class=\"ppb_boxed_text_button_wrapper\" style=\"background-color:;\"><a href=\"https:\/\/services.bookio.com\/restore-studio\/widget?lang=sk\" class=\"button\" style=\"background-color:#c6a78b;border-color:#c6a78b;\">Termin vereinbaren<\/a><\/div>\n<\/div>\n<div id=\"news\" class=\"one withsmallpadding ppb_header parallax withbg \" style=\"background-image:url(https:\/\/restorestudio.sk\/wp-content\/uploads\/2021\/08\/masaze-priestory.jpg);background-position: center top;text-align:center;padding:250px 0 250px 0;color:#ffffff;\" >\n<div class=\"overlay_background\" style=\"background:#000000;background:rgb(0,0,0,0.3);background:rgba(0,0,0,0.3);\"><\/div>\n<div class=\"standard_wrapper\">\n<div class=\"page_content_wrapper wide\">\n<div class=\"inner\">\n<div style=\"margin:auto;width:100%\">\n<h2 class=\"ppb_title\" style=\"color:#ffffff;\">G\u00f6nnen Sie sich eine hochwertige Massage<\/h2>\n<div class=\"page_tagline\" style=\"color:#ffffff;\">ERLEBEN SIE ENTSPANNUNG AM EIGENEN K\u00d6RPER \u2013 IM RESTORE STUDIO<\/div>\n<\/div>\n<\/div>\n<\/div>\n<\/div>\n<\/div>\n<div id=\"pricing\" class=\"one ppb_card_two_cols_with_image ppb_pricing_card_with_image\" style=\"position:relative;padding:40px 0 40px 0;margin-top:40px;margin-bottom:40px;\" >\n<div class=\"standard_wrapper\">\n<div class=\"page_content_wrapper wide\">\n<div class=\"inner\">\n<div class=\"one_half parallax_scroll_image\" style=\"width:65%;\">\n<div class=\"image_classic_frame expand\">\n<div class=\"image_wrapper\"><img decoding=\"async\" src=\"https:\/\/restorestudio.sk\/wp-content\/uploads\/2021\/08\/masaze-cennik.jpg\" alt=\"\" class=\"portfolio_img\"\/><\/div>\n<\/div>\n<\/div>\n<div class=\"one_half last parallax_scroll parallax_text\" style=\"width:40%;position:absolute;padding:40px;background:#ffffff;border: 1px solid #ffffff;\" data-stellar-ratio=\"1.3\">\n<h2 class=\"ppb_title\" style=\"color:#333333;\">Preisliste der Schwangerschaftsmassage <\/h2>\n<div class=\"line_divider_border theme_border\" style=\"width:50px;\"><\/div>\n<div class=\"line_divider_seperator\"><i class=\"fa fa-leaf skin_color\"><\/i><\/div>\n<div class=\"line_divider_border theme_border\" style=\"width:50px;\"><\/div>\n<div class=\"pricing_wrapper themeborder\">\n<div class=\"pricing_title_wrapper\">50 Minuten<\/div>\n<div class=\"pricing_title_price skin_color\">45.90\u20ac<\/div>\n<\/div>\n<div class=\"pricing_wrapper themeborder\">\n<div class=\"pricing_title_wrapper\">80 Minuten<\/div>\n<div class=\"pricing_title_price skin_color\">65.90\u20ac<\/div>\n<\/div>\n<\/div>\n<p><br class=\"clear\"\/><\/div>\n<\/div>\n<\/div>\n<\/div>\n","protected":false},"excerpt":{"rendered":"<p>Schwangerschaftsmassage Massage f\u00fcr das Wohlbefinden zuk\u00fcnftiger M\u00fctter. W\u00e4hlen Sie eine Massage in der Schwangerschaft bei uns im Restore Studio. Probieren Sie die Schwangerschaftsmassage aus und lernen Sie ihre Vorteile kennen Die Schwangerschaftsmassage dient zuk\u00fcnftigen M\u00fcttern und konzentriert sich besonders auf [&hellip;]<\/p>\n","protected":false},"author":1,"featured_media":0,"parent":4559,"menu_order":0,"comment_status":"closed","ping_status":"closed","template":"","meta":{"ngg_post_thumbnail":0,"footnotes":""},"class_list":["post-4633","page","type-page","status-publish","hentry"],"aioseo_notices":[],"_links":{"self":[{"href":"https:\/\/restorestudio.sk\/de\/wp-json\/wp\/v2\/pages\/4633","targetHints":{"allow":["GET"]}}],"collection":[{"href":"https:\/\/restorestudio.sk\/de\/wp-json\/wp\/v2\/pages"}],"about":[{"href":"https:\/\/restorestudio.sk\/de\/wp-json\/wp\/v2\/types\/page"}],"author":[{"embeddable":true,"href":"https:\/\/restorestudio.sk\/de\/wp-json\/wp\/v2\/users\/1"}],"replies":[{"embeddable":true,"href":"https:\/\/restorestudio.sk\/de\/wp-json\/wp\/v2\/comments?post=4633"}],"version-history":[{"count":8,"href":"https:\/\/restorestudio.sk\/de\/wp-json\/wp\/v2\/pages\/4633\/revisions"}],"predecessor-version":[{"id":4996,"href":"https:\/\/restorestudio.sk\/de\/wp-json\/wp\/v2\/pages\/4633\/revisions\/4996"}],"up":[{"embeddable":true,"href":"https:\/\/restorestudio.sk\/de\/wp-json\/wp\/v2\/pages\/4559"}],"wp:attachment":[{"href":"https:\/\/restorestudio.sk\/de\/wp-json\/wp\/v2\/media?parent=4633"}],"curies":[{"name":"wp","href":"https:\/\/api.w.org\/{rel}","templated":true}]}}