{"id":4625,"date":"2021-08-16T13:54:42","date_gmt":"2021-08-16T13:54:42","guid":{"rendered":"https:\/\/restorestudio.sk\/masaze\/sportova-masaz\/"},"modified":"2023-04-26T15:01:10","modified_gmt":"2023-04-26T15:01:10","slug":"sportmassage","status":"publish","type":"page","link":"https:\/\/restorestudio.sk\/de\/massagen\/sportmassage\/","title":{"rendered":"Sportmassage"},"content":{"rendered":"<div  class=\"one withsmallpadding ppb_header \" style=\"text-align:center;padding:40px 0 40px 0;margin-top:150px;\" >\n<div class=\"standard_wrapper\">\n<div class=\"page_content_wrapper wide\">\n<div class=\"inner\">\n<div style=\"margin:auto;width:100%\">\n<h2 class=\"ppb_title\" style=\"\">Sportmassage<\/h2>\n<div class=\"ppb_header_content\">Steigerung der Kondition und Entspannung nach k\u00f6rperlicher Anstrengung.<\/div>\n<\/div>\n<\/div>\n<\/div>\n<\/div>\n<\/div>\n<div id=\"about-us\" class=\"one ppb_card_two_cols_with_image\" style=\"padding-top:0 !important;position:relative;padding:40px 0 40px 0;margin-top:40px;\" >\n<div class=\"standard_wrapper\">\n<div class=\"page_content_wrapper wide\">\n<div class=\"inner\">\n<div class=\"one_half parallax_scroll parallax_text\" style=\"width:40%;position:absolute;padding:40px;z-index:2;block !important;background:#fff;\" data-stellar-ratio=\"1.3\">\n<h2 class=\"ppb_title\" style=\"\">Probieren Sie die Sportmassage aus und lernen Sie ihre Vorteile kennen<\/h2>\n<div class=\"ppb_header_content\">\n<p>Die Sportmassage ist im Grunde eine klassische Massage, bei der die Ber\u00fchrungen, ihre Geschwindigkeit, Intensit\u00e4t und Ordnung an ein bestimmtes Ziel bei der Vorbereitung des Organismus auf sportliche Leistung angepasst werden. Sie hilft auch gegen M\u00fcdigkeit und bei der Regeneration nach Trainingsbelastungen. Die Sportmassage hilft auch beim Aufw\u00e4rmen und Dehnen und bei der Genesung nach einer Verletzung. Ihre Anwendung ist auch vor einer anstehenden k\u00f6rperlichen Belastung bei Freizeitsportlern vorteilhaft, zum Beispiel bei langen Wanderungen.<\/p>\n<p><a class=\"readmore\" href=\"https:\/\/services.bookio.com\/restore-studio\/widget?lang=sk\">Termin vereinbaren<\/a><\/p>\n<\/div>\n<\/div>\n<div class=\"one_half parallax_scroll_image last\" style=\"width:65%;\">\n<div class=\"image_classic_frame expand\">\n<div class=\"image_wrapper\"><img decoding=\"async\" src=\"https:\/\/restorestudio.sk\/wp-content\/uploads\/2021\/08\/sportova-masaz.jpg\" alt=\"\" class=\"portfolio_img\"\/><\/div>\n<\/div>\n<\/div>\n<p><br class=\"clear\"\/><\/div>\n<\/div>\n<\/div>\n<\/div>\n<\/div>\n<div class=\"standard_wrapper\">\n<div  class=\"one_third withsmallpadding ppb_text\" style=\"text-align:left;padding:50px 0 50px 0;\" >\n<div class=\"standard_wrapper\">\n<div class=\"page_content_wrapper wide\">\n<div class=\"inner\">\n<div style=\"margin:auto;width:100%\">\n<p><span style=\"font-weight:500;font-size:16px;color:#333;\">Die Wirkung der Sportmassage<\/span><\/p>\n<p>Je nach Sportart und unterschiedlicher Leistung der Athleten in der Vorbereitungs- oder Wettkampfphase gibt es unterschiedliche Anforderungen an die Arten von Sportmassagen (Vorbereitungsmassage, Konditionsmassage, Notfallmassage, Massage zur Beseitigung von M\u00fcdigkeit, therapeutische Massage&#8230;). Die physiologischen Wirkungen der Sportmassage umfassen die Normalisierung der Haut- und Gewebespannung, eine verbesserte Durchblutung, die Resorption von \u00d6demen, die Linderung von Schmerzen aller Art sowie die Verbesserung des Stoffwechsels und der Gewebeversorgung. Eine solche Massage kann sowohl allgemeinen Stress als auch Verspannungen oder Schlafprobleme beseitigen. <\/p>\n<\/div>\n<\/div>\n<\/div>\n<\/div>\n<\/div>\n<\/div>\n<div class=\"standard_wrapper\">\n<div  class=\"one_third withsmallpadding ppb_text\" style=\"text-align:left;padding:50px 0 50px 0;\" >\n<div class=\"standard_wrapper\">\n<div class=\"page_content_wrapper wide\">\n<div class=\"inner\">\n<div style=\"margin:auto;width:100%\">\n<p><span style=\"font-weight: 500; font-size: 16px; color: #333;\">F\u00fcr wen sie sich eignet<\/span><\/p>\n<p>Die Sportmassage eignet sich bei:<\/p>\n<ul>\n<li>h\u00f6herer k\u00f6rperlicher Anstrengung\n<li>chronischen Muskelschmerzen in R\u00fccken, Nacken und Gliedma\u00dfen\n<li>gezerrten Muskeln\n<li>sitzender Arbeit\n<li>einseitiger Belastung des K\u00f6rpers\n<li>Pausen zwischen sportlichen Leistungen\n<li>der Regeneration des K\u00f6rpers<\/li>\n<\/ul>\n<\/div>\n<\/div>\n<\/div>\n<\/div>\n<\/div>\n<\/div>\n<div class=\"standard_wrapper\">\n<div  class=\"one_third last withsmallpadding ppb_text\" style=\"text-align:left;padding:50px 0 50px 0;\" >\n<div class=\"standard_wrapper\">\n<div class=\"page_content_wrapper wide\">\n<div class=\"inner\">\n<div style=\"margin:auto;width:100%\">\n<p><span style=\"font-weight:500;font-size:16px;color:#333;\">Medizinische Kontraindikationen<\/span><\/p>\n<p>Eine solche Massage sollte vermieden werden, wenn Sie an einer akuten entz\u00fcndlichen Erkrankung leiden, sowohl bei postoperativen Zust\u00e4nden als auch nach frischen Verletzungen. Nicht empfohlen wird eine Sportmassage bei Schmerzen, die in den Brustkorb oder die Gliedma\u00dfen ausstrahlen. Die Eignung einer Sportmassage sollten auch Patienten, die an Wirbels\u00e4ulenerkrankungen und Krampfadern in den unteren Gliedma\u00dfen leiden, mit einem Arzt konsultieren.<\/p>\n<\/div>\n<\/div>\n<\/div>\n<\/div>\n<\/div>\n<\/div>\n<div  class=\"one ppb_boxed_text_button\" style=\"top:-32px;margin-bottom:40px;\" >\n<div class=\"ppb_boxed_text_button_wrapper\" style=\"background-color:;\"><a href=\"https:\/\/services.bookio.com\/restore-studio\/widget?lang=sk\" class=\"button\" style=\"background-color:#c6a78b;border-color:#c6a78b;\">Termin vereinbaren<\/a><\/div>\n<\/div>\n<div id=\"news\" class=\"one withsmallpadding ppb_header parallax withbg \" style=\"background-image:url(https:\/\/restorestudio.sk\/wp-content\/uploads\/2021\/08\/masaze-priestory.jpg);background-position: center top;text-align:center;padding:250px 0 250px 0;color:#ffffff;\" >\n<div class=\"overlay_background\" style=\"background:#000000;background:rgb(0,0,0,0.3);background:rgba(0,0,0,0.3);\"><\/div>\n<div class=\"standard_wrapper\">\n<div class=\"page_content_wrapper wide\">\n<div class=\"inner\">\n<div style=\"margin:auto;width:100%\">\n<h2 class=\"ppb_title\" style=\"color:#ffffff;\">G\u00f6nnen Sie sich eine hochwertige Massage<\/h2>\n<div class=\"page_tagline\" style=\"color:#ffffff;\">ERLEBEN SIE ENTSPANNUNG AM EIGENEN K\u00d6RPER \u2013 IM RESTORE STUDIO<\/div>\n<\/div>\n<\/div>\n<\/div>\n<\/div>\n<\/div>\n<div id=\"pricing\" class=\"one ppb_card_two_cols_with_image ppb_pricing_card_with_image\" style=\"position:relative;padding:40px 0 40px 0;margin-top:40px;margin-bottom:40px;\" >\n<div class=\"standard_wrapper\">\n<div class=\"page_content_wrapper wide\">\n<div class=\"inner\">\n<div class=\"one_half parallax_scroll_image\" style=\"width:65%;\">\n<div class=\"image_classic_frame expand\">\n<div class=\"image_wrapper\"><img decoding=\"async\" src=\"https:\/\/restorestudio.sk\/wp-content\/uploads\/2021\/08\/masaze-cennik.jpg\" alt=\"\" class=\"portfolio_img\"\/><\/div>\n<\/div>\n<\/div>\n<div class=\"one_half last parallax_scroll parallax_text\" style=\"width:40%;position:absolute;padding:40px;background:#ffffff;border: 1px solid #ffffff;\" data-stellar-ratio=\"1.3\">\n<h2 class=\"ppb_title\" style=\"color:#333333;\">Preisliste der Sportmassage<\/h2>\n<div class=\"line_divider_border theme_border\" style=\"width:50px;\"><\/div>\n<div class=\"line_divider_seperator\"><i class=\"fa fa-leaf skin_color\"><\/i><\/div>\n<div class=\"line_divider_border theme_border\" style=\"width:50px;\"><\/div>\n<div class=\"pricing_wrapper themeborder\">\n<div class=\"pricing_title_wrapper\">80 Minuten<\/div>\n<div class=\"pricing_title_price skin_color\">65.90\u20ac<\/div>\n<\/div>\n<\/div>\n<p><br class=\"clear\"\/><\/div>\n<\/div>\n<\/div>\n<\/div>\n","protected":false},"excerpt":{"rendered":"<p>Sportmassage Steigerung der Kondition und Entspannung nach k\u00f6rperlicher Anstrengung. Probieren Sie die Sportmassage aus und lernen Sie ihre Vorteile kennen Die Sportmassage ist im Grunde eine klassische Massage, bei der die Ber\u00fchrungen, ihre Geschwindigkeit, Intensit\u00e4t und Ordnung an ein bestimmtes [&hellip;]<\/p>\n","protected":false},"author":1,"featured_media":0,"parent":4559,"menu_order":0,"comment_status":"closed","ping_status":"closed","template":"","meta":{"ngg_post_thumbnail":0,"footnotes":""},"class_list":["post-4625","page","type-page","status-publish","hentry"],"aioseo_notices":[],"_links":{"self":[{"href":"https:\/\/restorestudio.sk\/de\/wp-json\/wp\/v2\/pages\/4625","targetHints":{"allow":["GET"]}}],"collection":[{"href":"https:\/\/restorestudio.sk\/de\/wp-json\/wp\/v2\/pages"}],"about":[{"href":"https:\/\/restorestudio.sk\/de\/wp-json\/wp\/v2\/types\/page"}],"author":[{"embeddable":true,"href":"https:\/\/restorestudio.sk\/de\/wp-json\/wp\/v2\/users\/1"}],"replies":[{"embeddable":true,"href":"https:\/\/restorestudio.sk\/de\/wp-json\/wp\/v2\/comments?post=4625"}],"version-history":[{"count":7,"href":"https:\/\/restorestudio.sk\/de\/wp-json\/wp\/v2\/pages\/4625\/revisions"}],"predecessor-version":[{"id":4995,"href":"https:\/\/restorestudio.sk\/de\/wp-json\/wp\/v2\/pages\/4625\/revisions\/4995"}],"up":[{"embeddable":true,"href":"https:\/\/restorestudio.sk\/de\/wp-json\/wp\/v2\/pages\/4559"}],"wp:attachment":[{"href":"https:\/\/restorestudio.sk\/de\/wp-json\/wp\/v2\/media?parent=4625"}],"curies":[{"name":"wp","href":"https:\/\/api.w.org\/{rel}","templated":true}]}}