{"id":4618,"date":"2021-08-16T14:47:55","date_gmt":"2021-08-16T14:47:55","guid":{"rendered":"https:\/\/restorestudio.sk\/masaze\/myofascialna-masaz\/"},"modified":"2023-04-26T15:00:22","modified_gmt":"2023-04-26T15:00:22","slug":"myofasziale-massage","status":"publish","type":"page","link":"https:\/\/restorestudio.sk\/de\/massagen\/myofasziale-massage\/","title":{"rendered":"Myofasziale Massage"},"content":{"rendered":"<div  class=\"one withsmallpadding ppb_header \" style=\"text-align:center;padding:40px 0 40px 0;margin-top:150px;\" >\n<div class=\"standard_wrapper\">\n<div class=\"page_content_wrapper wide\">\n<div class=\"inner\">\n<div style=\"margin:auto;width:100%\">\n<h2 class=\"ppb_title\" style=\"\">Myofasziale Massage<\/h2>\n<div class=\"ppb_header_content\">Spezielle Massage zur Entspannung von Muskeln und Sehnen.<\/div>\n<\/div>\n<\/div>\n<\/div>\n<\/div>\n<\/div>\n<div  class=\"one ppb_card_two_cols_with_image\" style=\"padding-top:0 !important;position:relative;padding:40px 0 40px 0;margin-top:40px;\" >\n<div class=\"standard_wrapper\">\n<div class=\"page_content_wrapper wide\">\n<div class=\"inner\">\n<div class=\"one_half parallax_scroll parallax_text\" style=\"width:40%;position:absolute;padding:40px;z-index:2;block !important;background:#fff;\" data-stellar-ratio=\"1.3\">\n<h2 class=\"ppb_title\" style=\"\">Probieren Sie die myofasziale Massage<\/h2>\n<div class=\"ppb_header_content\">\n<p>Die myofasziale Massage ist eine der speziellen therapeutischen Massagen. Die Faszien sind das Bindegewebe im K\u00f6rper, das die einzelnen Teile miteinander verbindet und Organe und Muskeln sch\u00fctzt. Stellen Sie sich das wie ein Spinnennetz vor. In der Vergangenheit schenkten \u00c4rzte Faszien fast keine Aufmerksamkeit, sie sind nicht einmal auf R\u00f6ntgenbildern oder CT-Scans sichtbar. Die Forschung hat best\u00e4tigt, dass die Faszie, wie der Muskel, die F\u00e4higkeit hat, sich zusammenzuziehen und zu entspannen, und eine wichtige Rolle bei der Beweglichkeit und Stabilit\u00e4t der Gelenke spielt.<\/p>\n<p><a class=\"readmore\" href=\"https:\/\/services.bookio.com\/restore-studio\/widget?lang=sk\">TERMIN VEREINBAREN<\/a><\/p>\n<\/div>\n<\/div>\n<div class=\"one_half parallax_scroll_image last\" style=\"width:65%;\">\n<div class=\"image_classic_frame expand\">\n<div class=\"image_wrapper\"><img decoding=\"async\" src=\"https:\/\/restorestudio.sk\/wp-content\/uploads\/2021\/08\/masaz-myofascialna.jpg\" alt=\"\" class=\"portfolio_img\"\/><\/div>\n<\/div>\n<\/div>\n<p><br class=\"clear\"\/><\/div>\n<\/div>\n<\/div>\n<\/div>\n<\/div>\n<div class=\"standard_wrapper\">\n<div  class=\"one_third withsmallpadding ppb_text\" style=\"text-align:left;padding:50px 0 50px 0;\" >\n<div class=\"standard_wrapper\">\n<div class=\"page_content_wrapper wide\">\n<div class=\"inner\">\n<div style=\"margin:auto;width:100%\">\n<p><span style=\"font-weight:500;font-size:16px;color:#333;\">Wirkung der klassischen Massage<\/span><\/p>\n<p>Diese Massagetechnik entspannt und l\u00f6st Verspannungen im Gewebe. Sie beinhaltet die Dehnung und eine sanfte schmerzfreie Massage, die auf die Faszie wirkt. Der Haupteffekt myofaszialer Techniken besteht darin, die nat\u00fcrliche Mobilit\u00e4t wiederherzustellen, chronisch verk\u00fcrzte Bereiche zu entspannen, die Durchblutung zu steigern, den Venen- und Lymphfluss zu erh\u00f6hen und die Muskelelastizit\u00e4t zu verbessern. Ebenso beseitigen sie Kopfschmerzen und reduzieren Stress.<\/p>\n<\/div>\n<\/div>\n<\/div>\n<\/div>\n<\/div>\n<\/div>\n<div class=\"standard_wrapper\">\n<div  class=\"one_third withsmallpadding ppb_text\" style=\"text-align:left;padding:50px 0 50px 0;\" >\n<div class=\"standard_wrapper\">\n<div class=\"page_content_wrapper wide\">\n<div class=\"inner\">\n<div style=\"margin:auto;width:100%\">\n<p><span style=\"font-weight: 500; font-size: 16px; color: #333;\">F\u00fcr wen sie sich eignet<\/span><\/p>\n<p>Die myofasziale Massage eignet sich bei:<\/p>\n<ul>\n<li>R\u00fccken- und Schulterschmerzen\n<li>chronischen Kopfschmerzen\n<li>akuten und chronischen Muskelschmerzen\n<li>Entz\u00fcndung des Ischiasnervs\n<li>Problemen mit dem Kiefergelenk\n<li>dem Karpaltunnelsyndrom\n<li>der Lockerung von Narben und ihrer Umgebung\n<li>Stress und schlechtem Schlaf\n<\/div>\n<\/div>\n<\/div>\n<\/div>\n<\/div>\n<\/div>\n<p><\/p>\n<div class=\"standard_wrapper\">\n<div  class=\"one_third last withsmallpadding ppb_text\" style=\"text-align:left;padding:50px 0 50px 0;\" >\n<div class=\"standard_wrapper\">\n<div class=\"page_content_wrapper wide\">\n<div class=\"inner\">\n<div style=\"margin:auto;width:100%\">\n<p><span style=\"font-weight:500;font-size:16px;color:#333;\">Medizinische Kontraindikationen<\/span><\/p>\n<p>Die myofasziale Massagetechnik ist nicht f\u00fcr Sie geeignet, wenn Sie vor weniger als drei Monate eine Operation hatten, offene oder nicht verheilte Wunden auf der Haut haben, in der akuten Phase (Blockade) an R\u00fcckenschmerzen leiden, fortgeschrittene Osteoporose oder Diabetes oder Schwellungen jeglicher Art haben.<\/p>\n<\/div>\n<\/div>\n<\/div>\n<\/div>\n<\/div>\n<\/div>\n<div  class=\"one ppb_boxed_text_button\" style=\"top:-32px;margin-bottom:40px;\" >\n<div class=\"ppb_boxed_text_button_wrapper\" style=\"background-color:;\"><a href=\"https:\/\/services.bookio.com\/restore-studio\/widget?lang=sk\" class=\"button\" style=\"background-color:#c6a78b;border-color:#c6a78b;\">Termin vereinbaren<\/a><\/div>\n<\/div>\n<div id=\"news\" class=\"one withsmallpadding ppb_header parallax withbg \" style=\"background-image:url(https:\/\/restorestudio.sk\/wp-content\/uploads\/2021\/08\/masaze-priestory.jpg);background-position: center top;text-align:center;padding:250px 0 250px 0;color:#ffffff;\" >\n<div class=\"overlay_background\" style=\"background:#000000;background:rgb(0,0,0,0.3);background:rgba(0,0,0,0.3);\"><\/div>\n<div class=\"standard_wrapper\">\n<div class=\"page_content_wrapper wide\">\n<div class=\"inner\">\n<div style=\"margin:auto;width:100%\">\n<h2 class=\"ppb_title\" style=\"color:#ffffff;\">G\u00f6nnen Sie sich eine hochwertige Massage<\/h2>\n<div class=\"page_tagline\" style=\"color:#ffffff;\">ERLEBEN SIE ENTSPANNUNG AM EIGENEN K\u00d6RPER \u2013 IM RESTORE STUDIO<\/div>\n<\/div>\n<\/div>\n<\/div>\n<\/div>\n<\/div>\n<div id=\"pricing\" class=\"one ppb_card_two_cols_with_image ppb_pricing_card_with_image\" style=\"position:relative;padding:40px 0 40px 0;margin-top:40px;margin-bottom:40px;\" >\n<div class=\"standard_wrapper\">\n<div class=\"page_content_wrapper wide\">\n<div class=\"inner\">\n<div class=\"one_half parallax_scroll_image\" style=\"width:65%;\">\n<div class=\"image_classic_frame expand\">\n<div class=\"image_wrapper\"><img decoding=\"async\" src=\"https:\/\/restorestudio.sk\/wp-content\/uploads\/2021\/08\/masaze-cennik.jpg\" alt=\"\" class=\"portfolio_img\"\/><\/div>\n<\/div>\n<\/div>\n<div class=\"one_half last parallax_scroll parallax_text\" style=\"width:40%;position:absolute;padding:40px;background:#ffffff;border: 1px solid #ffffff;\" data-stellar-ratio=\"1.3\">\n<h2 class=\"ppb_title\" style=\"color:#333333;\">Preisliste der myofaszialen Massage<\/h2>\n<div class=\"line_divider_border theme_border\" style=\"width:50px;\"><\/div>\n<div class=\"line_divider_seperator\"><i class=\"fa fa-leaf skin_color\"><\/i><\/div>\n<div class=\"line_divider_border theme_border\" style=\"width:50px;\"><\/div>\n<div class=\"pricing_wrapper themeborder\">\n<div class=\"pricing_title_wrapper\">50 Minuten<\/div>\n<div class=\"pricing_title_price skin_color\">45.90\u20ac<\/div>\n<\/div>\n<\/div>\n<p><br class=\"clear\"\/><\/div>\n<\/div>\n<\/div>\n<\/div>\n","protected":false},"excerpt":{"rendered":"<p>Myofasziale Massage Spezielle Massage zur Entspannung von Muskeln und Sehnen. Probieren Sie die myofasziale Massage Die myofasziale Massage ist eine der speziellen therapeutischen Massagen. Die Faszien sind das Bindegewebe im K\u00f6rper, das die einzelnen Teile miteinander verbindet und Organe und [&hellip;]<\/p>\n","protected":false},"author":1,"featured_media":0,"parent":4559,"menu_order":0,"comment_status":"closed","ping_status":"closed","template":"","meta":{"ngg_post_thumbnail":0,"footnotes":""},"class_list":["post-4618","page","type-page","status-publish","hentry"],"aioseo_notices":[],"_links":{"self":[{"href":"https:\/\/restorestudio.sk\/de\/wp-json\/wp\/v2\/pages\/4618","targetHints":{"allow":["GET"]}}],"collection":[{"href":"https:\/\/restorestudio.sk\/de\/wp-json\/wp\/v2\/pages"}],"about":[{"href":"https:\/\/restorestudio.sk\/de\/wp-json\/wp\/v2\/types\/page"}],"author":[{"embeddable":true,"href":"https:\/\/restorestudio.sk\/de\/wp-json\/wp\/v2\/users\/1"}],"replies":[{"embeddable":true,"href":"https:\/\/restorestudio.sk\/de\/wp-json\/wp\/v2\/comments?post=4618"}],"version-history":[{"count":7,"href":"https:\/\/restorestudio.sk\/de\/wp-json\/wp\/v2\/pages\/4618\/revisions"}],"predecessor-version":[{"id":4993,"href":"https:\/\/restorestudio.sk\/de\/wp-json\/wp\/v2\/pages\/4618\/revisions\/4993"}],"up":[{"embeddable":true,"href":"https:\/\/restorestudio.sk\/de\/wp-json\/wp\/v2\/pages\/4559"}],"wp:attachment":[{"href":"https:\/\/restorestudio.sk\/de\/wp-json\/wp\/v2\/media?parent=4618"}],"curies":[{"name":"wp","href":"https:\/\/api.w.org\/{rel}","templated":true}]}}