{"id":4611,"date":"2021-10-28T16:46:21","date_gmt":"2021-10-28T16:46:21","guid":{"rendered":"https:\/\/restorestudio.sk\/masaze\/masaz-hlavy\/"},"modified":"2023-04-26T14:59:38","modified_gmt":"2023-04-26T14:59:38","slug":"massage-kopf-nacken-trapezmuskeln","status":"publish","type":"page","link":"https:\/\/restorestudio.sk\/de\/massagen\/massage-kopf-nacken-trapezmuskeln\/","title":{"rendered":"Massage von Kopf, Nacken und Trapezmuskeln"},"content":{"rendered":"<div  class=\"one withsmallpadding ppb_header \" style=\"text-align:center;padding:40px 0 40px 0;margin-top:150px;\" >\n<div class=\"standard_wrapper\">\n<div class=\"page_content_wrapper wide\">\n<div class=\"inner\">\n<div style=\"margin:auto;width:100%\">\n<h2 class=\"ppb_title\" style=\"\">Massage von Kopf, Nacken und Trapezmuskeln<\/h2>\n<div class=\"ppb_header_content\">Eine Massage zur Linderung von Stress und angestauten Verspannungen.<\/div>\n<\/div>\n<\/div>\n<\/div>\n<\/div>\n<\/div>\n<div id=\"about-us\" class=\"one ppb_card_two_cols_with_image\" style=\"padding-top:0 !important;position:relative;padding:40px 0 40px 0;margin-top:40px;\" >\n<div class=\"standard_wrapper\">\n<div class=\"page_content_wrapper wide\">\n<div class=\"inner\">\n<div class=\"one_half parallax_scroll parallax_text\" style=\"width:40%;position:absolute;padding:40px;z-index:2;block !important;background:#fff;\" data-stellar-ratio=\"1.3\">\n<h2 class=\"ppb_title\" style=\"\">Probieren Sie die Kopfmassage aus und lernen Sie ihre Vorteile kennen<\/h2>\n<div class=\"ppb_header_content\">\n<p>In Indien wird die Kopfmassage schon seit \u00fcber tausend Jahren angewendet. Es handelt sich um eine Entspannungstherapie, die ihre Grundlagen in der ayurvedischen Heilung hat. Die Massage widmet sich den Trapezmuskeln, dem Hals und dem Kopf. Sie hilft dabei, Stress und negative Emotionen zu lindern, die sich im Menschen anstauen. Die Massage erfolgt in einem gleichm\u00e4\u00dfigen Rhythmus, sanfte Bewegungen l\u00f6sen Blockaden und Verspannungen.<\/p>\n<p><a class=\"readmore\" href=\"https:\/\/services.bookio.com\/restore-studio\/widget?lang=sk\">TERMIN VEREINBAREN<\/a><\/p>\n<\/div>\n<\/div>\n<div class=\"one_half parallax_scroll_image last\" style=\"width:65%;\">\n<div class=\"image_classic_frame expand\">\n<div class=\"image_wrapper\"><img decoding=\"async\" src=\"https:\/\/restorestudio.sk\/wp-content\/uploads\/2021\/10\/banner-mini-indicka-masaz-hlavy.jpg\" alt=\"\" class=\"portfolio_img\"\/><\/div>\n<\/div>\n<\/div>\n<p><br class=\"clear\"\/><\/div>\n<\/div>\n<\/div>\n<\/div>\n<\/div>\n<div class=\"standard_wrapper\">\n<div  class=\"one_third withsmallpadding ppb_text\" style=\"text-align:left;padding:50px 0 50px 0;\" >\n<div class=\"standard_wrapper\">\n<div class=\"page_content_wrapper wide\">\n<div class=\"inner\">\n<div style=\"margin:auto;width:100%\">\n<p><span style=\"font-weight:500;font-size:16px;color:#333;\">Wirkung der Massage von Kopf, Nacken und Trapezmuskeln<\/span><\/p>\n<p>Die Massage hilft dabei, die Stimmung zu verbessern, sich zu entspannen und Stress loszuwerden. Die Haut wird besser durchblutet, sodass das Haarwachstum gef\u00f6rdert und die Haare st\u00e4rker werden. Eine indische Kopfmassage lindert gleichzeitig Migr\u00e4ne und die Augenspannung und sie verbessert die Konzentration. Ebenso kann sie bei Schlaflosigkeit und Schlafst\u00f6rungen helfen. Nicht zuletzt hilft die Massage, die Muskeln im Bereich der massierten K\u00f6rperteile, Kopf, Nacken und Trapezmuskeln, zu entspannen und zu regenerieren.<\/p>\n<\/div>\n<\/div>\n<\/div>\n<\/div>\n<\/div>\n<\/div>\n<div class=\"standard_wrapper\">\n<div  class=\"one_third withsmallpadding ppb_text\" style=\"text-align:left;padding:50px 0 50px 0;\" >\n<div class=\"standard_wrapper\">\n<div class=\"page_content_wrapper wide\">\n<div class=\"inner\">\n<div style=\"margin:auto;width:100%\">\n<p><span style=\"font-weight: 500; font-size: 16px; color: #333;\">F\u00fcr wen sie sich eignet<\/span><\/p>\n<p>Die Massage ist angebracht, wenn Sie unter Folgendem leiden:<\/p>\n<ul>\n<li>Stress\n<li>Kopfschmerzen und Schmerzen der<br \/>\n            Halswirbels\u00e4ule<\/p>\n<li>Augenspannung\n<li>schwaches Haar oder schwacher Haarwuchs\n<li>Tinnitus\n<li>Schlaflosigkeit und M\u00fcdigkeit<\/li>\n<\/ul>\n<\/div>\n<\/div>\n<\/div>\n<\/div>\n<\/div>\n<\/div>\n<div class=\"standard_wrapper\">\n<div  class=\"one_third last withsmallpadding ppb_text\" style=\"text-align:left;padding:50px 0 50px 0;\" >\n<div class=\"standard_wrapper\">\n<div class=\"page_content_wrapper wide\">\n<div class=\"inner\">\n<div style=\"margin:auto;width:100%\">\n<p><span style=\"font-weight:500;font-size:16px;color:#333;\">Medizinische Kontraindikationen<\/span><\/p>\n<p>Die Massage ist nicht geeignet, wenn Sie Fieber, hohen oder niedrigen Blutdruck, Infektionen und Entz\u00fcndungen, Tumorerkrankungen, Epilepsie, Schuppenflechten oder Gef\u00e4\u00dferkrankungen haben. Ebenso raten wir Frauen, die schwanger werden wollen oder sind und Menschen, die starke Medikamente einnehmen, die beispielsweise die Fahrt\u00fcchtigkeit einschr\u00e4nken, von einer Massage ab. Sie k\u00f6nnen sich bez\u00fcglich der Massage auch mit einem Arzt absprechen.<\/p>\n<\/div>\n<\/div>\n<\/div>\n<\/div>\n<\/div>\n<\/div>\n<div  class=\"one ppb_boxed_text_button\" style=\"top:-32px;margin-bottom:40px;\" >\n<div class=\"ppb_boxed_text_button_wrapper\" style=\"background-color:;\"><a href=\"https:\/\/services.bookio.com\/restore-studio\/widget?lang=sk\" class=\"button\" style=\"background-color:#c6a78b;border-color:#c6a78b;\">TERMIN VEREINBAREN<\/a><\/div>\n<\/div>\n<div id=\"news\" class=\"one withsmallpadding ppb_header parallax withbg \" style=\"background-image:url(https:\/\/restorestudio.sk\/wp-content\/uploads\/2021\/08\/masaze-priestory.jpg);background-position: center top;text-align:center;padding:250px 0 250px 0;color:#ffffff;\" >\n<div class=\"overlay_background\" style=\"background:#000000;background:rgb(0,0,0,0.3);background:rgba(0,0,0,0.3);\"><\/div>\n<div class=\"standard_wrapper\">\n<div class=\"page_content_wrapper wide\">\n<div class=\"inner\">\n<div style=\"margin:auto;width:100%\">\n<h2 class=\"ppb_title\" style=\"color:#ffffff;\">G\u00f6nnen Sie sich eine hochwertige Massage<\/h2>\n<div class=\"page_tagline\" style=\"color:#ffffff;\">ERLEBEN SIE ENTSPANNUNG AM EIGENEN K\u00d6RPER \u2013 IM RESTORE STUDIO<\/div>\n<\/div>\n<\/div>\n<\/div>\n<\/div>\n<\/div>\n<div id=\"pricing\" class=\"one ppb_card_two_cols_with_image ppb_pricing_card_with_image\" style=\"position:relative;padding:40px 0 40px 0;margin-top:40px;margin-bottom:40px;\" >\n<div class=\"standard_wrapper\">\n<div class=\"page_content_wrapper wide\">\n<div class=\"inner\">\n<div class=\"one_half parallax_scroll_image\" style=\"width:65%;\">\n<div class=\"image_classic_frame expand\">\n<div class=\"image_wrapper\"><img decoding=\"async\" src=\"https:\/\/restorestudio.sk\/wp-content\/uploads\/2021\/08\/masaze-cennik.jpg\" alt=\"\" class=\"portfolio_img\"\/><\/div>\n<\/div>\n<\/div>\n<div class=\"one_half last parallax_scroll parallax_text\" style=\"width:40%;position:absolute;padding:40px;background:#ffffff;border: 1px solid #ffffff;\" data-stellar-ratio=\"1.3\">\n<h2 class=\"ppb_title\" style=\"color:#333333;\">Wirkung der Massage von Kopf, Nacken und Trapezmuskeln<\/h2>\n<div class=\"line_divider_border theme_border\" style=\"width:50px;\"><\/div>\n<div class=\"line_divider_seperator\"><i class=\"fa fa-leaf skin_color\"><\/i><\/div>\n<div class=\"line_divider_border theme_border\" style=\"width:50px;\"><\/div>\n<div class=\"pricing_wrapper themeborder\">\n<div class=\"pricing_title_wrapper\">50 Minuten<\/div>\n<div class=\"pricing_title_price skin_color\">45.90\u20ac<\/div>\n<\/div>\n<\/div>\n<p><br class=\"clear\"\/><\/div>\n<\/div>\n<\/div>\n<\/div>\n","protected":false},"excerpt":{"rendered":"<p>Massage von Kopf, Nacken und Trapezmuskeln Eine Massage zur Linderung von Stress und angestauten Verspannungen. Probieren Sie die Kopfmassage aus und lernen Sie ihre Vorteile kennen In Indien wird die Kopfmassage schon seit \u00fcber tausend Jahren angewendet. Es handelt sich [&hellip;]<\/p>\n","protected":false},"author":1,"featured_media":0,"parent":4559,"menu_order":0,"comment_status":"closed","ping_status":"closed","template":"","meta":{"ngg_post_thumbnail":0,"footnotes":""},"class_list":["post-4611","page","type-page","status-publish","hentry"],"aioseo_notices":[],"_links":{"self":[{"href":"https:\/\/restorestudio.sk\/de\/wp-json\/wp\/v2\/pages\/4611","targetHints":{"allow":["GET"]}}],"collection":[{"href":"https:\/\/restorestudio.sk\/de\/wp-json\/wp\/v2\/pages"}],"about":[{"href":"https:\/\/restorestudio.sk\/de\/wp-json\/wp\/v2\/types\/page"}],"author":[{"embeddable":true,"href":"https:\/\/restorestudio.sk\/de\/wp-json\/wp\/v2\/users\/1"}],"replies":[{"embeddable":true,"href":"https:\/\/restorestudio.sk\/de\/wp-json\/wp\/v2\/comments?post=4611"}],"version-history":[{"count":6,"href":"https:\/\/restorestudio.sk\/de\/wp-json\/wp\/v2\/pages\/4611\/revisions"}],"predecessor-version":[{"id":4992,"href":"https:\/\/restorestudio.sk\/de\/wp-json\/wp\/v2\/pages\/4611\/revisions\/4992"}],"up":[{"embeddable":true,"href":"https:\/\/restorestudio.sk\/de\/wp-json\/wp\/v2\/pages\/4559"}],"wp:attachment":[{"href":"https:\/\/restorestudio.sk\/de\/wp-json\/wp\/v2\/media?parent=4611"}],"curies":[{"name":"wp","href":"https:\/\/api.w.org\/{rel}","templated":true}]}}