{"id":4604,"date":"2021-08-18T09:48:22","date_gmt":"2021-08-18T09:48:22","guid":{"rendered":"https:\/\/restorestudio.sk\/masaze\/masaz-chodidiel\/"},"modified":"2023-04-26T14:57:08","modified_gmt":"2023-04-26T14:57:08","slug":"fussballenmassage","status":"publish","type":"page","link":"https:\/\/restorestudio.sk\/de\/massagen\/fussballenmassage\/","title":{"rendered":"Fu\u00dfballenmassage"},"content":{"rendered":"<div  class=\"one withsmallpadding ppb_header \" style=\"text-align:center;padding:40px 0 40px 0;margin-top:150px;\" >\n<div class=\"standard_wrapper\">\n<div class=\"page_content_wrapper wide\">\n<div class=\"inner\">\n<div style=\"margin:auto;width:100%\">\n<h2 class=\"ppb_title\" style=\"\">Fu\u00dfballenmassage<\/h2>\n<div class=\"ppb_header_content\">Fu\u00dfreflexzonentherapie mit wohltuender Wirkung.\n<\/div>\n<\/div>\n<\/div>\n<\/div>\n<\/div>\n<\/div>\n<div  class=\"one ppb_card_two_cols_with_image\" style=\"padding-top:0 !important;position:relative;padding:40px 0 40px 0;margin-top:40px;\" >\n<div class=\"standard_wrapper\">\n<div class=\"page_content_wrapper wide\">\n<div class=\"inner\">\n<div class=\"one_half parallax_scroll parallax_text\" style=\"width:40%;position:absolute;padding:40px;z-index:2;block !important;background:#fff;\" data-stellar-ratio=\"1.3\">\n<h2 class=\"ppb_title\" style=\"\">Probieren Sie die Fu\u00dfmassage aus und lernen Sie ihre Vorteile kennen<\/h2>\n<div class=\"ppb_header_content\">\n<p>Die Fu\u00dfreflexzonenmassage ist eine Technik, bei der eine Reihe von Massagegriffen verwendet werden, die auf die Reflexzonen der Plantar-, Dorsal-, Au\u00dfen- und Innenseite der F\u00fc\u00dfe angewendet werden. Chinesische \u00c4rzte wenden diese Methode seit undenklichen Zeiten an, da sie wissen, dass Druck an einem bestimmten Punkt ein Signal an das zust\u00e4ndige Organ im K\u00f6rper sendet. Die heilende Wirkung der Fu\u00dfmassage wird durch die empfindlichen Nervenenden erzielt, die reflexartig die Reize von der Hautoberfl\u00e4che zum inneren Organ oder einem anderen System leiten.<\/p>\n<p><a class=\"readmore\" href=\"https:\/\/services.bookio.com\/restore-studio\/widget?lang=sk\">TERMIN VEREINBAREN<\/a><\/p>\n<\/div>\n<\/div>\n<div class=\"one_half parallax_scroll_image last\" style=\"width:65%;\">\n<div class=\"image_classic_frame expand\">\n<div class=\"image_wrapper\"><img decoding=\"async\" src=\"https:\/\/restorestudio.sk\/wp-content\/uploads\/2021\/08\/myofascialna-masaz.jpg\" alt=\"\" class=\"portfolio_img\"\/><\/div>\n<\/div>\n<\/div>\n<p><br class=\"clear\"\/><\/div>\n<\/div>\n<\/div>\n<\/div>\n<\/div>\n<div class=\"standard_wrapper\">\n<div  class=\"one_third withsmallpadding ppb_text\" style=\"text-align:left;padding:50px 0 50px 0;\" >\n<div class=\"standard_wrapper\">\n<div class=\"page_content_wrapper wide\">\n<div class=\"inner\">\n<div style=\"margin:auto;width:100%\">\n<p><span style=\"font-weight:500;font-size:16px;color:#333;\">Wirkung der Fu\u00dfmassage<\/span><\/p>\n<p>Die Fu\u00dfmassage wird vorbeugend eingesetzt und hilft, den insgesamt guten Zustand des K\u00f6rpers zu erhalten oder bereits bestehende Probleme zu behandeln. Sie beeinflusst den k\u00f6rperlichen und geistigen Zustand des Patienten. Die Stimulation der Fu\u00dfballen verbessert den Stoffwechsel, entgiftet, verringert die Anspannung des K\u00f6rpers und bringt den menschlichen K\u00f6rper in seinen nat\u00fcrlichen Zustand zur\u00fcck. Sie beeinflusst den Stoffwechsel, die Haut, die Muskeln, die Nerven und die Blutgef\u00e4\u00dfe. Die Massage hilft auch, rheumatische Schmerzen und Kopfschmerzen zu beseitigen.<\/p>\n<\/div>\n<\/div>\n<\/div>\n<\/div>\n<\/div>\n<\/div>\n<div class=\"standard_wrapper\">\n<div  class=\"one_third withsmallpadding ppb_text\" style=\"text-align:left;padding:50px 0 50px 0;\" >\n<div class=\"standard_wrapper\">\n<div class=\"page_content_wrapper wide\">\n<div class=\"inner\">\n<div style=\"margin:auto;width:100%\">\n<p><span style=\"font-weight: 500; font-size: 16px; color: #333;\">F\u00fcr wen sie sich eignet<\/span><\/p>\n<p>Eine Fu\u00dfmassage eignet sich bei: <\/p>\n<ul>\n<li>einem blockierten Nervensystem\n<li>einer blockierten Halswirbels\u00e4ule\n<li>St\u00f6rungen des Bewegungsapparates\n<li>Migr\u00e4nen\n<li>Verdauungsproblemen\n<li>Hautproblemen\n<li>Schlaflosigkeit\n<li>M\u00fcdigkeit\n\t<\/li>\n<\/ul>\n<\/div>\n<\/div>\n<\/div>\n<\/div>\n<\/div>\n<\/div>\n<div class=\"standard_wrapper\">\n<div  class=\"one_third last withsmallpadding ppb_text\" style=\"text-align:left;padding:50px 0 50px 0;\" >\n<div class=\"standard_wrapper\">\n<div class=\"page_content_wrapper wide\">\n<div class=\"inner\">\n<div style=\"margin:auto;width:100%\">\n<p><span style=\"font-weight:500;font-size:16px;color:#333;\">Medizinische Kontraindikationen<\/span><\/p>\n<p>Nicht zu empfehlen ist eine Fu\u00dfreflexzonenmassage, wenn Sie an einer Infektionskrankheit, einer Pilz- oder eitrigen Hautkrankheit an den F\u00fc\u00dfen, an akuten fieberhaften Erkrankungen oder einer Entz\u00fcndung des Herz-Gef\u00e4\u00dfsystems leiden oder Sie eine Organtransplantation hinter sich haben. Eine der medizinischen Kontraindikationen ist auch eine Schwangerschaft, achten Sie darauf, diese Art der Massage unbedingt bis zum 4. Schwangerschaftsmonat zu vermeiden.<\/p>\n<\/div>\n<\/div>\n<\/div>\n<\/div>\n<\/div>\n<\/div>\n<div  class=\"one ppb_boxed_text_button\" style=\"top:-32px;margin-bottom:40px;\" >\n<div class=\"ppb_boxed_text_button_wrapper\" style=\"background-color:;\"><a href=\"https:\/\/services.bookio.com\/restore-studio\/widget?lang=sk\" class=\"button\" style=\"background-color:#c6a78b;border-color:#c6a78b;\">TERMIN VEREINBAREN<\/a><\/div>\n<\/div>\n<div id=\"news\" class=\"one withsmallpadding ppb_header parallax withbg \" style=\"background-image:url(https:\/\/restorestudio.sk\/wp-content\/uploads\/2021\/08\/masaze-priestory.jpg);background-position: center top;text-align:center;padding:250px 0 250px 0;color:#ffffff;\" >\n<div class=\"overlay_background\" style=\"background:#000000;background:rgb(0,0,0,0.3);background:rgba(0,0,0,0.3);\"><\/div>\n<div class=\"standard_wrapper\">\n<div class=\"page_content_wrapper wide\">\n<div class=\"inner\">\n<div style=\"margin:auto;width:100%\">\n<h2 class=\"ppb_title\" style=\"color:#ffffff;\">G\u00f6nnen Sie sich eine hochwertige Massage<\/h2>\n<div class=\"page_tagline\" style=\"color:#ffffff;\">ERLEBEN SIE ENTSPANNUNG AM EIGENEN K\u00d6RPER \u2013 IM RESTORE STUDIO<\/div>\n<\/div>\n<\/div>\n<\/div>\n<\/div>\n<\/div>\n<div id=\"pricing\" class=\"one ppb_card_two_cols_with_image ppb_pricing_card_with_image\" style=\"position:relative;padding:40px 0 40px 0;margin-top:40px;margin-bottom:40px;\" >\n<div class=\"standard_wrapper\">\n<div class=\"page_content_wrapper wide\">\n<div class=\"inner\">\n<div class=\"one_half parallax_scroll_image\" style=\"width:65%;\">\n<div class=\"image_classic_frame expand\">\n<div class=\"image_wrapper\"><img decoding=\"async\" src=\"https:\/\/restorestudio.sk\/wp-content\/uploads\/2021\/08\/masaze-cennik.jpg\" alt=\"\" class=\"portfolio_img\"\/><\/div>\n<\/div>\n<\/div>\n<div class=\"one_half last parallax_scroll parallax_text\" style=\"width:40%;position:absolute;padding:40px;background:#ffffff;border: 1px solid #ffffff;\" data-stellar-ratio=\"1.3\">\n<h2 class=\"ppb_title\" style=\"color:#333333;\">Preisliste der Fu\u00dfmassage<\/h2>\n<div class=\"line_divider_border theme_border\" style=\"width:50px;\"><\/div>\n<div class=\"line_divider_seperator\"><i class=\"fa fa-leaf skin_color\"><\/i><\/div>\n<div class=\"line_divider_border theme_border\" style=\"width:50px;\"><\/div>\n<div class=\"pricing_wrapper themeborder\">\n<div class=\"pricing_title_wrapper\">50 Minuten<\/div>\n<div class=\"pricing_title_price skin_color\">45.90\u20ac<\/div>\n<\/div>\n<\/div>\n<p><br class=\"clear\"\/><\/div>\n<\/div>\n<\/div>\n<\/div>\n","protected":false},"excerpt":{"rendered":"<p>Fu\u00dfballenmassage Fu\u00dfreflexzonentherapie mit wohltuender Wirkung. Probieren Sie die Fu\u00dfmassage aus und lernen Sie ihre Vorteile kennen Die Fu\u00dfreflexzonenmassage ist eine Technik, bei der eine Reihe von Massagegriffen verwendet werden, die auf die Reflexzonen der Plantar-, Dorsal-, Au\u00dfen- und Innenseite der [&hellip;]<\/p>\n","protected":false},"author":1,"featured_media":0,"parent":4559,"menu_order":0,"comment_status":"closed","ping_status":"closed","template":"","meta":{"ngg_post_thumbnail":0,"footnotes":""},"class_list":["post-4604","page","type-page","status-publish","hentry"],"aioseo_notices":[],"_links":{"self":[{"href":"https:\/\/restorestudio.sk\/de\/wp-json\/wp\/v2\/pages\/4604","targetHints":{"allow":["GET"]}}],"collection":[{"href":"https:\/\/restorestudio.sk\/de\/wp-json\/wp\/v2\/pages"}],"about":[{"href":"https:\/\/restorestudio.sk\/de\/wp-json\/wp\/v2\/types\/page"}],"author":[{"embeddable":true,"href":"https:\/\/restorestudio.sk\/de\/wp-json\/wp\/v2\/users\/1"}],"replies":[{"embeddable":true,"href":"https:\/\/restorestudio.sk\/de\/wp-json\/wp\/v2\/comments?post=4604"}],"version-history":[{"count":6,"href":"https:\/\/restorestudio.sk\/de\/wp-json\/wp\/v2\/pages\/4604\/revisions"}],"predecessor-version":[{"id":4991,"href":"https:\/\/restorestudio.sk\/de\/wp-json\/wp\/v2\/pages\/4604\/revisions\/4991"}],"up":[{"embeddable":true,"href":"https:\/\/restorestudio.sk\/de\/wp-json\/wp\/v2\/pages\/4559"}],"wp:attachment":[{"href":"https:\/\/restorestudio.sk\/de\/wp-json\/wp\/v2\/media?parent=4604"}],"curies":[{"name":"wp","href":"https:\/\/api.w.org\/{rel}","templated":true}]}}