{"id":4596,"date":"2021-08-16T15:15:56","date_gmt":"2021-08-16T15:15:56","guid":{"rendered":"https:\/\/restorestudio.sk\/masaze\/dornova-metoda-a-breussova-masaz\/"},"modified":"2023-04-26T14:56:36","modified_gmt":"2023-04-26T14:56:36","slug":"dorn-methode-breuss-massage","status":"publish","type":"page","link":"https:\/\/restorestudio.sk\/de\/massagen\/dorn-methode-breuss-massage\/","title":{"rendered":"Dorn-Methode und Breuss-Massage"},"content":{"rendered":"<div  class=\"one withsmallpadding ppb_header \" style=\"text-align:center;padding:40px 0 40px 0;margin-top:150px;\" >\n<div class=\"standard_wrapper\">\n<div class=\"page_content_wrapper wide\">\n<div class=\"inner\">\n<div style=\"margin:auto;width:100%\">\n<h2 class=\"ppb_title\" style=\"\">Dorn-Methode und Breuss-Massage<\/h2>\n<div class=\"ppb_header_content\">Sanfte manuelle Therapien f\u00fcr Ihren K\u00f6rper.\n<\/div>\n<\/div>\n<\/div>\n<\/div>\n<\/div>\n<\/div>\n<div  class=\"one ppb_card_two_cols_with_image\" style=\"padding-top:0 !important;position:relative;padding:40px 0 40px 0;margin-top:40px;\" >\n<div class=\"standard_wrapper\">\n<div class=\"page_content_wrapper wide\">\n<div class=\"inner\">\n<div class=\"one_half parallax_scroll parallax_text\" style=\"width:40%;position:absolute;padding:40px;z-index:2;block !important;background:#fff;\" data-stellar-ratio=\"1.3\">\n<h2 class=\"ppb_title\" style=\"\">Versuchen Sie sanfte manuelle Therapien<\/h2>\n<div class=\"ppb_header_content\">\n<p>Die Dorn-Methode und die Breuss-Massage sind zwei eigenst\u00e4ndige Methoden, die sich gegenseitig erg\u00e4nzen und ihre Wirkung vervielfachen. Die Breuss-Massage dient idealerweise als vorbereitende Technik f\u00fcr die Dorn-Methode. Beide werden als wirksame Hilfe bei Schmerzen in der Wirbels\u00e4ule und den Gelenken eingesetzt. Die Breuss-Massage gilt als ideale Vorbeugung vor Wirbels\u00e4ulenerkrankungen und wird in der Praxis nicht nur h\u00e4ufig mit der Dorn-Methode kombiniert, sondern kann auch als Erg\u00e4nzung bei anderen Therapien dienen.<\/p>\n<p><a class=\"TERMIN VEREINBAREN\" href=\"https:\/\/services.bookio.com\/restore-studio\/widget?lang=sk\">TERMIN VEREINBAREN<\/a><\/p>\n<\/div>\n<\/div>\n<div class=\"one_half parallax_scroll_image last\" style=\"width:65%;\">\n<div class=\"image_classic_frame expand\">\n<div class=\"image_wrapper\"><img decoding=\"async\" src=\"https:\/\/restorestudio.sk\/wp-content\/uploads\/2021\/08\/dornova-breussova-masaz.jpg\" alt=\"\" class=\"portfolio_img\"\/><\/div>\n<\/div>\n<\/div>\n<p><br class=\"clear\"\/><\/div>\n<\/div>\n<\/div>\n<\/div>\n<\/div>\n<div class=\"standard_wrapper\">\n<div  class=\"one_third withsmallpadding ppb_text\" style=\"text-align:left;padding:50px 0 50px 0;\" >\n<div class=\"standard_wrapper\">\n<div class=\"page_content_wrapper wide\">\n<div class=\"inner\">\n<div style=\"margin:auto;width:100%\">\n<p><span style=\"font-weight:500;font-size:16px;color:#333;\">Wirkungen der Dorn-Methode<\/span><\/p>\n<p>Als Begr\u00fcnder der Dorn-Methode gilt der Deutsche Dieter Dorn, dessen Ansicht nach eine sitzende Lebensweise zu Fehlbildungen der Wirbels\u00e4ule und des Beckens f\u00fchrt. Bei der Dorn-Methode handelt es sich im Grunde um eine sehr sanfte Korrektur von Gelenken und Wirbeln in die urspr\u00fcngliche Position, und dies unter aktiver Beteiligung des Patienten. Im Vergleich zu einer herk\u00f6mmlichen Chiropraktik-Korrektur ist sie schonender. Sie kann den Kunden von Schmerzen und Beschwerden des Bewegungsapparates befreien oder sogar Manifestationen von Skoliose und Hyperkyphose lindern.<\/p>\n<\/div>\n<\/div>\n<\/div>\n<\/div>\n<\/div>\n<\/div>\n<div class=\"standard_wrapper\">\n<div  class=\"one_third withsmallpadding ppb_text\" style=\"text-align:left;padding:50px 0 50px 0;\" >\n<div class=\"standard_wrapper\">\n<div class=\"page_content_wrapper wide\">\n<div class=\"inner\">\n<div style=\"margin:auto;width:100%\">\n<p><span style=\"font-weight:500;font-size:16px;color:#333;\">Wirkung der Breuss-Massage<\/span><\/p>\n<p>Die Breuss-Massage wurde nach dem \u00f6sterreichischen Heiler Rudolf Breuss benannt. Hierbei handelt es sich um eine manuelle Massage im Wirbels\u00e4ulenbereich, die die Bandscheiben regeneriert. Die Massage erfolgt im Wirbels\u00e4ulenbereich mit verschiedenen Massagegriffe. Bei einer Lockerung des Gewebes k\u00f6nnen schmerzfrei verschobene Brust- und Lendenwirbel korrigiert werden. Eine der Wirkungen der Breuss-Massage ist die Regeneration abgenutzter und beanspruchter Bandscheiben. <\/p>\n<\/div>\n<\/div>\n<\/div>\n<\/div>\n<\/div>\n<\/div>\n<div class=\"standard_wrapper\">\n<div  class=\"one_third last withsmallpadding ppb_text\" style=\"text-align:left;padding:50px 0 50px 0;\" >\n<div class=\"standard_wrapper\">\n<div class=\"page_content_wrapper wide\">\n<div class=\"inner\">\n<div style=\"margin:auto;width:100%\">\n<p><span style=\"font-weight: 500; font-size: 16px; color: #333;\">F\u00fcr wen sind sie geeignet<\/span><\/p>\n<p>Die Dorn-Methode und die Breuss-Massage eignen sich bei: <\/p>\n<ul>\n<li>R\u00fcckenschmerzen\n<li>Kopfschmerzen\n<li>verschobenem Stei\u00dfbein\n<li>Karpaltunnelsyndrom,\n<li>Muskelspannung\n<li>Pr\u00e4vention von Wirbels\u00e4ulenerkrankungen<\/li>\n<\/ul>\n<\/div>\n<\/div>\n<\/div>\n<\/div>\n<\/div>\n<\/div>\n<div  class=\"one withsmallpadding ppb_text\" style=\"text-align:left;padding:40px 0 40px 0;margin-top:-100px;\" >\n<div class=\"standard_wrapper\">\n<div class=\"page_content_wrapper wide\">\n<div class=\"inner\">\n<div style=\"margin:auto;width:100%\">\n<p><span style=\"font-weight:500;font-size:16px;color:#333;\">Medizinische Kontraindikationen<\/span><\/p>\n<p>Zu den Kontraindikationen f\u00fcr die Dorn-Methode z\u00e4hlen Morbus Bechterer, Schwangerschaft, Arthrose im fortgeschrittenen Stadium, operierte Bandscheiben oder eine akute Entz\u00fcndung. Die Breuss-Massage wird ebenfalls nicht f\u00fcr Schwangere, f\u00fcr frische Frakturen und Verletzungen oder bei akuten Ischiasschmerzen empfohlen.<\/p>\n<\/div>\n<\/div>\n<\/div>\n<\/div>\n<\/div>\n<div  class=\"one ppb_boxed_text_button\" style=\"margin-top:40px;margin-bottom:60px;\" >\n<div class=\"ppb_boxed_text_button_wrapper\" style=\"background-color:;\"><a href=\"https:\/\/services.bookio.com\/restore-studio\/widget?lang=sk\" class=\"button\" style=\"background-color:#c6a78b;border-color:#c6a78b;\">Termin vereinbaren<\/a><\/div>\n<\/div>\n<div id=\"news\" class=\"one withsmallpadding ppb_header parallax withbg \" style=\"background-image:url(https:\/\/restorestudio.sk\/wp-content\/uploads\/2021\/08\/masaze-priestory.jpg);background-position: center top;text-align:center;padding:250px 0 250px 0;color:#ffffff;\" >\n<div class=\"overlay_background\" style=\"background:#000000;background:rgb(0,0,0,0.3);background:rgba(0,0,0,0.3);\"><\/div>\n<div class=\"standard_wrapper\">\n<div class=\"page_content_wrapper wide\">\n<div class=\"inner\">\n<div style=\"margin:auto;width:100%\">\n<h2 class=\"ppb_title\" style=\"color:#ffffff;\">G\u00f6nnen Sie sich eine hochwertige Massage<\/h2>\n<div class=\"page_tagline\" style=\"color:#ffffff;\">ERLEBEN SIE ENTSPANNUNG AM EIGENEN K\u00d6RPER \u2013 IM RESTORE STUDIO<\/div>\n<\/div>\n<\/div>\n<\/div>\n<\/div>\n<\/div>\n<div id=\"pricing\" class=\"one ppb_card_two_cols_with_image ppb_pricing_card_with_image\" style=\"position:relative;padding:40px 0 40px 0;margin-top:40px;margin-bottom:40px;\" >\n<div class=\"standard_wrapper\">\n<div class=\"page_content_wrapper wide\">\n<div class=\"inner\">\n<div class=\"one_half parallax_scroll_image\" style=\"width:65%;\">\n<div class=\"image_classic_frame expand\">\n<div class=\"image_wrapper\"><img decoding=\"async\" src=\"https:\/\/restorestudio.sk\/wp-content\/uploads\/2021\/08\/masaze-cennik.jpg\" alt=\"\" class=\"portfolio_img\"\/><\/div>\n<\/div>\n<\/div>\n<div class=\"one_half last parallax_scroll parallax_text\" style=\"width:40%;position:absolute;padding:40px;background:#ffffff;border: 1px solid #ffffff;\" data-stellar-ratio=\"1.3\">\n<h2 class=\"ppb_title\" style=\"color:#333333;\">Preisliste f\u00fcr die Dorn-Methode und Breuss-Massage<\/h2>\n<div class=\"line_divider_border theme_border\" style=\"width:50px;\"><\/div>\n<div class=\"line_divider_seperator\"><i class=\"fa fa-leaf skin_color\"><\/i><\/div>\n<div class=\"line_divider_border theme_border\" style=\"width:50px;\"><\/div>\n<div class=\"pricing_wrapper themeborder\">\n<div class=\"pricing_title_wrapper\">80 Minuten<\/div>\n<div class=\"pricing_title_price skin_color\">65.00\u20ac<\/div>\n<\/div>\n<\/div>\n<p><br class=\"clear\"\/><\/div>\n<\/div>\n<\/div>\n<\/div>\n","protected":false},"excerpt":{"rendered":"<p>Dorn-Methode und Breuss-Massage Sanfte manuelle Therapien f\u00fcr Ihren K\u00f6rper. Versuchen Sie sanfte manuelle Therapien Die Dorn-Methode und die Breuss-Massage sind zwei eigenst\u00e4ndige Methoden, die sich gegenseitig erg\u00e4nzen und ihre Wirkung vervielfachen. Die Breuss-Massage dient idealerweise als vorbereitende Technik f\u00fcr die [&hellip;]<\/p>\n","protected":false},"author":1,"featured_media":0,"parent":4559,"menu_order":0,"comment_status":"closed","ping_status":"closed","template":"","meta":{"ngg_post_thumbnail":0,"footnotes":""},"class_list":["post-4596","page","type-page","status-publish","hentry"],"aioseo_notices":[],"_links":{"self":[{"href":"https:\/\/restorestudio.sk\/de\/wp-json\/wp\/v2\/pages\/4596","targetHints":{"allow":["GET"]}}],"collection":[{"href":"https:\/\/restorestudio.sk\/de\/wp-json\/wp\/v2\/pages"}],"about":[{"href":"https:\/\/restorestudio.sk\/de\/wp-json\/wp\/v2\/types\/page"}],"author":[{"embeddable":true,"href":"https:\/\/restorestudio.sk\/de\/wp-json\/wp\/v2\/users\/1"}],"replies":[{"embeddable":true,"href":"https:\/\/restorestudio.sk\/de\/wp-json\/wp\/v2\/comments?post=4596"}],"version-history":[{"count":7,"href":"https:\/\/restorestudio.sk\/de\/wp-json\/wp\/v2\/pages\/4596\/revisions"}],"predecessor-version":[{"id":4990,"href":"https:\/\/restorestudio.sk\/de\/wp-json\/wp\/v2\/pages\/4596\/revisions\/4990"}],"up":[{"embeddable":true,"href":"https:\/\/restorestudio.sk\/de\/wp-json\/wp\/v2\/pages\/4559"}],"wp:attachment":[{"href":"https:\/\/restorestudio.sk\/de\/wp-json\/wp\/v2\/media?parent=4596"}],"curies":[{"name":"wp","href":"https:\/\/api.w.org\/{rel}","templated":true}]}}