{"id":4564,"date":"2021-10-28T16:32:50","date_gmt":"2021-10-28T16:32:50","guid":{"rendered":"https:\/\/restorestudio.sk\/anticelulitidna-masaz\/"},"modified":"2023-04-26T14:56:19","modified_gmt":"2023-04-26T14:56:19","slug":"anti-cellulite-massage","status":"publish","type":"page","link":"https:\/\/restorestudio.sk\/de\/massagen\/anti-cellulite-massage\/","title":{"rendered":"Anti-Cellulite-Massage"},"content":{"rendered":"<div  class=\"one withsmallpadding ppb_header \" style=\"text-align:center;padding:40px 0 40px 0;margin-top:150px;\" >\n<div class=\"standard_wrapper\">\n<div class=\"page_content_wrapper wide\">\n<div class=\"inner\">\n<div style=\"margin:auto;width:100%\">\n<h2 class=\"ppb_title\" style=\"\">Anti-Cellulite-Massage<\/h2>\n<div class=\"ppb_header_content\">Massage, die im Kampf gegen Cellulite hilft.\n<\/div>\n<\/div>\n<\/div>\n<\/div>\n<\/div>\n<\/div>\n<div id=\"about-us\" class=\"one ppb_card_two_cols_with_image\" style=\"padding-top:0 !important;position:relative;padding:40px 0 40px 0;margin-top:40px;margin-bottom:40px;\" >\n<div class=\"standard_wrapper\">\n<div class=\"page_content_wrapper wide\">\n<div class=\"inner\">\n<div class=\"one_half parallax_scroll parallax_text\" style=\"width:40%;position:absolute;padding:40px;z-index:2;block !important;background:#fff;\" data-stellar-ratio=\"1.3\">\n<h2 class=\"ppb_title\" style=\"\">Probieren Sie die Anti-Cellulite-Massage aus und lernen Sie ihre Vorteile kennen<\/h2>\n<div class=\"ppb_header_content\">\n<p>Die Anti-Cellulite-Massage hilft, die Manifestationen von Cellulite zu verhindern und zu reduzieren, die am h\u00e4ufigsten in Form von Orangenhaut an den Ges\u00e4\u00df- und Oberschenkelmuskeln oder am Bauch auftritt. F\u00fcr noch bessere Effekte und Ergebnisse kombinieren wir die Massage mit einer Torfpackung. Die Anti-Cellulite-Massage st\u00e4rkt das Lymphsystem und hilft, subkutane Fettpolster zu reduzieren.<\/p>\n<p><a class=\"readmore\" href=\"https:\/\/services.bookio.com\/restore-studio\/widget?lang=sk\">TERMIN VEREINBAREN<\/a><\/p>\n<\/div>\n<\/div>\n<div class=\"one_half parallax_scroll_image last\" style=\"width:65%;\">\n<div class=\"image_classic_frame expand\">\n<div class=\"image_wrapper\"><img decoding=\"async\" src=\"https:\/\/restorestudio.sk\/wp-content\/uploads\/2021\/10\/banner-mini-anticelulitidna-masaz.jpg\" alt=\"\" class=\"portfolio_img\"\/><\/div>\n<\/div>\n<\/div>\n<p><br class=\"clear\"\/><\/div>\n<\/div>\n<\/div>\n<\/div>\n<\/div>\n<div class=\"standard_wrapper\">\n<div  class=\"one_third withsmallpadding ppb_text\" style=\"text-align:left;padding:50px 0 50px 0;\" >\n<div class=\"standard_wrapper\">\n<div class=\"page_content_wrapper wide\">\n<div class=\"inner\">\n<div style=\"margin:auto;width:100%\">\n<p><span style=\"font-weight:500;font-size:16px;color:#333;\">Wirkung der Anti-Cellulite-Massage<\/span><\/p>\n<p>Die Massage gegen Cellulite versorgt die Zellen besser mit den erforderlichen N\u00e4hrstoffen und Sauerstoff. Dadurch wird die Haut straffer, glatter und elastischer. Die Massage f\u00f6rdert auch die Ableitung von Abfallprodukten aus Zellen und dem interzellul\u00e4ren Raum. Die Wirkung der Anti-Cellulite-Massage wird durch eine Torfpackung verst\u00e4rkt.<\/p>\n<\/div>\n<\/div>\n<\/div>\n<\/div>\n<\/div>\n<\/div>\n<div class=\"standard_wrapper\">\n<div  class=\"one_third withsmallpadding ppb_text\" style=\"text-align:left;padding:50px 0 50px 0;\" >\n<div class=\"standard_wrapper\">\n<div class=\"page_content_wrapper wide\">\n<div class=\"inner\">\n<div style=\"margin:auto;width:100%\">\n<p><span style=\"font-weight: 500; font-size: 16px; color: #333;\">F\u00fcr wen sie sich eignet<\/span><\/p>\n<p>Eine Anti-Cellulite-Massage ist geeignet, wenn Sie unter folgenden Beschwerden leiden:<\/p>\n<ul>\n<li>Cellulite\n<li>schlaffe Haut<\/li>\n<\/ul>\n<\/div>\n<\/div>\n<\/div>\n<\/div>\n<\/div>\n<\/div>\n<div class=\"standard_wrapper\">\n<div  class=\"one_third last withsmallpadding ppb_text\" style=\"text-align:left;padding:50px 0 50px 0;\" >\n<div class=\"standard_wrapper\">\n<div class=\"page_content_wrapper wide\">\n<div class=\"inner\">\n<div style=\"margin:auto;width:100%\">\n<p><span style=\"font-weight:500;font-size:16px;color:#333;\">Zdravotn\u00e9 kontraindik\u00e1cie<\/span><\/p>\n<p>Ak ste tehotn\u00e1, m\u00e1te cievne ochorenia, k\u0155\u010dov\u00e9 \u017eily alebo bolesti nejasn\u00e9ho p\u00f4vodu, odpor\u00fa\u010dame sa poradi\u0165 s va\u0161im lek\u00e1rom pred absolvovan\u00edm mas\u00e1\u017ee.<\/p>\n<\/div>\n<\/div>\n<\/div>\n<\/div>\n<\/div>\n<\/div>\n<div  class=\"one ppb_boxed_text_button\" style=\"top:-32px;margin-bottom:40px;\" >\n<div class=\"ppb_boxed_text_button_wrapper\" style=\"background-color:;\"><a href=\"https:\/\/services.bookio.com\/restore-studio\/widget?lang=sk\" class=\"button\" style=\"background-color:#c6a78b;border-color:#c6a78b;\">TERMIN VEREINBAREN<\/a><\/div>\n<\/div>\n<div id=\"news\" class=\"one withsmallpadding ppb_header parallax withbg \" style=\"background-image:url(https:\/\/restorestudio.sk\/wp-content\/uploads\/2021\/08\/masaze-priestory.jpg);background-position: center top;text-align:center;padding:250px 0 250px 0;color:#ffffff;\" >\n<div class=\"overlay_background\" style=\"background:#000000;background:rgb(0,0,0,0.3);background:rgba(0,0,0,0.3);\"><\/div>\n<div class=\"standard_wrapper\">\n<div class=\"page_content_wrapper wide\">\n<div class=\"inner\">\n<div style=\"margin:auto;width:100%\">\n<h2 class=\"ppb_title\" style=\"color:#ffffff;\">Medizinische Kontraindikationen<\/h2>\n<div class=\"page_tagline\" style=\"color:#ffffff;\">Wenn Sie schwanger sind, unter Gef\u00e4\u00dferkrankungen, Krampfadern oder Schmerzen unklarer Ursache leiden, empfehlen wir Ihnen, sich vor der Massage mit einem Arzt zu beraten.<\/div>\n<\/div>\n<\/div>\n<\/div>\n<\/div>\n<\/div>\n<div id=\"pricing\" class=\"one ppb_card_two_cols_with_image ppb_pricing_card_with_image\" style=\"position:relative;padding:40px 0 40px 0;margin-top:40px;margin-bottom:40px;\" >\n<div class=\"standard_wrapper\">\n<div class=\"page_content_wrapper wide\">\n<div class=\"inner\">\n<div class=\"one_half parallax_scroll_image\" style=\"width:65%;\">\n<div class=\"image_classic_frame expand\">\n<div class=\"image_wrapper\"><img decoding=\"async\" src=\"https:\/\/restorestudio.sk\/wp-content\/uploads\/2021\/08\/masaze-cennik.jpg\" alt=\"\" class=\"portfolio_img\"\/><\/div>\n<\/div>\n<\/div>\n<div class=\"one_half last parallax_scroll parallax_text\" style=\"width:40%;position:absolute;padding:40px;background:#ffffff;border: 1px solid #ffffff;\" data-stellar-ratio=\"1.3\">\n<h2 class=\"ppb_title\" style=\"color:#333333;\">Preisliste f\u00fcr die Anti-Cellulite-Massage<\/h2>\n<div class=\"line_divider_border theme_border\" style=\"width:50px;\"><\/div>\n<div class=\"line_divider_seperator\"><i class=\"fa fa-leaf skin_color\"><\/i><\/div>\n<div class=\"line_divider_border theme_border\" style=\"width:50px;\"><\/div>\n<div class=\"pricing_wrapper themeborder\">\n<div class=\"pricing_title_wrapper\">80 Minuten<\/div>\n<div class=\"pricing_title_price skin_color\">65.90\u20ac<\/div>\n<\/div>\n<\/div>\n<p><br class=\"clear\"\/><\/div>\n<\/div>\n<\/div>\n<\/div>\n","protected":false},"excerpt":{"rendered":"<p>Anti-Cellulite-Massage Massage, die im Kampf gegen Cellulite hilft. Probieren Sie die Anti-Cellulite-Massage aus und lernen Sie ihre Vorteile kennen Die Anti-Cellulite-Massage hilft, die Manifestationen von Cellulite zu verhindern und zu reduzieren, die am h\u00e4ufigsten in Form von Orangenhaut an den [&hellip;]<\/p>\n","protected":false},"author":1,"featured_media":0,"parent":4559,"menu_order":0,"comment_status":"closed","ping_status":"closed","template":"","meta":{"ngg_post_thumbnail":0,"footnotes":""},"class_list":["post-4564","page","type-page","status-publish","hentry"],"aioseo_notices":[],"_links":{"self":[{"href":"https:\/\/restorestudio.sk\/de\/wp-json\/wp\/v2\/pages\/4564","targetHints":{"allow":["GET"]}}],"collection":[{"href":"https:\/\/restorestudio.sk\/de\/wp-json\/wp\/v2\/pages"}],"about":[{"href":"https:\/\/restorestudio.sk\/de\/wp-json\/wp\/v2\/types\/page"}],"author":[{"embeddable":true,"href":"https:\/\/restorestudio.sk\/de\/wp-json\/wp\/v2\/users\/1"}],"replies":[{"embeddable":true,"href":"https:\/\/restorestudio.sk\/de\/wp-json\/wp\/v2\/comments?post=4564"}],"version-history":[{"count":11,"href":"https:\/\/restorestudio.sk\/de\/wp-json\/wp\/v2\/pages\/4564\/revisions"}],"predecessor-version":[{"id":4989,"href":"https:\/\/restorestudio.sk\/de\/wp-json\/wp\/v2\/pages\/4564\/revisions\/4989"}],"up":[{"embeddable":true,"href":"https:\/\/restorestudio.sk\/de\/wp-json\/wp\/v2\/pages\/4559"}],"wp:attachment":[{"href":"https:\/\/restorestudio.sk\/de\/wp-json\/wp\/v2\/media?parent=4564"}],"curies":[{"name":"wp","href":"https:\/\/api.w.org\/{rel}","templated":true}]}}