{"id":4559,"date":"2017-06-06T10:41:34","date_gmt":"2017-06-06T10:41:34","guid":{"rendered":"https:\/\/restorestudio.sk\/masaze\/"},"modified":"2023-04-24T07:11:19","modified_gmt":"2023-04-24T07:11:19","slug":"massagen","status":"publish","type":"page","link":"https:\/\/restorestudio.sk\/de\/massagen\/","title":{"rendered":"Massagen"},"content":{"rendered":"<div  class=\"one fullwidth \">\n\t\t\t<!-- START Mas\u00e1\u017ee REVOLUTION SLIDER 6.4.11 --><\/p>\n<p class=\"rs-p-wp-fix\">\n<p>\t\t\t<rs-module-wrap id=\"rev_slider_3_1_wrapper\" data-alias=\"home-3-slider\" data-source=\"gallery\" style=\"background:#000000;padding:0;margin:0px auto;margin-top:0;margin-bottom:0;\"><br \/>\n\t\t\t\t<rs-module id=\"rev_slider_3_1\" style=\"\" data-version=\"6.4.11\"><br \/>\n\t\t\t\t\t<rs-slides><br \/>\n\t\t\t\t\t\t<rs-slide data-key=\"rs-25\" data-title=\"Slide\" data-in=\"o:0;\" data-out=\"a:false;\"><br \/>\n\t\t\t\t\t\t\t<img loading=\"lazy\" decoding=\"async\" src=\"\/\/restorestudio.sk\/wp-content\/uploads\/2021\/10\/hero-masazny-salon-masaze.jpg\" alt=\"Pon\u00fakame mas\u00e1\u017ee r\u00f4zneho druhu.\" title=\"Pon\u00fakame mas\u00e1\u017ee r\u00f4zneho druhu.\" width=\"1920\" height=\"800\" class=\"rev-slidebg tp-rs-img\" data-no-retina><br \/>\n<!--\n\t\t\t\t\t\t\t--><rs-layer\n\t\t\t\t\t\t\t\tid=\"slider-3-slide-25-layer-1\" \n\t\t\t\t\t\t\t\tdata-type=\"text\"\n\t\t\t\t\t\t\t\tdata-color=\"#ffffff\"\n\t\t\t\t\t\t\t\tdata-rsp_ch=\"on\"\n\t\t\t\t\t\t\t\tdata-xy=\"x:c;y:c;yo:30px;\"\n\t\t\t\t\t\t\t\tdata-text=\"s:30;l:22;ls:-1px;fw:300;a:inherit;\"\n\t\t\t\t\t\t\t\tdata-frame_0=\"sX:0.8;sY:0.8;blu:10px;\"\n\t\t\t\t\t\t\t\tdata-frame_1=\"e:power4.out;st:1000;sp:1500;sR:1000;\"\n\t\t\t\t\t\t\t\tdata-frame_999=\"o:0;st:w;sp:1500;sR:6500;\"\n\t\t\t\t\t\t\t\tstyle=\"z-index:5;font-family:Encode Sans;\"\n\t\t\t\t\t\t\t>Einzigartiger Ansatz bei der Regeneration und Behandlung zahlreicher Gesundheitsprobleme-<\/p>\n<p>\t\t\t\t\t\t\t<\/rs-layer><!--\n\n\t\t\t\t\t\t\t--><rs-layer\n\t\t\t\t\t\t\t\tid=\"slider-3-slide-25-layer-2\" \n\t\t\t\t\t\t\t\tdata-type=\"text\"\n\t\t\t\t\t\t\t\tdata-color=\"rgba(255, 255, 255, 1)\"\n\t\t\t\t\t\t\t\tdata-rsp_ch=\"on\"\n\t\t\t\t\t\t\t\tdata-xy=\"x:c;y:c;yo:-30px;\"\n\t\t\t\t\t\t\t\tdata-text=\"s:65;l:22;ls:-1px;a:inherit;\"\n\t\t\t\t\t\t\t\tdata-frame_0=\"sX:0.8;sY:0.8;blu:10px;\"\n\t\t\t\t\t\t\t\tdata-frame_1=\"e:power4.out;st:1000;sp:1500;sR:1000;\"\n\t\t\t\t\t\t\t\tdata-frame_999=\"o:0;st:w;sp:1500;sR:6500;\"\n\t\t\t\t\t\t\t\tstyle=\"z-index:6;font-family:Encode Sans;\"\n\t\t\t\t\t\t\t>Exklusive Massagen und Schr\u00f6pfen in Bratislava<\/p>\n<p>\t\t\t\t\t\t\t<\/rs-layer><!--\n-->\t\t\t\t\t\t<\/rs-slide><br \/>\n\t\t\t\t\t<\/rs-slides><br \/>\n\t\t\t\t<\/rs-module><br \/>\n\t\t\t\t<script type=\"text\/javascript\">\n\t\t\t\t\tsetREVStartSize({c: 'rev_slider_3_1',rl:[1240,1024,778,480],el:[800],gw:[1240],gh:[800],type:'standard',justify:'',layout:'fullwidth',mh:\"0\"});\n\t\t\t\t\tvar\trevapi3,\n\t\t\t\t\t\ttpj;\n\t\t\t\t\tfunction revinit_revslider31() {\n\t\t\t\t\tjQuery(function() {\n\t\t\t\t\t\ttpj = jQuery;\n\t\t\t\t\t\trevapi3 = tpj(\"#rev_slider_3_1\");\n\t\t\t\t\t\tif(revapi3==undefined || revapi3.revolution == undefined){\n\t\t\t\t\t\t\trevslider_showDoubleJqueryError(\"rev_slider_3_1\");\n\t\t\t\t\t\t}else{\n\t\t\t\t\t\t\trevapi3.revolution({\n\t\t\t\t\t\t\t\tDPR:\"dpr\",\n\t\t\t\t\t\t\t\tsliderLayout:\"fullwidth\",\n\t\t\t\t\t\t\t\tvisibilityLevels:\"1240,1024,778,480\",\n\t\t\t\t\t\t\t\tgridwidth:1240,\n\t\t\t\t\t\t\t\tgridheight:800,\n\t\t\t\t\t\t\t\tspinner:\"spinner3\",\n\t\t\t\t\t\t\t\tperspective:600,\n\t\t\t\t\t\t\t\tperspectiveType:\"local\",\n\t\t\t\t\t\t\t\teditorheight:\"800,768,960,720\",\n\t\t\t\t\t\t\t\tresponsiveLevels:\"1240,1024,778,480\",\n\t\t\t\t\t\t\t\tprogressBar:{disableProgressBar:true},\n\t\t\t\t\t\t\t\tnavigation: {\n\t\t\t\t\t\t\t\t\tonHoverStop:false\n\t\t\t\t\t\t\t\t},\n\t\t\t\t\t\t\t\tfallbacks: {\n\t\t\t\t\t\t\t\t\tallowHTML5AutoPlayOnAndroid:true\n\t\t\t\t\t\t\t\t},\n\t\t\t\t\t\t\t});\n\t\t\t\t\t\t}<\/p>\n<p>\t\t\t\t\t});\n\t\t\t\t\t} \/\/ End of RevInitScript\n\t\t\t\tvar once_revslider31 = false;\n\t\t\t\tif (document.readyState === \"loading\") {document.addEventListener('readystatechange',function() { if((document.readyState === \"interactive\" || document.readyState === \"complete\") && !once_revslider31 ) { once_revslider31 = true; revinit_revslider31();}});} else {once_revslider31 = true; revinit_revslider31();}\n\t\t\t\t<\/script><\/p>\n<style type=\"text\/css\">#rev_slider_3_1_wrapper rs-loader.spinner3 div{background-color:#efa697 !important}<\/style>\n<p>\t\t\t<\/rs-module-wrap><br \/>\n\t\t\t<!-- END REVOLUTION SLIDER -->\n<\/div>\n<div  class=\"one withsmallpadding ppb_header \" style=\"text-align:center;padding:60px 0 60px 0;\" >\n<div class=\"standard_wrapper\">\n<div class=\"page_content_wrapper wide\">\n<div class=\"inner\">\n<div style=\"margin:auto;width:90%\">\n<h2 class=\"ppb_title\" style=\"\">Unsere Massagen<\/h2>\n<div class=\"ppb_header_content\">Der Massagesalon Restore Studio bietet die Erfahrung von Profis, die f\u00fcr ein hochwertiges Massageerlebnis sorgen. In unserem Angebot finden Sie verschiedene Arten von Massagen, von klassischen, \u00fcber eine tonisierende Sportmassage bis hin zu speziellen Techniken wie<br \/>\nTriggerpunkten, der Dorn-Methode oder der Breuss-Massage. Unser Hauptanliegen ist die Zufriedenheit der Kunden, deshalb sind wir bereit, die besten und hochwertigsten Dienstleistungen zu erbringen, egal, ob Sie bei uns ein gesundheitliches Problem l\u00f6sen oder<br \/>\neinfach nur nach einem schweren Tag entspannen wollen.<\/div>\n<\/div>\n<\/div>\n<\/div>\n<\/div>\n<\/div>\n<div class=\"standard_wrapper\">\n<div class=\"one withsmallpadding ppb_line_divider\"  style=\"text-align:center;padding:0px 0 0px 0;\" >\n<div class=\"page_content_wrapper wide\">\n<div class=\"inner\">\n<div class=\"line_divider_border\" style=\"width:100px;\"><\/div>\n<div class=\"line_divider_seperator\"><i class=\"fa fa-leaf\" style=\"color:#c6a78b;\"><\/i><\/div>\n<div class=\"line_divider_border\" style=\"width:100px;\"><\/div>\n<\/div>\n<\/div>\n<\/div>\n<\/div>\n<div  class=\"one ppb_card_two_cols_with_image\" style=\"position:relative;padding:40px 0 40px 0;\" >\n<div class=\"standard_wrapper\">\n<div class=\"page_content_wrapper wide\">\n<div class=\"inner\">\n<div class=\"one_half parallax_scroll parallax_text\" style=\"width:40%;position:absolute;padding:40px;z-index:2;block !important;background:#fff;\" data-stellar-ratio=\"1.3\">\n<h2 class=\"ppb_title\" style=\"\">Klassische Massage<\/h2>\n<div class=\"ppb_header_content\">\n<p>Die klassische Massage gilt als ausgezeichnetes Heilverfahren und ist die Grundlage aller Massagen. Es wird vor allem aufgrund seiner breiten therapeutischen Wirkung und der gleichzeitig geringen Belastung f\u00fcr den K\u00f6rper genutzt.<\/p>\n<p><a class=\"button\" href=\"https:\/\/restorestudio.sk\/de\/masaze\/klasicka-masaz\/\" target=\"_blank\" rel=\"noopener\">MEHR ERFAHREN<\/a><\/p>\n<\/div>\n<\/div>\n<div class=\"one_half parallax_scroll_image last\" style=\"width:65%;\">\n<div class=\"image_classic_frame expand\">\n<div class=\"image_wrapper\"><img decoding=\"async\" src=\"https:\/\/restorestudio.sk\/wp-content\/uploads\/2021\/08\/klasicka-masaz.jpg\" alt=\"\" class=\"portfolio_img\"\/><\/div>\n<\/div>\n<\/div>\n<p><br class=\"clear\"\/><\/div>\n<\/div>\n<\/div>\n<\/div>\n<\/div>\n<div  class=\"one ppb_card_two_cols_with_image\" style=\"position:relative;padding:40px 0 40px 0;\" >\n<div class=\"standard_wrapper\">\n<div class=\"page_content_wrapper wide\">\n<div class=\"inner\">\n<div class=\"one_half parallax_scroll_image\" style=\"width:65%;\">\n<div class=\"image_classic_frame expand\">\n<div class=\"image_wrapper\"><img decoding=\"async\" src=\"https:\/\/restorestudio.sk\/wp-content\/uploads\/2021\/08\/sportova-masaz.jpg\" alt=\"\" class=\"portfolio_img\"\/><\/div>\n<\/div>\n<\/div>\n<div class=\"one_half last parallax_scroll parallax_text\" style=\"width:40%;position:absolute;padding:40px;background:#fff;\" data-stellar-ratio=\"1.3\">\n<h2 class=\"ppb_title\" style=\"\">Sportmassage<\/h2>\n<div class=\"ppb_header_content\">\n<p>Die Sportmassage ist eine Art der klassischen Massage, bei der die Ber\u00fchrungen, ihre Geschwindigkeit, Intensit\u00e4t und Ordnung an ein bestimmtes Ziel bei der Vorbereitung des Organismus auf sportliche Leistung angepasst werden.<\/p>\n<p><a class=\"button\" href=\"https:\/\/restorestudio.sk\/de\/masaze\/sportova-masaz\/\">MEHR ERFAHREN<\/a><\/p>\n<\/div>\n<\/div>\n<p><br class=\"clear\"\/><\/div>\n<\/div>\n<\/div>\n<\/div>\n<\/div>\n<div  class=\"one ppb_card_two_cols_with_image\" style=\"position:relative;padding:40px 0 40px 0;\" >\n<div class=\"standard_wrapper\">\n<div class=\"page_content_wrapper wide\">\n<div class=\"inner\">\n<div class=\"one_half parallax_scroll parallax_text\" style=\"width:40%;position:absolute;padding:40px;z-index:2;block !important;background:#fff;\" data-stellar-ratio=\"1.3\">\n<h2 class=\"ppb_title\" style=\"\">Schwangerschaftsmassage<\/h2>\n<div class=\"ppb_header_content\">\n<p>Die Schwangerschaftsmassage dient zuk\u00fcnftigen M\u00fcttern und konzentriert sich besonders auf ihre Bed\u00fcrfnisse w\u00e4hrend der Schwangerschaft. Die Massage ist sowohl f\u00fcr Mama als auch f\u00fcr das Baby sicher, wir widmen uns dabei Ihren individuellen Bed\u00fcrfnissen.<\/p>\n<p><a class=\"button\" https:\/\/restorestudio.sk\/de\/tehotenska-masaz\/\">MEHR ERFAHREN<\/a><\/p>\n<\/div>\n<\/div>\n<div class=\"one_half parallax_scroll_image last\" style=\"width:65%;\">\n<div class=\"image_classic_frame expand\">\n<div class=\"image_wrapper\"><img decoding=\"async\" src=\"https:\/\/restorestudio.sk\/wp-content\/uploads\/2021\/10\/banner-mini-tehotenska-masaz.jpg\" alt=\"\" class=\"portfolio_img\"\/><\/div>\n<\/div>\n<\/div>\n<p><br class=\"clear\"\/><\/div>\n<\/div>\n<\/div>\n<\/div>\n<\/div>\n<div  class=\"one ppb_card_two_cols_with_image\" style=\"position:relative;padding:40px 0 40px 0;\" >\n<div class=\"standard_wrapper\">\n<div class=\"page_content_wrapper wide\">\n<div class=\"inner\">\n<div class=\"one_half parallax_scroll_image\" style=\"width:65%;\">\n<div class=\"image_classic_frame expand\">\n<div class=\"image_wrapper\"><img decoding=\"async\" src=\"https:\/\/restorestudio.sk\/wp-content\/uploads\/2021\/10\/banner-mini-anticelulitidna-masaz.jpg\" alt=\"\" class=\"portfolio_img\"\/><\/div>\n<\/div>\n<\/div>\n<div class=\"one_half last parallax_scroll parallax_text\" style=\"width:40%;position:absolute;padding:40px;background:#fff;\" data-stellar-ratio=\"1.3\">\n<h2 class=\"ppb_title\" style=\"\">Anti-Cellulite-Massage<\/h2>\n<div class=\"ppb_header_content\">\n<p>Die Anti-Cellulite-Massage hilft, die Manifestationen von Cellulite zu verhindern und zu reduzieren, die am h\u00e4ufigsten in Form von Orangenhaut an den Ges\u00e4\u00df- und<br \/>\nOberschenkelmuskeln oder am Bauch auftritt.<\/p>\n<p><a class=\"button\" href=\"https:\/\/restorestudio.sk\/de\/anticelulitidna-masaz\/\">MEHR ERFAHREN<\/a><\/p>\n<\/div>\n<\/div>\n<p><br class=\"clear\"\/><\/div>\n<\/div>\n<\/div>\n<\/div>\n<\/div>\n<div  class=\"one ppb_card_two_cols_with_image\" style=\"position:relative;padding:40px 0 40px 0;\" >\n<div class=\"standard_wrapper\">\n<div class=\"page_content_wrapper wide\">\n<div class=\"inner\">\n<div class=\"one_half parallax_scroll parallax_text\" style=\"width:40%;position:absolute;padding:40px;z-index:2;block !important;background:#fff;\" data-stellar-ratio=\"1.3\">\n<h2 class=\"ppb_title\" style=\"\">Myofasziale Massage<\/h2>\n<div class=\"ppb_header_content\">\n<p>Die myofasziale Massage ist eine der speziellen therapeutischen Massagen. Sie l\u00f6st und beseitigt Verspannungen im Gewebe und beinhaltet eine Dehnung und eine sanfte schmerzfreie Massage, die auf die Faszien wirkt.<\/p>\n<p><a class=\"button\" href=\"https:\/\/restorestudio.sk\/de\/masaze\/myofascialna-masaz\/\">MEHR ERFAHREN<\/a><\/p>\n<\/div>\n<\/div>\n<div class=\"one_half parallax_scroll_image last\" style=\"width:65%;\">\n<div class=\"image_classic_frame expand\">\n<div class=\"image_wrapper\"><img decoding=\"async\" src=\"https:\/\/restorestudio.sk\/wp-content\/uploads\/2021\/08\/masaz-myofascialna.jpg\" alt=\"\" class=\"portfolio_img\"\/><\/div>\n<\/div>\n<\/div>\n<p><br class=\"clear\"\/><\/div>\n<\/div>\n<\/div>\n<\/div>\n<\/div>\n<div  class=\"one ppb_card_two_cols_with_image\" style=\"position:relative;padding:40px 0 40px 0;\" >\n<div class=\"standard_wrapper\">\n<div class=\"page_content_wrapper wide\">\n<div class=\"inner\">\n<div class=\"one_half parallax_scroll_image\" style=\"width:65%;\">\n<div class=\"image_classic_frame expand\">\n<div class=\"image_wrapper\"><img decoding=\"async\" src=\"https:\/\/restorestudio.sk\/wp-content\/uploads\/2021\/08\/bankovanie-masaz.jpg\" alt=\"\" class=\"portfolio_img\"\/><\/div>\n<\/div>\n<\/div>\n<div class=\"one_half last parallax_scroll parallax_text\" style=\"width:40%;position:absolute;padding:40px;background:#fff;\" data-stellar-ratio=\"1.3\">\n<h2 class=\"ppb_title\" style=\"\">Schr\u00f6pfen<\/h2>\n<div class=\"ppb_header_content\">\n<p>Das Prinzip des Schr\u00f6pfens beruht auf dem Auflegen spezieller Gef\u00e4\u00dfe mit erw\u00e4rmter Luft auf Problemzonen. Das f\u00f6rdert die Durchblutung, entspannt die Muskeln und lindert Schmerzen des Bewegungsapparats.<\/p>\n<p><a class=\"button\" href=\"https:\/\/restorestudio.sk\/de\/masaze\/bankovanie\/\">MEHR ERFAHREN<\/a><\/p>\n<\/div>\n<\/div>\n<p><br class=\"clear\"\/><\/div>\n<\/div>\n<\/div>\n<\/div>\n<\/div>\n<div  class=\"one ppb_card_two_cols_with_image\" style=\"position:relative;padding:40px 0 40px 0;\" >\n<div class=\"standard_wrapper\">\n<div class=\"page_content_wrapper wide\">\n<div class=\"inner\">\n<div class=\"one_half parallax_scroll parallax_text\" style=\"width:40%;position:absolute;padding:40px;z-index:2;block !important;background:#fff;\" data-stellar-ratio=\"1.3\">\n<h2 class=\"ppb_title\" style=\"\">Dorn-Methode + Breuss-Massage<\/h2>\n<div class=\"ppb_header_content\">\n<p>Die Dorn-Methode und die Breuss-Massage sind zwei eigenst\u00e4ndige Methoden, die sich gegenseitig erg\u00e4nzen und ihre Wirkung vervielfachen. Beide werden als wirksame Hilfe bei Schmerzen in der Wirbels\u00e4ule und den Gelenken eingesetzt.<\/p>\n<p><a href=\"https:\/\/restorestudio.sk\/de\/masaze\/dornova-metoda-a-breussova-masaz\/\" class=\"button\">MEHR ERFAHREN<\/a><\/p>\n<\/div>\n<\/div>\n<div class=\"one_half parallax_scroll_image last\" style=\"width:65%;\">\n<div class=\"image_classic_frame expand\">\n<div class=\"image_wrapper\"><img decoding=\"async\" src=\"https:\/\/restorestudio.sk\/wp-content\/uploads\/2021\/08\/dornova-breussova-masaz.jpg\" alt=\"\" class=\"portfolio_img\"\/><\/div>\n<\/div>\n<\/div>\n<p><br class=\"clear\"\/><\/div>\n<\/div>\n<\/div>\n<\/div>\n<\/div>\n<div  class=\"one ppb_card_two_cols_with_image\" style=\"position:relative;padding:40px 0 40px 0;margin-bottom:40px;\" >\n<div class=\"standard_wrapper\">\n<div class=\"page_content_wrapper wide\">\n<div class=\"inner\">\n<div class=\"one_half parallax_scroll_image\" style=\"width:65%;\">\n<div class=\"image_classic_frame expand\">\n<div class=\"image_wrapper\"><img decoding=\"async\" src=\"https:\/\/restorestudio.sk\/wp-content\/uploads\/2021\/08\/myofascialna-masaz.jpg\" alt=\"\" class=\"portfolio_img\"\/><\/div>\n<\/div>\n<\/div>\n<div class=\"one_half last parallax_scroll parallax_text\" style=\"width:40%;position:absolute;padding:40px;background:#fff;\" data-stellar-ratio=\"1.3\">\n<h2 class=\"ppb_title\" style=\"\">Fu\u00dfballenmassage<\/h2>\n<div class=\"ppb_header_content\">\n<p>Die Fu\u00dfreflexzonenmassage ist eine Technik, bei der eine Reihe von Massagegriffen verwendet werden, die auf die Reflexzonen der Plantar-, Dorsal-, Au\u00dfen- und Innenseite der F\u00fc\u00dfe angewendet werden.<\/p>\n<p><a href=\"https:\/\/restorestudio.sk\/de\/masaze\/masaz-chodidiel\/\" class=\"button\">MEHR ERFAHREN<\/a><\/p>\n<\/div>\n<\/div>\n<p><br class=\"clear\"\/><\/div>\n<\/div>\n<\/div>\n<\/div>\n<\/div>\n<div  class=\"one ppb_card_two_cols_with_image\" style=\"position:relative;padding:40px 0 40px 0;margin-bottom:40px;\" >\n<div class=\"standard_wrapper\">\n<div class=\"page_content_wrapper wide\">\n<div class=\"inner\">\n<div class=\"one_half parallax_scroll parallax_text\" style=\"width:40%;position:absolute;padding:40px;z-index:2;block !important;background:#fff;\" data-stellar-ratio=\"1.3\">\n<h2 class=\"ppb_title\" style=\"\">Massage von Kopf, Nacken und Trapezmuskeln<\/h2>\n<div class=\"ppb_header_content\">\n<p>Die Massage widmet sich den Trapezmuskeln, dem Hals und dem Kopf. Sie hilft dabei, Stress und negative Emotionen zu lindern, die sich im Menschen anstauen. Die Massage erfolgt in einem gleichm\u00e4\u00dfigen Rhythmus, sanfte Bewegungen l\u00f6sen Blockaden und Verspannungen.<\/p>\n<p><a href=\"https:\/\/restorestudio.sk\/de\/masaze\/masaz-hlavy\/\" class=\"button\">MEHR ERFAHREN<\/a><\/p>\n<\/div>\n<\/div>\n<div class=\"one_half parallax_scroll_image last\" style=\"width:65%;\">\n<div class=\"image_classic_frame expand\">\n<div class=\"image_wrapper\"><img decoding=\"async\" src=\"https:\/\/restorestudio.sk\/wp-content\/uploads\/2021\/10\/banner-mini-indicka-masaz-hlavy.jpg\" alt=\"\" class=\"portfolio_img\"\/><\/div>\n<\/div>\n<\/div>\n<p><br class=\"clear\"\/><\/div>\n<\/div>\n<\/div>\n<\/div>\n<\/div>\n<div  class=\"one withsmallpadding ppb_header parallax withbg \" style=\"background-image:url(https:\/\/restorestudio.sk\/wp-content\/uploads\/2021\/08\/masaze-priestory.jpg);background-position: center top;text-align:center;padding:250px 0 250px 0;color:#ffffff;\" >\n<div class=\"standard_wrapper\">\n<div class=\"page_content_wrapper wide\">\n<div class=\"inner\">\n<div style=\"margin:auto;width:100%\">\n<h2 class=\"ppb_title\" style=\"color:#ffffff;\">G\u00f6nnen Sie sich eine hochwertige Massage<\/h2>\n<div class=\"page_tagline\" style=\"color:#ffffff;\">Probieren Sie Massagen, die Ihren K\u00f6rper und Geist entspannen, am eigenen Leib und machen<br \/>\nSie jetzt einen Termin!<\/div>\n<\/div>\n<\/div>\n<\/div>\n<\/div>\n<\/div>\n","protected":false},"excerpt":{"rendered":"<p>Einzigartiger Ansatz bei der Regeneration und Behandlung zahlreicher Gesundheitsprobleme- Exklusive Massagen und Schr\u00f6pfen in Bratislava Unsere Massagen Der Massagesalon Restore Studio bietet die Erfahrung von Profis, die f\u00fcr ein hochwertiges Massageerlebnis sorgen. In unserem Angebot finden Sie verschiedene Arten von [&hellip;]<\/p>\n","protected":false},"author":1,"featured_media":0,"parent":0,"menu_order":0,"comment_status":"closed","ping_status":"closed","template":"","meta":{"ngg_post_thumbnail":0,"footnotes":""},"class_list":["post-4559","page","type-page","status-publish","hentry"],"aioseo_notices":[],"_links":{"self":[{"href":"https:\/\/restorestudio.sk\/de\/wp-json\/wp\/v2\/pages\/4559","targetHints":{"allow":["GET"]}}],"collection":[{"href":"https:\/\/restorestudio.sk\/de\/wp-json\/wp\/v2\/pages"}],"about":[{"href":"https:\/\/restorestudio.sk\/de\/wp-json\/wp\/v2\/types\/page"}],"author":[{"embeddable":true,"href":"https:\/\/restorestudio.sk\/de\/wp-json\/wp\/v2\/users\/1"}],"replies":[{"embeddable":true,"href":"https:\/\/restorestudio.sk\/de\/wp-json\/wp\/v2\/comments?post=4559"}],"version-history":[{"count":15,"href":"https:\/\/restorestudio.sk\/de\/wp-json\/wp\/v2\/pages\/4559\/revisions"}],"predecessor-version":[{"id":4985,"href":"https:\/\/restorestudio.sk\/de\/wp-json\/wp\/v2\/pages\/4559\/revisions\/4985"}],"wp:attachment":[{"href":"https:\/\/restorestudio.sk\/de\/wp-json\/wp\/v2\/media?parent=4559"}],"curies":[{"name":"wp","href":"https:\/\/api.w.org\/{rel}","templated":true}]}}