{"id":4552,"date":"2017-06-12T10:26:14","date_gmt":"2017-06-12T10:26:14","guid":{"rendered":"https:\/\/restorestudio.sk\/klasicka-masaz\/"},"modified":"2023-04-26T14:25:47","modified_gmt":"2023-04-26T14:25:47","slug":"klassische-massage","status":"publish","type":"page","link":"https:\/\/restorestudio.sk\/de\/massagen\/klassische-massage\/","title":{"rendered":"Klassische Massage"},"content":{"rendered":"<div  class=\"one withsmallpadding ppb_header \" style=\"text-align:center;padding:40px 0 40px 0;margin-top:150px;\" >\n<div class=\"standard_wrapper\">\n<div class=\"page_content_wrapper wide\">\n<div class=\"inner\">\n<div style=\"margin:auto;width:100%\">\n<h2 class=\"ppb_title\" style=\"\">Klassische Massage<\/h2>\n<div class=\"ppb_header_content\">Regeneration f\u00fcr K\u00f6rper und Seele.<\/div>\n<\/div>\n<\/div>\n<\/div>\n<\/div>\n<\/div>\n<div id=\"about-us\" class=\"one ppb_card_two_cols_with_image\" style=\"padding-top:0 !important;position:relative;padding:40px 0 40px 0;margin-top:40px;\" >\n<div class=\"standard_wrapper\">\n<div class=\"page_content_wrapper wide\">\n<div class=\"inner\">\n<div class=\"one_half parallax_scroll parallax_text\" style=\"width:40%;position:absolute;padding:40px;z-index:2;block !important;background:#fff;\" data-stellar-ratio=\"1.3\">\n<h2 class=\"ppb_title\" style=\"\">Probieren Sie die klassische Massage aus und lernen Sie ihre Vorteile kennen<\/h2>\n<div class=\"ppb_header_content\">\n<p>Die klassische Massage gilt als ausgezeichnetes Heilverfahren und ist die Grundlage aller Massagen. Es wird vor allem aufgrund seiner breiten therapeutischen Wirkung und der gleichzeitig geringen Belastung f\u00fcr den K\u00f6rper genutzt. Der Masseur f\u00fchrt dabei eine Reihe von Massagegriffen mit heilender oder vorbeugender Wirkung aus. Sie wird auf verschiedene Teile des K\u00f6rpers angewendet. Die klassische Massage wird insbesondere bei Problemen mit dem Bewegungsapparat, posttraumatischen und postoperativen Zust\u00e4nden indiziert.<\/p>\n<p><a class=\"readmore\" href=\"https:\/\/services.bookio.com\/restore-studio\/widget?lang=sk\">Termin vereinbaren<\/a><\/p>\n<\/div>\n<\/div>\n<div class=\"one_half parallax_scroll_image last\" style=\"width:65%;\">\n<div class=\"image_classic_frame expand\">\n<div class=\"image_wrapper\"><img decoding=\"async\" src=\"https:\/\/restorestudio.sk\/wp-content\/uploads\/2021\/08\/klasicka-masaz.jpg\" alt=\"\" class=\"portfolio_img\"\/><\/div>\n<\/div>\n<\/div>\n<p><br class=\"clear\"\/><\/div>\n<\/div>\n<\/div>\n<\/div>\n<\/div>\n<div class=\"standard_wrapper\">\n<div  class=\"one_third withsmallpadding ppb_text\" style=\"text-align:left;padding:50px 0 50px 0;\" >\n<div class=\"standard_wrapper\">\n<div class=\"page_content_wrapper wide\">\n<div class=\"inner\">\n<div style=\"margin:auto;width:100%\">\n<p><span style=\"font-weight:500;font-size:16px;color:#333;\">Wirkung der klassischen Massage<\/span><\/p>\n<p>Zu den positiven Effekten der klassischen Massage z\u00e4hlen die Durchblutung einzelner K\u00f6rperbereiche, die Linderung von Schmerzen oder auch das L\u00f6sen von Muskelverspannungen. Die lokale Wirkung der Massage manifestiert sich im Bereich der Haut, indem verhornte Schichten schneller entfernt werden, sich Hautkapillaren \u00f6ffnen, die Sekretion der Schwei\u00dfdr\u00fcsen zunimmt und eine bessere Versorgung mit N\u00e4hrstoffen erm\u00f6glicht wird. Mit einer klassischen Massage f\u00f6rdern Sie auch das Abklingen von Schwellungen und werden besser schlaffen.<\/p>\n<\/div>\n<\/div>\n<\/div>\n<\/div>\n<\/div>\n<\/div>\n<div class=\"standard_wrapper\">\n<div  class=\"one_third withsmallpadding ppb_text\" style=\"text-align:left;padding:50px 0 50px 0;\" >\n<div class=\"standard_wrapper\">\n<div class=\"page_content_wrapper wide\">\n<div class=\"inner\">\n<div style=\"margin:auto;width:100%\">\n<p><span style=\"font-weight: 500; font-size: 16px; color: #333;\">F\u00fcr wen sie sich eignet<br \/>\n<\/span><\/p>\n<p>Die klassische Massage ist eine geeignete Massageart bei: <\/p>\n<ul>\n<li>Schmerzen in Muskeln, Gelenken und Sehnen\n<li>R\u00fcckenschmerzen\n<li>Kopf- und Nackenschmerzen\n<li>Erkrankungen des Bewegungsapparates\n<li>der Genesung\n<li>einer Beschleunigung von<br \/>\n            Regenerationsprozessen<\/p>\n<li>der Verbesserung von Sport- und<br \/>\n            Arbeitsleistung><\/ul>\n<\/div>\n<\/div>\n<\/div>\n<\/div>\n<\/div>\n<\/div>\n<div class=\"standard_wrapper\">\n<div  class=\"one_third last withsmallpadding ppb_text\" style=\"text-align:left;padding:50px 0 50px 0;\" >\n<div class=\"standard_wrapper\">\n<div class=\"page_content_wrapper wide\">\n<div class=\"inner\">\n<div style=\"margin:auto;width:100%\">\n<p><span style=\"font-weight:500;font-size:16px;color:#333;\">Medizinische Kontraindikationen<br \/>\n<\/span><br \/>\nEine klassische Massage sollten Sie auslassen, wenn Sie sich au\u00dferordentlich m\u00fcde oder ersch\u00f6pft f\u00fchlen, wenn Sie eine Operation der Bauchh\u00f6hle oder des Brustkorbs hinter sich haben, bei Krampfadern an den Beinen, Hautinfektionen oder lokal betroffenen Stellen nach Venenentz\u00fcndungen und Thrombose. Bei Erkrankungen der Wirbels\u00e4ule, insbesondere der Hals- und Lendenwirbels\u00e4ule, konsultieren Sie eine Massage mit Ihrem Arzt.<\/p>\n<\/div>\n<\/div>\n<\/div>\n<\/div>\n<\/div>\n<\/div>\n<div  class=\"one ppb_boxed_text_button\" style=\"top:-32px;margin-bottom:40px;\" >\n<div class=\"ppb_boxed_text_button_wrapper\" style=\"background-color:;\"><a href=\"https:\/\/services.bookio.com\/restore-studio\/widget?lang=sk\" class=\"button\" style=\"background-color:#c6a78b;border-color:#c6a78b;\">TERMIN VEREINBAREN <\/a><\/div>\n<\/div>\n<div id=\"news\" class=\"one withsmallpadding ppb_header parallax withbg \" style=\"background-image:url(https:\/\/restorestudio.sk\/wp-content\/uploads\/2021\/08\/masaze-priestory.jpg);background-position: center top;text-align:center;padding:250px 0 250px 0;color:#ffffff;\" >\n<div class=\"overlay_background\" style=\"background:#000000;background:rgb(0,0,0,0.3);background:rgba(0,0,0,0.3);\"><\/div>\n<div class=\"standard_wrapper\">\n<div class=\"page_content_wrapper wide\">\n<div class=\"inner\">\n<div style=\"margin:auto;width:100%\">\n<h2 class=\"ppb_title\" style=\"color:#ffffff;\">G\u00f6nnen Sie sich eine hochwertige Massage<\/h2>\n<div class=\"page_tagline\" style=\"color:#ffffff;\">ERLEBEN SIE ENTSPANNUNG AM EIGENEN K\u00d6RPER \u2013 IM RESTORE STUDIO<\/div>\n<\/div>\n<\/div>\n<\/div>\n<\/div>\n<\/div>\n<div id=\"pricing\" class=\"one ppb_card_two_cols_with_image ppb_pricing_card_with_image\" style=\"position:relative;padding:40px 0 40px 0;margin-top:40px;margin-bottom:40px;\" >\n<div class=\"standard_wrapper\">\n<div class=\"page_content_wrapper wide\">\n<div class=\"inner\">\n<div class=\"one_half parallax_scroll_image\" style=\"width:65%;\">\n<div class=\"image_classic_frame expand\">\n<div class=\"image_wrapper\"><img decoding=\"async\" src=\"https:\/\/restorestudio.sk\/wp-content\/uploads\/2021\/08\/masaze-cennik.jpg\" alt=\"\" class=\"portfolio_img\"\/><\/div>\n<\/div>\n<\/div>\n<div class=\"one_half last parallax_scroll parallax_text\" style=\"width:40%;position:absolute;padding:40px;background:#ffffff;border: 1px solid #ffffff;\" data-stellar-ratio=\"1.3\">\n<h2 class=\"ppb_title\" style=\"color:#333333;\">Preisliste der klassischen Massage<\/h2>\n<div class=\"line_divider_border theme_border\" style=\"width:50px;\"><\/div>\n<div class=\"line_divider_seperator\"><i class=\"fa fa-leaf skin_color\"><\/i><\/div>\n<div class=\"line_divider_border theme_border\" style=\"width:50px;\"><\/div>\n<div class=\"pricing_wrapper themeborder\">\n<div class=\"pricing_title_wrapper\">80 Minuten<\/div>\n<div class=\"pricing_title_price skin_color\">65.90\u20ac<\/div>\n<\/div>\n<div class=\"pricing_wrapper themeborder\">\n<div class=\"pricing_title_wrapper\">50 Minuten<\/div>\n<div class=\"pricing_title_price skin_color\">45.90\u20ac<\/div>\n<\/div>\n<\/div>\n<p><br class=\"clear\"\/><\/div>\n<\/div>\n<\/div>\n<\/div>\n","protected":false},"excerpt":{"rendered":"<p>Klassische Massage Regeneration f\u00fcr K\u00f6rper und Seele. Probieren Sie die klassische Massage aus und lernen Sie ihre Vorteile kennen Die klassische Massage gilt als ausgezeichnetes Heilverfahren und ist die Grundlage aller Massagen. Es wird vor allem aufgrund seiner breiten therapeutischen [&hellip;]<\/p>\n","protected":false},"author":1,"featured_media":0,"parent":4559,"menu_order":0,"comment_status":"closed","ping_status":"closed","template":"","meta":{"ngg_post_thumbnail":0,"footnotes":""},"class_list":["post-4552","page","type-page","status-publish","hentry"],"aioseo_notices":[],"_links":{"self":[{"href":"https:\/\/restorestudio.sk\/de\/wp-json\/wp\/v2\/pages\/4552","targetHints":{"allow":["GET"]}}],"collection":[{"href":"https:\/\/restorestudio.sk\/de\/wp-json\/wp\/v2\/pages"}],"about":[{"href":"https:\/\/restorestudio.sk\/de\/wp-json\/wp\/v2\/types\/page"}],"author":[{"embeddable":true,"href":"https:\/\/restorestudio.sk\/de\/wp-json\/wp\/v2\/users\/1"}],"replies":[{"embeddable":true,"href":"https:\/\/restorestudio.sk\/de\/wp-json\/wp\/v2\/comments?post=4552"}],"version-history":[{"count":16,"href":"https:\/\/restorestudio.sk\/de\/wp-json\/wp\/v2\/pages\/4552\/revisions"}],"predecessor-version":[{"id":4987,"href":"https:\/\/restorestudio.sk\/de\/wp-json\/wp\/v2\/pages\/4552\/revisions\/4987"}],"up":[{"embeddable":true,"href":"https:\/\/restorestudio.sk\/de\/wp-json\/wp\/v2\/pages\/4559"}],"wp:attachment":[{"href":"https:\/\/restorestudio.sk\/de\/wp-json\/wp\/v2\/media?parent=4552"}],"curies":[{"name":"wp","href":"https:\/\/api.w.org\/{rel}","templated":true}]}}